{"id":155,"date":"2020-08-29T22:45:46","date_gmt":"2020-08-29T20:45:46","guid":{"rendered":"https:\/\/kanuracer.eu\/?page_id=155"},"modified":"2023-04-30T04:37:26","modified_gmt":"2023-04-30T02:37:26","slug":"partition-mit-cmd-loeschen","status":"publish","type":"page","link":"https:\/\/kanuracer.eu\/index.php\/windows\/partition-mit-cmd-loeschen\/","title":{"rendered":"Partition mit CMD l\u00f6schen"},"content":{"rendered":"\n<p><em>\u00d6ffne die Eingabeaufforderung (CMD). Dr\u00fccke daf\u00fcr die Windowstaste + R und tippe<\/em> <code>cmd<\/code> <em>ein.<\/em><br>Tippe nun den Befehl <code>diskpart<\/code> ein.<br><em>Mit<\/em> <code>list disk <\/code><em>k\u00f6nnen wir uns die Festplatten auflisten lassen<\/em>.<br><em>W\u00e4hle nun die richtige Festplatte aus, indem du den Befehl<\/em> <code>select disk<\/code> <em>und die Datentr\u00e4ger-Nummer eingibst.<\/em> (<em>Bsp.:<\/em> <code>select disk 3<\/code>)<br><em>Nun m\u00fcssen wir uns die Partitionen auflisten lassen.<\/em> <br><code>list partition<\/code><br><em>Anschlie\u00dfend w\u00e4hlen wir die richtige Partition aus (Bsp.:<\/em> <code>select partition 3<\/code>)<br><code>select partition<\/code> &#8222;Partitons-Nummer&#8220;<br><em>Nun k\u00f6nnen wir die Partition mit<\/em> <code>delete partition<\/code> <em>l\u00f6schen.<\/em><br><em>Sollte es sich um eine gesch\u00fctzte Partition handeln, musst du den den Befehl forcen:<\/em><br><code>delete partition override<\/code><\/p>\n\n\n\n<p><em>Zuletzt gepr\u00fcft und bearbeitet: <span class=\"last-modified-timestamp\">Apr. 30, 2023 @ 4:37<\/span><\/em><\/p>\n","protected":false},"excerpt":{"rendered":"<p>\u00d6ffne die Eingabeaufforderung (CMD). Dr\u00fccke daf\u00fcr die Windowstaste + R und tippe cmd ein.Tippe nun den Befehl diskpart ein.Mit list disk k\u00f6nnen wir uns die Festplatten auflisten lassen.W\u00e4hle nun die richtige Festplatte aus, indem du den Befehl select disk und die Datentr\u00e4ger-Nummer eingibst. (Bsp.: select disk 3)Nun m\u00fcssen wir uns die Partitionen auflisten lassen. list [&hellip;]<\/p>\n","protected":false},"author":1,"featured_media":0,"parent":26,"menu_order":0,"comment_status":"closed","ping_status":"closed","template":"","meta":{"footnotes":""},"class_list":["post-155","page","type-page","status-publish","hentry"],"yoast_head":"<!-- This site is optimized with the Yoast SEO plugin v27.4 - https:\/\/yoast.com\/product\/yoast-seo-wordpress\/ -->\n<title>Partition mit CMD l\u00f6schen - kanuracer<\/title>\n<meta name=\"robots\" content=\"index, follow, max-snippet:-1, max-image-preview:large, max-video-preview:-1\" \/>\n<link rel=\"canonical\" href=\"https:\/\/kanuracer.eu\/index.php\/windows\/partition-mit-cmd-loeschen\/\" \/>\n<meta property=\"og:locale\" content=\"de_DE\" \/>\n<meta property=\"og:type\" content=\"article\" \/>\n<meta property=\"og:title\" content=\"Partition mit CMD l\u00f6schen - kanuracer\" \/>\n<meta property=\"og:description\" content=\"\u00d6ffne die Eingabeaufforderung (CMD). Dr\u00fccke daf\u00fcr die Windowstaste + R und tippe cmd ein.Tippe nun den Befehl diskpart ein.Mit list disk k\u00f6nnen wir uns die Festplatten auflisten lassen.W\u00e4hle nun die richtige Festplatte aus, indem du den Befehl select disk und die Datentr\u00e4ger-Nummer eingibst. (Bsp.: select disk 3)Nun m\u00fcssen wir uns die Partitionen auflisten lassen. list [&hellip;]\" \/>\n<meta property=\"og:url\" content=\"https:\/\/kanuracer.eu\/index.php\/windows\/partition-mit-cmd-loeschen\/\" \/>\n<meta property=\"og:site_name\" content=\"kanuracer\" \/>\n<meta property=\"article:modified_time\" content=\"2023-04-30T02:37:26+00:00\" \/>\n<meta name=\"twitter:card\" content=\"summary_large_image\" \/>\n<meta name=\"twitter:label1\" content=\"Gesch\u00e4tzte Lesezeit\" \/>\n\t<meta name=\"twitter:data1\" content=\"1\u00a0Minute\" \/>\n<script type=\"application\/ld+json\" class=\"yoast-schema-graph\">{\"@context\":\"https:\\\/\\\/schema.org\",\"@graph\":[{\"@type\":\"WebPage\",\"@id\":\"https:\\\/\\\/kanuracer.eu\\\/index.php\\\/windows\\\/partition-mit-cmd-loeschen\\\/\",\"url\":\"https:\\\/\\\/kanuracer.eu\\\/index.php\\\/windows\\\/partition-mit-cmd-loeschen\\\/\",\"name\":\"Partition mit CMD l\u00f6schen - kanuracer\",\"isPartOf\":{\"@id\":\"https:\\\/\\\/kanuracer.eu\\\/#website\"},\"datePublished\":\"2020-08-29T20:45:46+00:00\",\"dateModified\":\"2023-04-30T02:37:26+00:00\",\"breadcrumb\":{\"@id\":\"https:\\\/\\\/kanuracer.eu\\\/index.php\\\/windows\\\/partition-mit-cmd-loeschen\\\/#breadcrumb\"},\"inLanguage\":\"de\",\"potentialAction\":[{\"@type\":\"ReadAction\",\"target\":[\"https:\\\/\\\/kanuracer.eu\\\/index.php\\\/windows\\\/partition-mit-cmd-loeschen\\\/\"]}]},{\"@type\":\"BreadcrumbList\",\"@id\":\"https:\\\/\\\/kanuracer.eu\\\/index.php\\\/windows\\\/partition-mit-cmd-loeschen\\\/#breadcrumb\",\"itemListElement\":[{\"@type\":\"ListItem\",\"position\":1,\"name\":\"Startseite\",\"item\":\"https:\\\/\\\/kanuracer.eu\\\/\"},{\"@type\":\"ListItem\",\"position\":2,\"name\":\"Windows\",\"item\":\"https:\\\/\\\/kanuracer.eu\\\/index.php\\\/windows\\\/\"},{\"@type\":\"ListItem\",\"position\":3,\"name\":\"Partition mit CMD l\u00f6schen\"}]},{\"@type\":\"WebSite\",\"@id\":\"https:\\\/\\\/kanuracer.eu\\\/#website\",\"url\":\"https:\\\/\\\/kanuracer.eu\\\/\",\"name\":\"kanuracer\",\"description\":\"Games, IT &amp; More\",\"publisher\":{\"@id\":\"https:\\\/\\\/kanuracer.eu\\\/#\\\/schema\\\/person\\\/44cfc12e4d1a361d50c29f61cae0617d\"},\"potentialAction\":[{\"@type\":\"SearchAction\",\"target\":{\"@type\":\"EntryPoint\",\"urlTemplate\":\"https:\\\/\\\/kanuracer.eu\\\/?s={search_term_string}\"},\"query-input\":{\"@type\":\"PropertyValueSpecification\",\"valueRequired\":true,\"valueName\":\"search_term_string\"}}],\"inLanguage\":\"de\"},{\"@type\":[\"Person\",\"Organization\"],\"@id\":\"https:\\\/\\\/kanuracer.eu\\\/#\\\/schema\\\/person\\\/44cfc12e4d1a361d50c29f61cae0617d\",\"name\":\"kanuracer\",\"image\":{\"@type\":\"ImageObject\",\"inLanguage\":\"de\",\"@id\":\"https:\\\/\\\/kanuracer.eu\\\/wp-content\\\/uploads\\\/2020\\\/08\\\/Logo_White_800.png\",\"url\":\"https:\\\/\\\/kanuracer.eu\\\/wp-content\\\/uploads\\\/2020\\\/08\\\/Logo_White_800.png\",\"contentUrl\":\"https:\\\/\\\/kanuracer.eu\\\/wp-content\\\/uploads\\\/2020\\\/08\\\/Logo_White_800.png\",\"width\":800,\"height\":800,\"caption\":\"kanuracer\"},\"logo\":{\"@id\":\"https:\\\/\\\/kanuracer.eu\\\/wp-content\\\/uploads\\\/2020\\\/08\\\/Logo_White_800.png\"},\"sameAs\":[\"https:\\\/\\\/kanuracer.eu\"]}]}<\/script>\n<!-- \/ Yoast SEO plugin. -->","yoast_head_json":{"title":"Partition mit CMD l\u00f6schen - kanuracer","robots":{"index":"index","follow":"follow","max-snippet":"max-snippet:-1","max-image-preview":"max-image-preview:large","max-video-preview":"max-video-preview:-1"},"canonical":"https:\/\/kanuracer.eu\/index.php\/windows\/partition-mit-cmd-loeschen\/","og_locale":"de_DE","og_type":"article","og_title":"Partition mit CMD l\u00f6schen - kanuracer","og_description":"\u00d6ffne die Eingabeaufforderung (CMD). Dr\u00fccke daf\u00fcr die Windowstaste + R und tippe cmd ein.Tippe nun den Befehl diskpart ein.Mit list disk k\u00f6nnen wir uns die Festplatten auflisten lassen.W\u00e4hle nun die richtige Festplatte aus, indem du den Befehl select disk und die Datentr\u00e4ger-Nummer eingibst. (Bsp.: select disk 3)Nun m\u00fcssen wir uns die Partitionen auflisten lassen. list [&hellip;]","og_url":"https:\/\/kanuracer.eu\/index.php\/windows\/partition-mit-cmd-loeschen\/","og_site_name":"kanuracer","article_modified_time":"2023-04-30T02:37:26+00:00","twitter_card":"summary_large_image","twitter_misc":{"Gesch\u00e4tzte Lesezeit":"1\u00a0Minute"},"schema":{"@context":"https:\/\/schema.org","@graph":[{"@type":"WebPage","@id":"https:\/\/kanuracer.eu\/index.php\/windows\/partition-mit-cmd-loeschen\/","url":"https:\/\/kanuracer.eu\/index.php\/windows\/partition-mit-cmd-loeschen\/","name":"Partition mit CMD l\u00f6schen - kanuracer","isPartOf":{"@id":"https:\/\/kanuracer.eu\/#website"},"datePublished":"2020-08-29T20:45:46+00:00","dateModified":"2023-04-30T02:37:26+00:00","breadcrumb":{"@id":"https:\/\/kanuracer.eu\/index.php\/windows\/partition-mit-cmd-loeschen\/#breadcrumb"},"inLanguage":"de","potentialAction":[{"@type":"ReadAction","target":["https:\/\/kanuracer.eu\/index.php\/windows\/partition-mit-cmd-loeschen\/"]}]},{"@type":"BreadcrumbList","@id":"https:\/\/kanuracer.eu\/index.php\/windows\/partition-mit-cmd-loeschen\/#breadcrumb","itemListElement":[{"@type":"ListItem","position":1,"name":"Startseite","item":"https:\/\/kanuracer.eu\/"},{"@type":"ListItem","position":2,"name":"Windows","item":"https:\/\/kanuracer.eu\/index.php\/windows\/"},{"@type":"ListItem","position":3,"name":"Partition mit CMD l\u00f6schen"}]},{"@type":"WebSite","@id":"https:\/\/kanuracer.eu\/#website","url":"https:\/\/kanuracer.eu\/","name":"kanuracer","description":"Games, IT &amp; More","publisher":{"@id":"https:\/\/kanuracer.eu\/#\/schema\/person\/44cfc12e4d1a361d50c29f61cae0617d"},"potentialAction":[{"@type":"SearchAction","target":{"@type":"EntryPoint","urlTemplate":"https:\/\/kanuracer.eu\/?s={search_term_string}"},"query-input":{"@type":"PropertyValueSpecification","valueRequired":true,"valueName":"search_term_string"}}],"inLanguage":"de"},{"@type":["Person","Organization"],"@id":"https:\/\/kanuracer.eu\/#\/schema\/person\/44cfc12e4d1a361d50c29f61cae0617d","name":"kanuracer","image":{"@type":"ImageObject","inLanguage":"de","@id":"https:\/\/kanuracer.eu\/wp-content\/uploads\/2020\/08\/Logo_White_800.png","url":"https:\/\/kanuracer.eu\/wp-content\/uploads\/2020\/08\/Logo_White_800.png","contentUrl":"https:\/\/kanuracer.eu\/wp-content\/uploads\/2020\/08\/Logo_White_800.png","width":800,"height":800,"caption":"kanuracer"},"logo":{"@id":"https:\/\/kanuracer.eu\/wp-content\/uploads\/2020\/08\/Logo_White_800.png"},"sameAs":["https:\/\/kanuracer.eu"]}]}},"_links":{"self":[{"href":"https:\/\/kanuracer.eu\/index.php\/wp-json\/wp\/v2\/pages\/155","targetHints":{"allow":["GET"]}}],"collection":[{"href":"https:\/\/kanuracer.eu\/index.php\/wp-json\/wp\/v2\/pages"}],"about":[{"href":"https:\/\/kanuracer.eu\/index.php\/wp-json\/wp\/v2\/types\/page"}],"author":[{"embeddable":true,"href":"https:\/\/kanuracer.eu\/index.php\/wp-json\/wp\/v2\/users\/1"}],"replies":[{"embeddable":true,"href":"https:\/\/kanuracer.eu\/index.php\/wp-json\/wp\/v2\/comments?post=155"}],"version-history":[{"count":2,"href":"https:\/\/kanuracer.eu\/index.php\/wp-json\/wp\/v2\/pages\/155\/revisions"}],"predecessor-version":[{"id":579,"href":"https:\/\/kanuracer.eu\/index.php\/wp-json\/wp\/v2\/pages\/155\/revisions\/579"}],"up":[{"embeddable":true,"href":"https:\/\/kanuracer.eu\/index.php\/wp-json\/wp\/v2\/pages\/26"}],"wp:attachment":[{"href":"https:\/\/kanuracer.eu\/index.php\/wp-json\/wp\/v2\/media?parent=155"}],"curies":[{"name":"wp","href":"https:\/\/api.w.org\/{rel}","templated":true}]}}