{"id":267,"date":"2021-06-05T18:34:34","date_gmt":"2021-06-05T16:34:34","guid":{"rendered":"https:\/\/kanuracer.eu\/?page_id=267"},"modified":"2023-04-30T04:38:15","modified_gmt":"2023-04-30T02:38:15","slug":"windows-10-sandbox","status":"publish","type":"page","link":"https:\/\/kanuracer.eu\/index.php\/windows\/windows-10-sandbox\/","title":{"rendered":"Windows 10 Sandbox"},"content":{"rendered":"\n<p>Voraussetzung: Windows 10 Professional<br>\u00d6ffne den \u201cAusf\u00fchren\u201d-Dialog, indem du die Tasten \u201cWindows\u201d + \u201cR\u201d dr\u00fcckst.<br>Nun gibst du folgendes ein: <code>optionalfeatures<\/code><\/p>\n\n\n\n<figure class=\"wp-block-image size-large\"><img loading=\"lazy\" decoding=\"async\" width=\"396\" height=\"206\" src=\"https:\/\/kanuracer.eu\/wp-content\/uploads\/2021\/06\/Unbenannt.png\" alt=\"\" class=\"wp-image-268\" srcset=\"https:\/\/kanuracer.eu\/wp-content\/uploads\/2021\/06\/Unbenannt.png 396w, https:\/\/kanuracer.eu\/wp-content\/uploads\/2021\/06\/Unbenannt-300x156.png 300w\" sizes=\"auto, (max-width: 396px) 100vw, 396px\" \/><\/figure>\n\n\n\n<p>Klicke anschlie\u00dfend auf &#8222;Ok&#8220; und es wird sich ein weiteres Fenster \u00f6ffnen.<\/p>\n\n\n\n<figure class=\"wp-block-image size-large\"><img loading=\"lazy\" decoding=\"async\" width=\"414\" height=\"368\" src=\"https:\/\/kanuracer.eu\/wp-content\/uploads\/2021\/06\/image.png\" alt=\"\" class=\"wp-image-269\" srcset=\"https:\/\/kanuracer.eu\/wp-content\/uploads\/2021\/06\/image.png 414w, https:\/\/kanuracer.eu\/wp-content\/uploads\/2021\/06\/image-300x267.png 300w\" sizes=\"auto, (max-width: 414px) 100vw, 414px\" \/><\/figure>\n\n\n\n<p>Scrolle nun nach ganz unten und setz das H\u00e4kchen bei &#8222;Windows-Sandbox&#8220; und best\u00e4tige den Dialog mit Ok.<br>Nur noch den Rechner neu starten und du kannst nun die Sandbox \u00fcber das Startmen\u00fc aufrufen.<\/p>\n\n\n\n<p><em>Zuletzt gepr\u00fcft und bearbeitet: <span class=\"last-modified-timestamp\">Apr. 30, 2023 @ 4:38<\/span><\/em><\/p>\n","protected":false},"excerpt":{"rendered":"<p>Voraussetzung: Windows 10 Professional\u00d6ffne den \u201cAusf\u00fchren\u201d-Dialog, indem du die Tasten \u201cWindows\u201d + \u201cR\u201d dr\u00fcckst.Nun gibst du folgendes ein: optionalfeatures Klicke anschlie\u00dfend auf &#8222;Ok&#8220; und es wird sich ein weiteres Fenster \u00f6ffnen. Scrolle nun nach ganz unten und setz das H\u00e4kchen bei &#8222;Windows-Sandbox&#8220; und best\u00e4tige den Dialog mit Ok.Nur noch den Rechner neu starten und du [&hellip;]<\/p>\n","protected":false},"author":1,"featured_media":0,"parent":26,"menu_order":0,"comment_status":"closed","ping_status":"closed","template":"","meta":{"footnotes":""},"class_list":["post-267","page","type-page","status-publish","hentry"],"yoast_head":"<!-- This site is optimized with the Yoast SEO plugin v27.5 - https:\/\/yoast.com\/product\/yoast-seo-wordpress\/ -->\n<title>Windows 10 Sandbox - kanuracer<\/title>\n<meta name=\"robots\" content=\"index, follow, max-snippet:-1, max-image-preview:large, max-video-preview:-1\" \/>\n<link rel=\"canonical\" href=\"https:\/\/kanuracer.eu\/index.php\/windows\/windows-10-sandbox\/\" \/>\n<meta property=\"og:locale\" content=\"de_DE\" \/>\n<meta property=\"og:type\" content=\"article\" \/>\n<meta property=\"og:title\" content=\"Windows 10 Sandbox - kanuracer\" \/>\n<meta property=\"og:description\" content=\"Voraussetzung: Windows 10 Professional\u00d6ffne den \u201cAusf\u00fchren\u201d-Dialog, indem du die Tasten \u201cWindows\u201d + \u201cR\u201d dr\u00fcckst.Nun gibst du folgendes ein: optionalfeatures Klicke anschlie\u00dfend auf &#8222;Ok&#8220; und es wird sich ein weiteres Fenster \u00f6ffnen. Scrolle nun nach ganz unten und setz das H\u00e4kchen bei &#8222;Windows-Sandbox&#8220; und best\u00e4tige den Dialog mit Ok.Nur noch den Rechner neu starten und du [&hellip;]\" \/>\n<meta property=\"og:url\" content=\"https:\/\/kanuracer.eu\/index.php\/windows\/windows-10-sandbox\/\" \/>\n<meta property=\"og:site_name\" content=\"kanuracer\" \/>\n<meta property=\"article:modified_time\" content=\"2023-04-30T02:38:15+00:00\" \/>\n<meta property=\"og:image\" content=\"https:\/\/kanuracer.eu\/wp-content\/uploads\/2021\/06\/Unbenannt.png\" \/>\n<meta name=\"twitter:card\" content=\"summary_large_image\" \/>\n<script type=\"application\/ld+json\" class=\"yoast-schema-graph\">{\"@context\":\"https:\\\/\\\/schema.org\",\"@graph\":[{\"@type\":\"WebPage\",\"@id\":\"https:\\\/\\\/kanuracer.eu\\\/index.php\\\/windows\\\/windows-10-sandbox\\\/\",\"url\":\"https:\\\/\\\/kanuracer.eu\\\/index.php\\\/windows\\\/windows-10-sandbox\\\/\",\"name\":\"Windows 10 Sandbox - kanuracer\",\"isPartOf\":{\"@id\":\"https:\\\/\\\/kanuracer.eu\\\/#website\"},\"primaryImageOfPage\":{\"@id\":\"https:\\\/\\\/kanuracer.eu\\\/index.php\\\/windows\\\/windows-10-sandbox\\\/#primaryimage\"},\"image\":{\"@id\":\"https:\\\/\\\/kanuracer.eu\\\/index.php\\\/windows\\\/windows-10-sandbox\\\/#primaryimage\"},\"thumbnailUrl\":\"https:\\\/\\\/kanuracer.eu\\\/wp-content\\\/uploads\\\/2021\\\/06\\\/Unbenannt.png\",\"datePublished\":\"2021-06-05T16:34:34+00:00\",\"dateModified\":\"2023-04-30T02:38:15+00:00\",\"breadcrumb\":{\"@id\":\"https:\\\/\\\/kanuracer.eu\\\/index.php\\\/windows\\\/windows-10-sandbox\\\/#breadcrumb\"},\"inLanguage\":\"de\",\"potentialAction\":[{\"@type\":\"ReadAction\",\"target\":[\"https:\\\/\\\/kanuracer.eu\\\/index.php\\\/windows\\\/windows-10-sandbox\\\/\"]}]},{\"@type\":\"ImageObject\",\"inLanguage\":\"de\",\"@id\":\"https:\\\/\\\/kanuracer.eu\\\/index.php\\\/windows\\\/windows-10-sandbox\\\/#primaryimage\",\"url\":\"https:\\\/\\\/kanuracer.eu\\\/wp-content\\\/uploads\\\/2021\\\/06\\\/Unbenannt.png\",\"contentUrl\":\"https:\\\/\\\/kanuracer.eu\\\/wp-content\\\/uploads\\\/2021\\\/06\\\/Unbenannt.png\",\"width\":396,\"height\":206},{\"@type\":\"BreadcrumbList\",\"@id\":\"https:\\\/\\\/kanuracer.eu\\\/index.php\\\/windows\\\/windows-10-sandbox\\\/#breadcrumb\",\"itemListElement\":[{\"@type\":\"ListItem\",\"position\":1,\"name\":\"Startseite\",\"item\":\"https:\\\/\\\/kanuracer.eu\\\/\"},{\"@type\":\"ListItem\",\"position\":2,\"name\":\"Windows\",\"item\":\"https:\\\/\\\/kanuracer.eu\\\/index.php\\\/windows\\\/\"},{\"@type\":\"ListItem\",\"position\":3,\"name\":\"Windows 10 Sandbox\"}]},{\"@type\":\"WebSite\",\"@id\":\"https:\\\/\\\/kanuracer.eu\\\/#website\",\"url\":\"https:\\\/\\\/kanuracer.eu\\\/\",\"name\":\"kanuracer\",\"description\":\"Games, IT &amp; More\",\"publisher\":{\"@id\":\"https:\\\/\\\/kanuracer.eu\\\/#\\\/schema\\\/person\\\/44cfc12e4d1a361d50c29f61cae0617d\"},\"potentialAction\":[{\"@type\":\"SearchAction\",\"target\":{\"@type\":\"EntryPoint\",\"urlTemplate\":\"https:\\\/\\\/kanuracer.eu\\\/?s={search_term_string}\"},\"query-input\":{\"@type\":\"PropertyValueSpecification\",\"valueRequired\":true,\"valueName\":\"search_term_string\"}}],\"inLanguage\":\"de\"},{\"@type\":[\"Person\",\"Organization\"],\"@id\":\"https:\\\/\\\/kanuracer.eu\\\/#\\\/schema\\\/person\\\/44cfc12e4d1a361d50c29f61cae0617d\",\"name\":\"kanuracer\",\"image\":{\"@type\":\"ImageObject\",\"inLanguage\":\"de\",\"@id\":\"https:\\\/\\\/kanuracer.eu\\\/wp-content\\\/uploads\\\/2020\\\/08\\\/Logo_White_800.png\",\"url\":\"https:\\\/\\\/kanuracer.eu\\\/wp-content\\\/uploads\\\/2020\\\/08\\\/Logo_White_800.png\",\"contentUrl\":\"https:\\\/\\\/kanuracer.eu\\\/wp-content\\\/uploads\\\/2020\\\/08\\\/Logo_White_800.png\",\"width\":800,\"height\":800,\"caption\":\"kanuracer\"},\"logo\":{\"@id\":\"https:\\\/\\\/kanuracer.eu\\\/wp-content\\\/uploads\\\/2020\\\/08\\\/Logo_White_800.png\"},\"sameAs\":[\"https:\\\/\\\/kanuracer.eu\"]}]}<\/script>\n<!-- \/ Yoast SEO plugin. -->","yoast_head_json":{"title":"Windows 10 Sandbox - kanuracer","robots":{"index":"index","follow":"follow","max-snippet":"max-snippet:-1","max-image-preview":"max-image-preview:large","max-video-preview":"max-video-preview:-1"},"canonical":"https:\/\/kanuracer.eu\/index.php\/windows\/windows-10-sandbox\/","og_locale":"de_DE","og_type":"article","og_title":"Windows 10 Sandbox - kanuracer","og_description":"Voraussetzung: Windows 10 Professional\u00d6ffne den \u201cAusf\u00fchren\u201d-Dialog, indem du die Tasten \u201cWindows\u201d + \u201cR\u201d dr\u00fcckst.Nun gibst du folgendes ein: optionalfeatures Klicke anschlie\u00dfend auf &#8222;Ok&#8220; und es wird sich ein weiteres Fenster \u00f6ffnen. Scrolle nun nach ganz unten und setz das H\u00e4kchen bei &#8222;Windows-Sandbox&#8220; und best\u00e4tige den Dialog mit Ok.Nur noch den Rechner neu starten und du [&hellip;]","og_url":"https:\/\/kanuracer.eu\/index.php\/windows\/windows-10-sandbox\/","og_site_name":"kanuracer","article_modified_time":"2023-04-30T02:38:15+00:00","og_image":[{"url":"https:\/\/kanuracer.eu\/wp-content\/uploads\/2021\/06\/Unbenannt.png","type":"","width":"","height":""}],"twitter_card":"summary_large_image","schema":{"@context":"https:\/\/schema.org","@graph":[{"@type":"WebPage","@id":"https:\/\/kanuracer.eu\/index.php\/windows\/windows-10-sandbox\/","url":"https:\/\/kanuracer.eu\/index.php\/windows\/windows-10-sandbox\/","name":"Windows 10 Sandbox - kanuracer","isPartOf":{"@id":"https:\/\/kanuracer.eu\/#website"},"primaryImageOfPage":{"@id":"https:\/\/kanuracer.eu\/index.php\/windows\/windows-10-sandbox\/#primaryimage"},"image":{"@id":"https:\/\/kanuracer.eu\/index.php\/windows\/windows-10-sandbox\/#primaryimage"},"thumbnailUrl":"https:\/\/kanuracer.eu\/wp-content\/uploads\/2021\/06\/Unbenannt.png","datePublished":"2021-06-05T16:34:34+00:00","dateModified":"2023-04-30T02:38:15+00:00","breadcrumb":{"@id":"https:\/\/kanuracer.eu\/index.php\/windows\/windows-10-sandbox\/#breadcrumb"},"inLanguage":"de","potentialAction":[{"@type":"ReadAction","target":["https:\/\/kanuracer.eu\/index.php\/windows\/windows-10-sandbox\/"]}]},{"@type":"ImageObject","inLanguage":"de","@id":"https:\/\/kanuracer.eu\/index.php\/windows\/windows-10-sandbox\/#primaryimage","url":"https:\/\/kanuracer.eu\/wp-content\/uploads\/2021\/06\/Unbenannt.png","contentUrl":"https:\/\/kanuracer.eu\/wp-content\/uploads\/2021\/06\/Unbenannt.png","width":396,"height":206},{"@type":"BreadcrumbList","@id":"https:\/\/kanuracer.eu\/index.php\/windows\/windows-10-sandbox\/#breadcrumb","itemListElement":[{"@type":"ListItem","position":1,"name":"Startseite","item":"https:\/\/kanuracer.eu\/"},{"@type":"ListItem","position":2,"name":"Windows","item":"https:\/\/kanuracer.eu\/index.php\/windows\/"},{"@type":"ListItem","position":3,"name":"Windows 10 Sandbox"}]},{"@type":"WebSite","@id":"https:\/\/kanuracer.eu\/#website","url":"https:\/\/kanuracer.eu\/","name":"kanuracer","description":"Games, IT &amp; More","publisher":{"@id":"https:\/\/kanuracer.eu\/#\/schema\/person\/44cfc12e4d1a361d50c29f61cae0617d"},"potentialAction":[{"@type":"SearchAction","target":{"@type":"EntryPoint","urlTemplate":"https:\/\/kanuracer.eu\/?s={search_term_string}"},"query-input":{"@type":"PropertyValueSpecification","valueRequired":true,"valueName":"search_term_string"}}],"inLanguage":"de"},{"@type":["Person","Organization"],"@id":"https:\/\/kanuracer.eu\/#\/schema\/person\/44cfc12e4d1a361d50c29f61cae0617d","name":"kanuracer","image":{"@type":"ImageObject","inLanguage":"de","@id":"https:\/\/kanuracer.eu\/wp-content\/uploads\/2020\/08\/Logo_White_800.png","url":"https:\/\/kanuracer.eu\/wp-content\/uploads\/2020\/08\/Logo_White_800.png","contentUrl":"https:\/\/kanuracer.eu\/wp-content\/uploads\/2020\/08\/Logo_White_800.png","width":800,"height":800,"caption":"kanuracer"},"logo":{"@id":"https:\/\/kanuracer.eu\/wp-content\/uploads\/2020\/08\/Logo_White_800.png"},"sameAs":["https:\/\/kanuracer.eu"]}]}},"_links":{"self":[{"href":"https:\/\/kanuracer.eu\/index.php\/wp-json\/wp\/v2\/pages\/267","targetHints":{"allow":["GET"]}}],"collection":[{"href":"https:\/\/kanuracer.eu\/index.php\/wp-json\/wp\/v2\/pages"}],"about":[{"href":"https:\/\/kanuracer.eu\/index.php\/wp-json\/wp\/v2\/types\/page"}],"author":[{"embeddable":true,"href":"https:\/\/kanuracer.eu\/index.php\/wp-json\/wp\/v2\/users\/1"}],"replies":[{"embeddable":true,"href":"https:\/\/kanuracer.eu\/index.php\/wp-json\/wp\/v2\/comments?post=267"}],"version-history":[{"count":2,"href":"https:\/\/kanuracer.eu\/index.php\/wp-json\/wp\/v2\/pages\/267\/revisions"}],"predecessor-version":[{"id":582,"href":"https:\/\/kanuracer.eu\/index.php\/wp-json\/wp\/v2\/pages\/267\/revisions\/582"}],"up":[{"embeddable":true,"href":"https:\/\/kanuracer.eu\/index.php\/wp-json\/wp\/v2\/pages\/26"}],"wp:attachment":[{"href":"https:\/\/kanuracer.eu\/index.php\/wp-json\/wp\/v2\/media?parent=267"}],"curies":[{"name":"wp","href":"https:\/\/api.w.org\/{rel}","templated":true}]}}