{"id":285,"date":"2021-09-08T07:16:03","date_gmt":"2021-09-08T05:16:03","guid":{"rendered":"https:\/\/kanuracer.eu\/?page_id=285"},"modified":"2023-04-30T04:36:18","modified_gmt":"2023-04-30T02:36:18","slug":"heimdall-dashboard","status":"publish","type":"page","link":"https:\/\/kanuracer.eu\/index.php\/linux\/debian\/heimdall-dashboard\/","title":{"rendered":"Heimdall Dashboard"},"content":{"rendered":"\n<p>Als erstes m\u00fcssen wir die Abh\u00e4ngigkeiten f\u00fcr Heimdall installieren<br><code>apt -y install libapache2-mod-php7.4 php7.4-mbstring php7.4-xml php7.4-common php7.4-sqlite3 php7.4-zip git<\/code><br>Anschlie\u00dfend k\u00f6nnen m\u00fcssen wir einen in \/usr\/share einen neuen Ordner erstellen<br><code>cd \/usr\/share &amp;&amp; mkdir heimdall<br>cd heimdall\/<\/code><br>Nun k\u00f6nnen wir Heimdall herunterladen<br><code>git clone -q <a href=\"https:\/\/github.com\/linuxserver\/Heimdall.git\">https:\/\/github.com\/linuxserver\/Heimdall.git<\/a> \/usr\/share\/heimdall<\/code><br>Wir berechtigen den www-data User auf das Verzeichnis <br><code>chown -R www-data:www-data \/usr\/share\/heimdall\/<\/code><br><code>chmod -R 755 \/usr\/share\/heimdall\/<\/code><br>Damit wir Heimdall auch aufrufen k\u00f6nnen, m\u00fcssen wir noch den Publicordner in unser Webroot verlinken<br><code>ln -s \/usr\/share\/heimdall\/public\/ \/var\/www\/html<\/code><br>Wenn ihr den Ordner umbennen wollt, dann m\u00fcsst ihr einfach in \/var\/www\/html folgenden Befehl ausf\u00fchren<br><code>mv public heimdall<\/code><br><br>Damit das ganze am Ende auch l\u00e4uft, m\u00fcssen wir in \/usr\/share\/heimdall noch folgende Befehle ausf\u00fchren<br><code>cp .env.example .env &amp;&amp; php artisan key:generate<\/code><br>Danach m\u00fcsst ihr noch den dev Server starten, damit ihr auch das Dashboard bearbeiten k\u00f6nnt<br><code>php artisan serve --host 0.0.0.0<\/code><br>Unter <code>http:\/\/ip-oder-domain:8000<\/code> k\u00f6nnt ihr nun das Dashboard nach euren W\u00fcnschen anpassen <\/p>\n\n\n\n<p><em>Zuletzt gepr\u00fcft und bearbeitet: <span class=\"last-modified-timestamp\">Apr. 30, 2023 @ 4:36<\/span><\/em><br><\/p>\n","protected":false},"excerpt":{"rendered":"<p>Als erstes m\u00fcssen wir die Abh\u00e4ngigkeiten f\u00fcr Heimdall installierenapt -y install libapache2-mod-php7.4 php7.4-mbstring php7.4-xml php7.4-common php7.4-sqlite3 php7.4-zip gitAnschlie\u00dfend k\u00f6nnen m\u00fcssen wir einen in \/usr\/share einen neuen Ordner erstellencd \/usr\/share &amp;&amp; mkdir heimdallcd heimdall\/Nun k\u00f6nnen wir Heimdall herunterladengit clone -q https:\/\/github.com\/linuxserver\/Heimdall.git \/usr\/share\/heimdallWir berechtigen den www-data User auf das Verzeichnis chown -R www-data:www-data \/usr\/share\/heimdall\/chmod -R 755 \/usr\/share\/heimdall\/Damit [&hellip;]<\/p>\n","protected":false},"author":1,"featured_media":0,"parent":24,"menu_order":0,"comment_status":"closed","ping_status":"closed","template":"","meta":{"footnotes":""},"class_list":["post-285","page","type-page","status-publish","hentry"],"yoast_head":"<!-- This site is optimized with the Yoast SEO plugin v27.5 - https:\/\/yoast.com\/product\/yoast-seo-wordpress\/ -->\n<title>Heimdall Dashboard - kanuracer<\/title>\n<meta name=\"robots\" content=\"index, follow, max-snippet:-1, max-image-preview:large, max-video-preview:-1\" \/>\n<link rel=\"canonical\" href=\"https:\/\/kanuracer.eu\/index.php\/linux\/debian\/heimdall-dashboard\/\" \/>\n<meta property=\"og:locale\" content=\"de_DE\" \/>\n<meta property=\"og:type\" content=\"article\" \/>\n<meta property=\"og:title\" content=\"Heimdall Dashboard - kanuracer\" \/>\n<meta property=\"og:description\" content=\"Als erstes m\u00fcssen wir die Abh\u00e4ngigkeiten f\u00fcr Heimdall installierenapt -y install libapache2-mod-php7.4 php7.4-mbstring php7.4-xml php7.4-common php7.4-sqlite3 php7.4-zip gitAnschlie\u00dfend k\u00f6nnen m\u00fcssen wir einen in \/usr\/share einen neuen Ordner erstellencd \/usr\/share &amp;&amp; mkdir heimdallcd heimdall\/Nun k\u00f6nnen wir Heimdall herunterladengit clone -q https:\/\/github.com\/linuxserver\/Heimdall.git \/usr\/share\/heimdallWir berechtigen den www-data User auf das Verzeichnis chown -R www-data:www-data \/usr\/share\/heimdall\/chmod -R 755 \/usr\/share\/heimdall\/Damit [&hellip;]\" \/>\n<meta property=\"og:url\" content=\"https:\/\/kanuracer.eu\/index.php\/linux\/debian\/heimdall-dashboard\/\" \/>\n<meta property=\"og:site_name\" content=\"kanuracer\" \/>\n<meta property=\"article:modified_time\" content=\"2023-04-30T02:36:18+00:00\" \/>\n<meta name=\"twitter:card\" content=\"summary_large_image\" \/>\n<meta name=\"twitter:label1\" content=\"Gesch\u00e4tzte Lesezeit\" \/>\n\t<meta name=\"twitter:data1\" content=\"1\u00a0Minute\" \/>\n<script type=\"application\/ld+json\" class=\"yoast-schema-graph\">{\"@context\":\"https:\\\/\\\/schema.org\",\"@graph\":[{\"@type\":\"WebPage\",\"@id\":\"https:\\\/\\\/kanuracer.eu\\\/index.php\\\/linux\\\/debian\\\/heimdall-dashboard\\\/\",\"url\":\"https:\\\/\\\/kanuracer.eu\\\/index.php\\\/linux\\\/debian\\\/heimdall-dashboard\\\/\",\"name\":\"Heimdall Dashboard - kanuracer\",\"isPartOf\":{\"@id\":\"https:\\\/\\\/kanuracer.eu\\\/#website\"},\"datePublished\":\"2021-09-08T05:16:03+00:00\",\"dateModified\":\"2023-04-30T02:36:18+00:00\",\"breadcrumb\":{\"@id\":\"https:\\\/\\\/kanuracer.eu\\\/index.php\\\/linux\\\/debian\\\/heimdall-dashboard\\\/#breadcrumb\"},\"inLanguage\":\"de\",\"potentialAction\":[{\"@type\":\"ReadAction\",\"target\":[\"https:\\\/\\\/kanuracer.eu\\\/index.php\\\/linux\\\/debian\\\/heimdall-dashboard\\\/\"]}]},{\"@type\":\"BreadcrumbList\",\"@id\":\"https:\\\/\\\/kanuracer.eu\\\/index.php\\\/linux\\\/debian\\\/heimdall-dashboard\\\/#breadcrumb\",\"itemListElement\":[{\"@type\":\"ListItem\",\"position\":1,\"name\":\"Startseite\",\"item\":\"https:\\\/\\\/kanuracer.eu\\\/\"},{\"@type\":\"ListItem\",\"position\":2,\"name\":\"Linux\",\"item\":\"https:\\\/\\\/kanuracer.eu\\\/index.php\\\/linux\\\/\"},{\"@type\":\"ListItem\",\"position\":3,\"name\":\"Debian\",\"item\":\"https:\\\/\\\/kanuracer.eu\\\/index.php\\\/linux\\\/debian\\\/\"},{\"@type\":\"ListItem\",\"position\":4,\"name\":\"Heimdall Dashboard\"}]},{\"@type\":\"WebSite\",\"@id\":\"https:\\\/\\\/kanuracer.eu\\\/#website\",\"url\":\"https:\\\/\\\/kanuracer.eu\\\/\",\"name\":\"kanuracer\",\"description\":\"Games, IT &amp; More\",\"publisher\":{\"@id\":\"https:\\\/\\\/kanuracer.eu\\\/#\\\/schema\\\/person\\\/44cfc12e4d1a361d50c29f61cae0617d\"},\"potentialAction\":[{\"@type\":\"SearchAction\",\"target\":{\"@type\":\"EntryPoint\",\"urlTemplate\":\"https:\\\/\\\/kanuracer.eu\\\/?s={search_term_string}\"},\"query-input\":{\"@type\":\"PropertyValueSpecification\",\"valueRequired\":true,\"valueName\":\"search_term_string\"}}],\"inLanguage\":\"de\"},{\"@type\":[\"Person\",\"Organization\"],\"@id\":\"https:\\\/\\\/kanuracer.eu\\\/#\\\/schema\\\/person\\\/44cfc12e4d1a361d50c29f61cae0617d\",\"name\":\"kanuracer\",\"image\":{\"@type\":\"ImageObject\",\"inLanguage\":\"de\",\"@id\":\"https:\\\/\\\/kanuracer.eu\\\/wp-content\\\/uploads\\\/2020\\\/08\\\/Logo_White_800.png\",\"url\":\"https:\\\/\\\/kanuracer.eu\\\/wp-content\\\/uploads\\\/2020\\\/08\\\/Logo_White_800.png\",\"contentUrl\":\"https:\\\/\\\/kanuracer.eu\\\/wp-content\\\/uploads\\\/2020\\\/08\\\/Logo_White_800.png\",\"width\":800,\"height\":800,\"caption\":\"kanuracer\"},\"logo\":{\"@id\":\"https:\\\/\\\/kanuracer.eu\\\/wp-content\\\/uploads\\\/2020\\\/08\\\/Logo_White_800.png\"},\"sameAs\":[\"https:\\\/\\\/kanuracer.eu\"]}]}<\/script>\n<!-- \/ Yoast SEO plugin. -->","yoast_head_json":{"title":"Heimdall Dashboard - kanuracer","robots":{"index":"index","follow":"follow","max-snippet":"max-snippet:-1","max-image-preview":"max-image-preview:large","max-video-preview":"max-video-preview:-1"},"canonical":"https:\/\/kanuracer.eu\/index.php\/linux\/debian\/heimdall-dashboard\/","og_locale":"de_DE","og_type":"article","og_title":"Heimdall Dashboard - kanuracer","og_description":"Als erstes m\u00fcssen wir die Abh\u00e4ngigkeiten f\u00fcr Heimdall installierenapt -y install libapache2-mod-php7.4 php7.4-mbstring php7.4-xml php7.4-common php7.4-sqlite3 php7.4-zip gitAnschlie\u00dfend k\u00f6nnen m\u00fcssen wir einen in \/usr\/share einen neuen Ordner erstellencd \/usr\/share &amp;&amp; mkdir heimdallcd heimdall\/Nun k\u00f6nnen wir Heimdall herunterladengit clone -q https:\/\/github.com\/linuxserver\/Heimdall.git \/usr\/share\/heimdallWir berechtigen den www-data User auf das Verzeichnis chown -R www-data:www-data \/usr\/share\/heimdall\/chmod -R 755 \/usr\/share\/heimdall\/Damit [&hellip;]","og_url":"https:\/\/kanuracer.eu\/index.php\/linux\/debian\/heimdall-dashboard\/","og_site_name":"kanuracer","article_modified_time":"2023-04-30T02:36:18+00:00","twitter_card":"summary_large_image","twitter_misc":{"Gesch\u00e4tzte Lesezeit":"1\u00a0Minute"},"schema":{"@context":"https:\/\/schema.org","@graph":[{"@type":"WebPage","@id":"https:\/\/kanuracer.eu\/index.php\/linux\/debian\/heimdall-dashboard\/","url":"https:\/\/kanuracer.eu\/index.php\/linux\/debian\/heimdall-dashboard\/","name":"Heimdall Dashboard - kanuracer","isPartOf":{"@id":"https:\/\/kanuracer.eu\/#website"},"datePublished":"2021-09-08T05:16:03+00:00","dateModified":"2023-04-30T02:36:18+00:00","breadcrumb":{"@id":"https:\/\/kanuracer.eu\/index.php\/linux\/debian\/heimdall-dashboard\/#breadcrumb"},"inLanguage":"de","potentialAction":[{"@type":"ReadAction","target":["https:\/\/kanuracer.eu\/index.php\/linux\/debian\/heimdall-dashboard\/"]}]},{"@type":"BreadcrumbList","@id":"https:\/\/kanuracer.eu\/index.php\/linux\/debian\/heimdall-dashboard\/#breadcrumb","itemListElement":[{"@type":"ListItem","position":1,"name":"Startseite","item":"https:\/\/kanuracer.eu\/"},{"@type":"ListItem","position":2,"name":"Linux","item":"https:\/\/kanuracer.eu\/index.php\/linux\/"},{"@type":"ListItem","position":3,"name":"Debian","item":"https:\/\/kanuracer.eu\/index.php\/linux\/debian\/"},{"@type":"ListItem","position":4,"name":"Heimdall Dashboard"}]},{"@type":"WebSite","@id":"https:\/\/kanuracer.eu\/#website","url":"https:\/\/kanuracer.eu\/","name":"kanuracer","description":"Games, IT &amp; More","publisher":{"@id":"https:\/\/kanuracer.eu\/#\/schema\/person\/44cfc12e4d1a361d50c29f61cae0617d"},"potentialAction":[{"@type":"SearchAction","target":{"@type":"EntryPoint","urlTemplate":"https:\/\/kanuracer.eu\/?s={search_term_string}"},"query-input":{"@type":"PropertyValueSpecification","valueRequired":true,"valueName":"search_term_string"}}],"inLanguage":"de"},{"@type":["Person","Organization"],"@id":"https:\/\/kanuracer.eu\/#\/schema\/person\/44cfc12e4d1a361d50c29f61cae0617d","name":"kanuracer","image":{"@type":"ImageObject","inLanguage":"de","@id":"https:\/\/kanuracer.eu\/wp-content\/uploads\/2020\/08\/Logo_White_800.png","url":"https:\/\/kanuracer.eu\/wp-content\/uploads\/2020\/08\/Logo_White_800.png","contentUrl":"https:\/\/kanuracer.eu\/wp-content\/uploads\/2020\/08\/Logo_White_800.png","width":800,"height":800,"caption":"kanuracer"},"logo":{"@id":"https:\/\/kanuracer.eu\/wp-content\/uploads\/2020\/08\/Logo_White_800.png"},"sameAs":["https:\/\/kanuracer.eu"]}]}},"_links":{"self":[{"href":"https:\/\/kanuracer.eu\/index.php\/wp-json\/wp\/v2\/pages\/285","targetHints":{"allow":["GET"]}}],"collection":[{"href":"https:\/\/kanuracer.eu\/index.php\/wp-json\/wp\/v2\/pages"}],"about":[{"href":"https:\/\/kanuracer.eu\/index.php\/wp-json\/wp\/v2\/types\/page"}],"author":[{"embeddable":true,"href":"https:\/\/kanuracer.eu\/index.php\/wp-json\/wp\/v2\/users\/1"}],"replies":[{"embeddable":true,"href":"https:\/\/kanuracer.eu\/index.php\/wp-json\/wp\/v2\/comments?post=285"}],"version-history":[{"count":2,"href":"https:\/\/kanuracer.eu\/index.php\/wp-json\/wp\/v2\/pages\/285\/revisions"}],"predecessor-version":[{"id":574,"href":"https:\/\/kanuracer.eu\/index.php\/wp-json\/wp\/v2\/pages\/285\/revisions\/574"}],"up":[{"embeddable":true,"href":"https:\/\/kanuracer.eu\/index.php\/wp-json\/wp\/v2\/pages\/24"}],"wp:attachment":[{"href":"https:\/\/kanuracer.eu\/index.php\/wp-json\/wp\/v2\/media?parent=285"}],"curies":[{"name":"wp","href":"https:\/\/api.w.org\/{rel}","templated":true}]}}