{"id":308,"date":"2021-12-07T16:22:25","date_gmt":"2021-12-07T15:22:25","guid":{"rendered":"https:\/\/kanuracer.eu\/?page_id=308"},"modified":"2025-07-30T20:55:56","modified_gmt":"2025-07-30T18:55:56","slug":"ender-3-bl-touch-upgrade","status":"publish","type":"page","link":"https:\/\/kanuracer.eu\/index.php\/ender-3-bl-touch-upgrade\/","title":{"rendered":"Ender 3 BL-Touch Upgrade"},"content":{"rendered":"\n<p>Da ich einige Probleme mit meinen Druckbett hatte (Unebenheiten durch das Heizbett), habe ich mir ein  <a href=\"https:\/\/www.amazon.de\/MMOBIEL-Automatischer-Bettnivellierungssensor-Kit-V3-1\/dp\/B09HQX5SSB\/ref=sr_1_29?__mk_de_DE=%C3%85M%C3%85%C5%BD%C3%95%C3%91&amp;crid=2EZ0O2JYCPB1B&amp;keywords=ender+3+bltouch&amp;qid=1690452203&amp;s=industrial&amp;sprefix=ender+3+bltouch%2Cindustrial%2C121&amp;sr=1-29\" target=\"_blank\" rel=\"noreferrer noopener\">BL-Touch<\/a> besorgt. <br>Den Einbau habe ich ganz einfach nach beiliegender Anleitung durchgef\u00fchrt..<br>Wenn ihr meine Firmware nutzen wollt, m\u00fcsst ihr euren BL-Touch wie folgt anschlie\u00dfen:<\/p>\n\n\n\n<figure class=\"wp-block-image size-full is-resized\"><img loading=\"lazy\" decoding=\"async\" width=\"826\" height=\"874\" src=\"https:\/\/kanuracer.eu\/wp-content\/uploads\/2023\/07\/Bildschirmfoto-2023-07-27-um-12.06.22.png\" alt=\"\" class=\"wp-image-770\" style=\"width:321px;height:340px\" srcset=\"https:\/\/kanuracer.eu\/wp-content\/uploads\/2023\/07\/Bildschirmfoto-2023-07-27-um-12.06.22.png 826w, https:\/\/kanuracer.eu\/wp-content\/uploads\/2023\/07\/Bildschirmfoto-2023-07-27-um-12.06.22-284x300.png 284w, https:\/\/kanuracer.eu\/wp-content\/uploads\/2023\/07\/Bildschirmfoto-2023-07-27-um-12.06.22-768x813.png 768w\" sizes=\"auto, (max-width: 826px) 100vw, 826px\" \/><figcaption class=\"wp-element-caption\">Quelle: <a href=\"https:\/\/www.creality3dofficial.com\/de\/products\/creality-bl-touch\">https:\/\/www.creality3dofficial.com\/de\/products\/creality-bl-touch<\/a><\/figcaption><\/figure>\n\n\n\n<p><br>Nach dem Einbau, m\u00fcsst ihr eure Firmware anpassen. Daf\u00fcr k\u00f6nnt ihr die Firmware von Creality herunterladen. Die Firmware hatte bei mir allerdings Fehler verursacht (beim Homing rammte sich die Nozzle ins Druckbett). Deshalb habe ich mir eine eigene Marlin Firmware gebastelt. Diese k\u00f6nnt ihr hier herunterladen:<\/p>\n\n\n\n<p><a href=\"https:\/\/download.kanuracer.eu\/firmware-20211207-025359.bin\">Marlin 2.0.X Bugfix Creality v4.2.2 En<\/a><a href=\"https:\/\/github.com\/kanuracer\/Configurations\/tree\/import-2.1.x\/config\/examples\/Creality\/Ender-3%20Pro\/bin%20Firmare\/v4.2.2\" target=\"_blank\" rel=\"noreferrer noopener\">der 3<\/a><br><a href=\"https:\/\/github.com\/kanuracer\/Configurations\/tree\/import-2.1.x\/config\/examples\/Creality\/Ender-3%20Pro\/bin%20Firmare\/v4.2.7\" target=\"_blank\" rel=\"noreferrer noopener\">Marlin 2.0.X Bugfix Creality v4.2.7 Ender 3<\/a><\/p>\n\n\n\n<p><\/p>\n\n\n\n<p><em>Zuletzt gepr\u00fcft und bearbeitet: <span class=\"last-modified-timestamp\">Juli 30, 2025 @ 20:55<\/span><\/em><\/p>\n","protected":false},"excerpt":{"rendered":"<p>Da ich einige Probleme mit meinen Druckbett hatte (Unebenheiten durch das Heizbett), habe ich mir ein BL-Touch besorgt. Den Einbau habe ich ganz einfach nach beiliegender Anleitung durchgef\u00fchrt..Wenn ihr meine Firmware nutzen wollt, m\u00fcsst ihr euren BL-Touch wie folgt anschlie\u00dfen: Nach dem Einbau, m\u00fcsst ihr eure Firmware anpassen. Daf\u00fcr k\u00f6nnt ihr die Firmware von Creality [&hellip;]<\/p>\n","protected":false},"author":1,"featured_media":0,"parent":0,"menu_order":0,"comment_status":"closed","ping_status":"closed","template":"","meta":{"footnotes":""},"class_list":["post-308","page","type-page","status-publish","hentry"],"yoast_head":"<!-- This site is optimized with the Yoast SEO plugin v27.6 - https:\/\/yoast.com\/product\/yoast-seo-wordpress\/ -->\n<title>Ender 3 BL-Touch Upgrade - kanuracer<\/title>\n<meta name=\"robots\" content=\"index, follow, max-snippet:-1, max-image-preview:large, max-video-preview:-1\" \/>\n<link rel=\"canonical\" href=\"https:\/\/kanuracer.eu\/index.php\/ender-3-bl-touch-upgrade\/\" \/>\n<meta property=\"og:locale\" content=\"de_DE\" \/>\n<meta property=\"og:type\" content=\"article\" \/>\n<meta property=\"og:title\" content=\"Ender 3 BL-Touch Upgrade - kanuracer\" \/>\n<meta property=\"og:description\" content=\"Da ich einige Probleme mit meinen Druckbett hatte (Unebenheiten durch das Heizbett), habe ich mir ein BL-Touch besorgt. Den Einbau habe ich ganz einfach nach beiliegender Anleitung durchgef\u00fchrt..Wenn ihr meine Firmware nutzen wollt, m\u00fcsst ihr euren BL-Touch wie folgt anschlie\u00dfen: Nach dem Einbau, m\u00fcsst ihr eure Firmware anpassen. Daf\u00fcr k\u00f6nnt ihr die Firmware von Creality [&hellip;]\" \/>\n<meta property=\"og:url\" content=\"https:\/\/kanuracer.eu\/index.php\/ender-3-bl-touch-upgrade\/\" \/>\n<meta property=\"og:site_name\" content=\"kanuracer\" \/>\n<meta property=\"article:modified_time\" content=\"2025-07-30T18:55:56+00:00\" \/>\n<meta property=\"og:image\" content=\"https:\/\/kanuracer.eu\/wp-content\/uploads\/2023\/07\/Bildschirmfoto-2023-07-27-um-12.06.22.png\" \/>\n\t<meta property=\"og:image:width\" content=\"826\" \/>\n\t<meta property=\"og:image:height\" content=\"874\" \/>\n\t<meta property=\"og:image:type\" content=\"image\/png\" \/>\n<meta name=\"twitter:card\" content=\"summary_large_image\" \/>\n<meta name=\"twitter:label1\" content=\"Gesch\u00e4tzte Lesezeit\" \/>\n\t<meta name=\"twitter:data1\" content=\"1\u00a0Minute\" \/>\n<script type=\"application\/ld+json\" class=\"yoast-schema-graph\">{\"@context\":\"https:\\\/\\\/schema.org\",\"@graph\":[{\"@type\":\"WebPage\",\"@id\":\"https:\\\/\\\/kanuracer.eu\\\/index.php\\\/ender-3-bl-touch-upgrade\\\/\",\"url\":\"https:\\\/\\\/kanuracer.eu\\\/index.php\\\/ender-3-bl-touch-upgrade\\\/\",\"name\":\"Ender 3 BL-Touch Upgrade - kanuracer\",\"isPartOf\":{\"@id\":\"https:\\\/\\\/kanuracer.eu\\\/#website\"},\"primaryImageOfPage\":{\"@id\":\"https:\\\/\\\/kanuracer.eu\\\/index.php\\\/ender-3-bl-touch-upgrade\\\/#primaryimage\"},\"image\":{\"@id\":\"https:\\\/\\\/kanuracer.eu\\\/index.php\\\/ender-3-bl-touch-upgrade\\\/#primaryimage\"},\"thumbnailUrl\":\"https:\\\/\\\/kanuracer.eu\\\/wp-content\\\/uploads\\\/2023\\\/07\\\/Bildschirmfoto-2023-07-27-um-12.06.22.png\",\"datePublished\":\"2021-12-07T15:22:25+00:00\",\"dateModified\":\"2025-07-30T18:55:56+00:00\",\"breadcrumb\":{\"@id\":\"https:\\\/\\\/kanuracer.eu\\\/index.php\\\/ender-3-bl-touch-upgrade\\\/#breadcrumb\"},\"inLanguage\":\"de\",\"potentialAction\":[{\"@type\":\"ReadAction\",\"target\":[\"https:\\\/\\\/kanuracer.eu\\\/index.php\\\/ender-3-bl-touch-upgrade\\\/\"]}]},{\"@type\":\"ImageObject\",\"inLanguage\":\"de\",\"@id\":\"https:\\\/\\\/kanuracer.eu\\\/index.php\\\/ender-3-bl-touch-upgrade\\\/#primaryimage\",\"url\":\"https:\\\/\\\/kanuracer.eu\\\/wp-content\\\/uploads\\\/2023\\\/07\\\/Bildschirmfoto-2023-07-27-um-12.06.22.png\",\"contentUrl\":\"https:\\\/\\\/kanuracer.eu\\\/wp-content\\\/uploads\\\/2023\\\/07\\\/Bildschirmfoto-2023-07-27-um-12.06.22.png\",\"width\":826,\"height\":874},{\"@type\":\"BreadcrumbList\",\"@id\":\"https:\\\/\\\/kanuracer.eu\\\/index.php\\\/ender-3-bl-touch-upgrade\\\/#breadcrumb\",\"itemListElement\":[{\"@type\":\"ListItem\",\"position\":1,\"name\":\"Startseite\",\"item\":\"https:\\\/\\\/kanuracer.eu\\\/\"},{\"@type\":\"ListItem\",\"position\":2,\"name\":\"Ender 3 BL-Touch Upgrade\"}]},{\"@type\":\"WebSite\",\"@id\":\"https:\\\/\\\/kanuracer.eu\\\/#website\",\"url\":\"https:\\\/\\\/kanuracer.eu\\\/\",\"name\":\"kanuracer\",\"description\":\"Games, IT &amp; More\",\"publisher\":{\"@id\":\"https:\\\/\\\/kanuracer.eu\\\/#\\\/schema\\\/person\\\/44cfc12e4d1a361d50c29f61cae0617d\"},\"potentialAction\":[{\"@type\":\"SearchAction\",\"target\":{\"@type\":\"EntryPoint\",\"urlTemplate\":\"https:\\\/\\\/kanuracer.eu\\\/?s={search_term_string}\"},\"query-input\":{\"@type\":\"PropertyValueSpecification\",\"valueRequired\":true,\"valueName\":\"search_term_string\"}}],\"inLanguage\":\"de\"},{\"@type\":[\"Person\",\"Organization\"],\"@id\":\"https:\\\/\\\/kanuracer.eu\\\/#\\\/schema\\\/person\\\/44cfc12e4d1a361d50c29f61cae0617d\",\"name\":\"kanuracer\",\"image\":{\"@type\":\"ImageObject\",\"inLanguage\":\"de\",\"@id\":\"https:\\\/\\\/kanuracer.eu\\\/wp-content\\\/uploads\\\/2020\\\/08\\\/Logo_White_800.png\",\"url\":\"https:\\\/\\\/kanuracer.eu\\\/wp-content\\\/uploads\\\/2020\\\/08\\\/Logo_White_800.png\",\"contentUrl\":\"https:\\\/\\\/kanuracer.eu\\\/wp-content\\\/uploads\\\/2020\\\/08\\\/Logo_White_800.png\",\"width\":800,\"height\":800,\"caption\":\"kanuracer\"},\"logo\":{\"@id\":\"https:\\\/\\\/kanuracer.eu\\\/wp-content\\\/uploads\\\/2020\\\/08\\\/Logo_White_800.png\"},\"sameAs\":[\"https:\\\/\\\/kanuracer.eu\"]}]}<\/script>\n<!-- \/ Yoast SEO plugin. -->","yoast_head_json":{"title":"Ender 3 BL-Touch Upgrade - kanuracer","robots":{"index":"index","follow":"follow","max-snippet":"max-snippet:-1","max-image-preview":"max-image-preview:large","max-video-preview":"max-video-preview:-1"},"canonical":"https:\/\/kanuracer.eu\/index.php\/ender-3-bl-touch-upgrade\/","og_locale":"de_DE","og_type":"article","og_title":"Ender 3 BL-Touch Upgrade - kanuracer","og_description":"Da ich einige Probleme mit meinen Druckbett hatte (Unebenheiten durch das Heizbett), habe ich mir ein BL-Touch besorgt. Den Einbau habe ich ganz einfach nach beiliegender Anleitung durchgef\u00fchrt..Wenn ihr meine Firmware nutzen wollt, m\u00fcsst ihr euren BL-Touch wie folgt anschlie\u00dfen: Nach dem Einbau, m\u00fcsst ihr eure Firmware anpassen. Daf\u00fcr k\u00f6nnt ihr die Firmware von Creality [&hellip;]","og_url":"https:\/\/kanuracer.eu\/index.php\/ender-3-bl-touch-upgrade\/","og_site_name":"kanuracer","article_modified_time":"2025-07-30T18:55:56+00:00","og_image":[{"width":826,"height":874,"url":"https:\/\/kanuracer.eu\/wp-content\/uploads\/2023\/07\/Bildschirmfoto-2023-07-27-um-12.06.22.png","type":"image\/png"}],"twitter_card":"summary_large_image","twitter_misc":{"Gesch\u00e4tzte Lesezeit":"1\u00a0Minute"},"schema":{"@context":"https:\/\/schema.org","@graph":[{"@type":"WebPage","@id":"https:\/\/kanuracer.eu\/index.php\/ender-3-bl-touch-upgrade\/","url":"https:\/\/kanuracer.eu\/index.php\/ender-3-bl-touch-upgrade\/","name":"Ender 3 BL-Touch Upgrade - kanuracer","isPartOf":{"@id":"https:\/\/kanuracer.eu\/#website"},"primaryImageOfPage":{"@id":"https:\/\/kanuracer.eu\/index.php\/ender-3-bl-touch-upgrade\/#primaryimage"},"image":{"@id":"https:\/\/kanuracer.eu\/index.php\/ender-3-bl-touch-upgrade\/#primaryimage"},"thumbnailUrl":"https:\/\/kanuracer.eu\/wp-content\/uploads\/2023\/07\/Bildschirmfoto-2023-07-27-um-12.06.22.png","datePublished":"2021-12-07T15:22:25+00:00","dateModified":"2025-07-30T18:55:56+00:00","breadcrumb":{"@id":"https:\/\/kanuracer.eu\/index.php\/ender-3-bl-touch-upgrade\/#breadcrumb"},"inLanguage":"de","potentialAction":[{"@type":"ReadAction","target":["https:\/\/kanuracer.eu\/index.php\/ender-3-bl-touch-upgrade\/"]}]},{"@type":"ImageObject","inLanguage":"de","@id":"https:\/\/kanuracer.eu\/index.php\/ender-3-bl-touch-upgrade\/#primaryimage","url":"https:\/\/kanuracer.eu\/wp-content\/uploads\/2023\/07\/Bildschirmfoto-2023-07-27-um-12.06.22.png","contentUrl":"https:\/\/kanuracer.eu\/wp-content\/uploads\/2023\/07\/Bildschirmfoto-2023-07-27-um-12.06.22.png","width":826,"height":874},{"@type":"BreadcrumbList","@id":"https:\/\/kanuracer.eu\/index.php\/ender-3-bl-touch-upgrade\/#breadcrumb","itemListElement":[{"@type":"ListItem","position":1,"name":"Startseite","item":"https:\/\/kanuracer.eu\/"},{"@type":"ListItem","position":2,"name":"Ender 3 BL-Touch Upgrade"}]},{"@type":"WebSite","@id":"https:\/\/kanuracer.eu\/#website","url":"https:\/\/kanuracer.eu\/","name":"kanuracer","description":"Games, IT &amp; More","publisher":{"@id":"https:\/\/kanuracer.eu\/#\/schema\/person\/44cfc12e4d1a361d50c29f61cae0617d"},"potentialAction":[{"@type":"SearchAction","target":{"@type":"EntryPoint","urlTemplate":"https:\/\/kanuracer.eu\/?s={search_term_string}"},"query-input":{"@type":"PropertyValueSpecification","valueRequired":true,"valueName":"search_term_string"}}],"inLanguage":"de"},{"@type":["Person","Organization"],"@id":"https:\/\/kanuracer.eu\/#\/schema\/person\/44cfc12e4d1a361d50c29f61cae0617d","name":"kanuracer","image":{"@type":"ImageObject","inLanguage":"de","@id":"https:\/\/kanuracer.eu\/wp-content\/uploads\/2020\/08\/Logo_White_800.png","url":"https:\/\/kanuracer.eu\/wp-content\/uploads\/2020\/08\/Logo_White_800.png","contentUrl":"https:\/\/kanuracer.eu\/wp-content\/uploads\/2020\/08\/Logo_White_800.png","width":800,"height":800,"caption":"kanuracer"},"logo":{"@id":"https:\/\/kanuracer.eu\/wp-content\/uploads\/2020\/08\/Logo_White_800.png"},"sameAs":["https:\/\/kanuracer.eu"]}]}},"_links":{"self":[{"href":"https:\/\/kanuracer.eu\/index.php\/wp-json\/wp\/v2\/pages\/308","targetHints":{"allow":["GET"]}}],"collection":[{"href":"https:\/\/kanuracer.eu\/index.php\/wp-json\/wp\/v2\/pages"}],"about":[{"href":"https:\/\/kanuracer.eu\/index.php\/wp-json\/wp\/v2\/types\/page"}],"author":[{"embeddable":true,"href":"https:\/\/kanuracer.eu\/index.php\/wp-json\/wp\/v2\/users\/1"}],"replies":[{"embeddable":true,"href":"https:\/\/kanuracer.eu\/index.php\/wp-json\/wp\/v2\/comments?post=308"}],"version-history":[{"count":11,"href":"https:\/\/kanuracer.eu\/index.php\/wp-json\/wp\/v2\/pages\/308\/revisions"}],"predecessor-version":[{"id":956,"href":"https:\/\/kanuracer.eu\/index.php\/wp-json\/wp\/v2\/pages\/308\/revisions\/956"}],"wp:attachment":[{"href":"https:\/\/kanuracer.eu\/index.php\/wp-json\/wp\/v2\/media?parent=308"}],"curies":[{"name":"wp","href":"https:\/\/api.w.org\/{rel}","templated":true}]}}