{"id":390,"date":"2022-04-02T11:22:58","date_gmt":"2022-04-02T09:22:58","guid":{"rendered":"https:\/\/kanuracer.eu\/?page_id=390"},"modified":"2023-04-30T04:38:33","modified_gmt":"2023-04-30T02:38:33","slug":"php-auf-iis-webserver","status":"publish","type":"page","link":"https:\/\/kanuracer.eu\/index.php\/php-auf-iis-webserver\/","title":{"rendered":"PHP auf IIS Webserver"},"content":{"rendered":"\n<p>Ben\u00f6tigt werden:<br><a href=\"https:\/\/www.php.net\/downloads.php\" target=\"_blank\" rel=\"noreferrer noopener\">php-x.x.x<\/a><br><a href=\"https:\/\/docs.microsoft.com\/de-de\/cpp\/windows\/latest-supported-vc-redist?view=msvc-170\" target=\"_blank\" rel=\"noreferrer noopener\">passende VC Runtime<\/a><br>Extrahiere die php.zip nach C:\\<\/p>\n\n\n\n<figure class=\"wp-block-image size-full\"><img loading=\"lazy\" decoding=\"async\" width=\"736\" height=\"836\" src=\"https:\/\/kanuracer.eu\/wp-content\/uploads\/2022\/04\/Unbenanntes-Bild.png\" alt=\"\" class=\"wp-image-391\" srcset=\"https:\/\/kanuracer.eu\/wp-content\/uploads\/2022\/04\/Unbenanntes-Bild.png 736w, https:\/\/kanuracer.eu\/wp-content\/uploads\/2022\/04\/Unbenanntes-Bild-264x300.png 264w\" sizes=\"auto, (max-width: 736px) 100vw, 736px\" \/><\/figure>\n\n\n\n<p>Danach m\u00fcssen die Umgebungsvariablen angepasst werden:<\/p>\n\n\n\n<figure class=\"wp-block-image size-large\"><img loading=\"lazy\" decoding=\"async\" width=\"1024\" height=\"597\" src=\"https:\/\/kanuracer.eu\/wp-content\/uploads\/2022\/04\/Unbenanntes-Bild2-1024x597.png\" alt=\"\" class=\"wp-image-392\" srcset=\"https:\/\/kanuracer.eu\/wp-content\/uploads\/2022\/04\/Unbenanntes-Bild2-1024x597.png 1024w, https:\/\/kanuracer.eu\/wp-content\/uploads\/2022\/04\/Unbenanntes-Bild2-300x175.png 300w, https:\/\/kanuracer.eu\/wp-content\/uploads\/2022\/04\/Unbenanntes-Bild2-768x448.png 768w, https:\/\/kanuracer.eu\/wp-content\/uploads\/2022\/04\/Unbenanntes-Bild2.png 1040w\" sizes=\"auto, (max-width: 1024px) 100vw, 1024px\" \/><\/figure>\n\n\n\n<p>TEMP&gt;PATH&gt;Bearbeiten&gt;Neu -&gt; C:\\php<\/p>\n\n\n\n<figure class=\"wp-block-image size-full\"><img loading=\"lazy\" decoding=\"async\" width=\"528\" height=\"498\" src=\"https:\/\/kanuracer.eu\/wp-content\/uploads\/2022\/04\/Unbenanntes-Bild3.png\" alt=\"\" class=\"wp-image-393\" srcset=\"https:\/\/kanuracer.eu\/wp-content\/uploads\/2022\/04\/Unbenanntes-Bild3.png 528w, https:\/\/kanuracer.eu\/wp-content\/uploads\/2022\/04\/Unbenanntes-Bild3-300x283.png 300w\" sizes=\"auto, (max-width: 528px) 100vw, 528px\" \/><\/figure>\n\n\n\n<p>Anschlie\u00dfend muss noch die php.ini erstellt werden.<br>Diese ist in C:\\php\\ zu finden. Einfach die php.ini-production in php.ini \u00e4ndern und folgende Module aktivieren:<\/p>\n\n\n\n<p><code>fastcgi.impersonate = 1<br>cgi.fix_pathinfo=1<br>cgi.force_redirect = 1<br>extension_dir = \"ext\"<br>extension=bz2<br>extension=curl<br>extension=gd2<br>extension=ldap<br>extension=mbstring<br>extension=mysqli<br>extension=openssl<\/code><\/p>\n\n\n\n<p>Nun k\u00f6nnen wir die PHP Installation Testen:<br>CMD: php -info<br>Nun sollte die gew\u00fcnschte php Version angezeigt werden<\/p>\n\n\n\n<p><strong>Installation IIS + Erweiterungen<\/strong><br><br>Rollen Hinzuf\u00fcgen&gt;IIS und die Installationsroutine durchklicken.<br>WICHTIG: Unter Webanwendungen &#8222;CGI&#8220; aktivieren!<\/p>\n\n\n\n<figure class=\"wp-block-image size-full\"><img loading=\"lazy\" decoding=\"async\" width=\"303\" height=\"296\" src=\"https:\/\/kanuracer.eu\/wp-content\/uploads\/2022\/04\/image.png\" alt=\"\" class=\"wp-image-397\" srcset=\"https:\/\/kanuracer.eu\/wp-content\/uploads\/2022\/04\/image.png 303w, https:\/\/kanuracer.eu\/wp-content\/uploads\/2022\/04\/image-300x293.png 300w\" sizes=\"auto, (max-width: 303px) 100vw, 303px\" \/><\/figure>\n\n\n\n<p>Handlerzuordnungen&gt;Modulzuordnung-&gt;<\/p>\n\n\n\n<figure class=\"wp-block-image size-large\"><img loading=\"lazy\" decoding=\"async\" width=\"1024\" height=\"221\" src=\"https:\/\/kanuracer.eu\/wp-content\/uploads\/2022\/04\/Unbenanntes-Bild4-1024x221.png\" alt=\"\" class=\"wp-image-394\" srcset=\"https:\/\/kanuracer.eu\/wp-content\/uploads\/2022\/04\/Unbenanntes-Bild4-1024x221.png 1024w, https:\/\/kanuracer.eu\/wp-content\/uploads\/2022\/04\/Unbenanntes-Bild4-300x65.png 300w, https:\/\/kanuracer.eu\/wp-content\/uploads\/2022\/04\/Unbenanntes-Bild4-768x166.png 768w, https:\/\/kanuracer.eu\/wp-content\/uploads\/2022\/04\/Unbenanntes-Bild4-1536x332.png 1536w, https:\/\/kanuracer.eu\/wp-content\/uploads\/2022\/04\/Unbenanntes-Bild4.png 1732w\" sizes=\"auto, (max-width: 1024px) 100vw, 1024px\" \/><\/figure>\n\n\n\n<figure class=\"wp-block-image size-full\"><img loading=\"lazy\" decoding=\"async\" width=\"456\" height=\"402\" src=\"https:\/\/kanuracer.eu\/wp-content\/uploads\/2022\/04\/Unbenanntes-Bild5.png\" alt=\"\" class=\"wp-image-395\" srcset=\"https:\/\/kanuracer.eu\/wp-content\/uploads\/2022\/04\/Unbenanntes-Bild5.png 456w, https:\/\/kanuracer.eu\/wp-content\/uploads\/2022\/04\/Unbenanntes-Bild5-300x264.png 300w\" sizes=\"auto, (max-width: 456px) 100vw, 456px\" \/><\/figure>\n\n\n\n<figure class=\"wp-block-image size-full\"><img loading=\"lazy\" decoding=\"async\" width=\"456\" height=\"376\" src=\"https:\/\/kanuracer.eu\/wp-content\/uploads\/2022\/04\/Unbenanntes-Bild6.png\" alt=\"\" class=\"wp-image-396\" srcset=\"https:\/\/kanuracer.eu\/wp-content\/uploads\/2022\/04\/Unbenanntes-Bild6.png 456w, https:\/\/kanuracer.eu\/wp-content\/uploads\/2022\/04\/Unbenanntes-Bild6-300x247.png 300w\" sizes=\"auto, (max-width: 456px) 100vw, 456px\" \/><\/figure>\n\n\n\n<p>Anschlie\u00dfend noch bei Standarddokument hinzuf\u00fcgen: index.php<\/p>\n\n\n\n<p>Nach den ganzen Schritten unterst\u00fctzt der IIS nun php und php Module.<\/p>\n\n\n\n<p><em>Zuletzt gepr\u00fcft und bearbeitet: <span class=\"last-modified-timestamp\">Apr. 30, 2023 @ 4:38<\/span><\/em><\/p>\n","protected":false},"excerpt":{"rendered":"<p>Ben\u00f6tigt werden:php-x.x.xpassende VC RuntimeExtrahiere die php.zip nach C:\\ Danach m\u00fcssen die Umgebungsvariablen angepasst werden: TEMP&gt;PATH&gt;Bearbeiten&gt;Neu -&gt; C:\\php Anschlie\u00dfend muss noch die php.ini erstellt werden.Diese ist in C:\\php\\ zu finden. Einfach die php.ini-production in php.ini \u00e4ndern und folgende Module aktivieren: fastcgi.impersonate = 1cgi.fix_pathinfo=1cgi.force_redirect = 1extension_dir = &#8222;ext&#8220;extension=bz2extension=curlextension=gd2extension=ldapextension=mbstringextension=mysqliextension=openssl Nun k\u00f6nnen wir die PHP Installation Testen:CMD: php -infoNun [&hellip;]<\/p>\n","protected":false},"author":1,"featured_media":0,"parent":0,"menu_order":0,"comment_status":"closed","ping_status":"closed","template":"","meta":{"footnotes":""},"class_list":["post-390","page","type-page","status-publish","hentry"],"yoast_head":"<!-- This site is optimized with the Yoast SEO plugin v27.4 - https:\/\/yoast.com\/product\/yoast-seo-wordpress\/ -->\n<title>PHP auf IIS Webserver - kanuracer<\/title>\n<meta name=\"robots\" content=\"index, follow, max-snippet:-1, max-image-preview:large, max-video-preview:-1\" \/>\n<link rel=\"canonical\" href=\"https:\/\/kanuracer.eu\/index.php\/php-auf-iis-webserver\/\" \/>\n<meta property=\"og:locale\" content=\"de_DE\" \/>\n<meta property=\"og:type\" content=\"article\" \/>\n<meta property=\"og:title\" content=\"PHP auf IIS Webserver - kanuracer\" \/>\n<meta property=\"og:description\" content=\"Ben\u00f6tigt werden:php-x.x.xpassende VC RuntimeExtrahiere die php.zip nach C: Danach m\u00fcssen die Umgebungsvariablen angepasst werden: TEMP&gt;PATH&gt;Bearbeiten&gt;Neu -&gt; C:php Anschlie\u00dfend muss noch die php.ini erstellt werden.Diese ist in C:php zu finden. Einfach die php.ini-production in php.ini \u00e4ndern und folgende Module aktivieren: fastcgi.impersonate = 1cgi.fix_pathinfo=1cgi.force_redirect = 1extension_dir = &quot;ext&quot;extension=bz2extension=curlextension=gd2extension=ldapextension=mbstringextension=mysqliextension=openssl Nun k\u00f6nnen wir die PHP Installation Testen:CMD: php -infoNun [&hellip;]\" \/>\n<meta property=\"og:url\" content=\"https:\/\/kanuracer.eu\/index.php\/php-auf-iis-webserver\/\" \/>\n<meta property=\"og:site_name\" content=\"kanuracer\" \/>\n<meta property=\"article:modified_time\" content=\"2023-04-30T02:38:33+00:00\" \/>\n<meta property=\"og:image\" content=\"https:\/\/kanuracer.eu\/wp-content\/uploads\/2022\/04\/Unbenanntes-Bild.png\" \/>\n<meta name=\"twitter:card\" content=\"summary_large_image\" \/>\n<meta name=\"twitter:label1\" content=\"Gesch\u00e4tzte Lesezeit\" \/>\n\t<meta name=\"twitter:data1\" content=\"1\u00a0Minute\" \/>\n<script type=\"application\/ld+json\" class=\"yoast-schema-graph\">{\"@context\":\"https:\\\/\\\/schema.org\",\"@graph\":[{\"@type\":\"WebPage\",\"@id\":\"https:\\\/\\\/kanuracer.eu\\\/index.php\\\/php-auf-iis-webserver\\\/\",\"url\":\"https:\\\/\\\/kanuracer.eu\\\/index.php\\\/php-auf-iis-webserver\\\/\",\"name\":\"PHP auf IIS Webserver - kanuracer\",\"isPartOf\":{\"@id\":\"https:\\\/\\\/kanuracer.eu\\\/#website\"},\"primaryImageOfPage\":{\"@id\":\"https:\\\/\\\/kanuracer.eu\\\/index.php\\\/php-auf-iis-webserver\\\/#primaryimage\"},\"image\":{\"@id\":\"https:\\\/\\\/kanuracer.eu\\\/index.php\\\/php-auf-iis-webserver\\\/#primaryimage\"},\"thumbnailUrl\":\"https:\\\/\\\/kanuracer.eu\\\/wp-content\\\/uploads\\\/2022\\\/04\\\/Unbenanntes-Bild.png\",\"datePublished\":\"2022-04-02T09:22:58+00:00\",\"dateModified\":\"2023-04-30T02:38:33+00:00\",\"breadcrumb\":{\"@id\":\"https:\\\/\\\/kanuracer.eu\\\/index.php\\\/php-auf-iis-webserver\\\/#breadcrumb\"},\"inLanguage\":\"de\",\"potentialAction\":[{\"@type\":\"ReadAction\",\"target\":[\"https:\\\/\\\/kanuracer.eu\\\/index.php\\\/php-auf-iis-webserver\\\/\"]}]},{\"@type\":\"ImageObject\",\"inLanguage\":\"de\",\"@id\":\"https:\\\/\\\/kanuracer.eu\\\/index.php\\\/php-auf-iis-webserver\\\/#primaryimage\",\"url\":\"https:\\\/\\\/kanuracer.eu\\\/wp-content\\\/uploads\\\/2022\\\/04\\\/Unbenanntes-Bild.png\",\"contentUrl\":\"https:\\\/\\\/kanuracer.eu\\\/wp-content\\\/uploads\\\/2022\\\/04\\\/Unbenanntes-Bild.png\",\"width\":736,\"height\":836},{\"@type\":\"BreadcrumbList\",\"@id\":\"https:\\\/\\\/kanuracer.eu\\\/index.php\\\/php-auf-iis-webserver\\\/#breadcrumb\",\"itemListElement\":[{\"@type\":\"ListItem\",\"position\":1,\"name\":\"Startseite\",\"item\":\"https:\\\/\\\/kanuracer.eu\\\/\"},{\"@type\":\"ListItem\",\"position\":2,\"name\":\"PHP auf IIS Webserver\"}]},{\"@type\":\"WebSite\",\"@id\":\"https:\\\/\\\/kanuracer.eu\\\/#website\",\"url\":\"https:\\\/\\\/kanuracer.eu\\\/\",\"name\":\"kanuracer\",\"description\":\"Games, IT &amp; More\",\"publisher\":{\"@id\":\"https:\\\/\\\/kanuracer.eu\\\/#\\\/schema\\\/person\\\/44cfc12e4d1a361d50c29f61cae0617d\"},\"potentialAction\":[{\"@type\":\"SearchAction\",\"target\":{\"@type\":\"EntryPoint\",\"urlTemplate\":\"https:\\\/\\\/kanuracer.eu\\\/?s={search_term_string}\"},\"query-input\":{\"@type\":\"PropertyValueSpecification\",\"valueRequired\":true,\"valueName\":\"search_term_string\"}}],\"inLanguage\":\"de\"},{\"@type\":[\"Person\",\"Organization\"],\"@id\":\"https:\\\/\\\/kanuracer.eu\\\/#\\\/schema\\\/person\\\/44cfc12e4d1a361d50c29f61cae0617d\",\"name\":\"kanuracer\",\"image\":{\"@type\":\"ImageObject\",\"inLanguage\":\"de\",\"@id\":\"https:\\\/\\\/kanuracer.eu\\\/wp-content\\\/uploads\\\/2020\\\/08\\\/Logo_White_800.png\",\"url\":\"https:\\\/\\\/kanuracer.eu\\\/wp-content\\\/uploads\\\/2020\\\/08\\\/Logo_White_800.png\",\"contentUrl\":\"https:\\\/\\\/kanuracer.eu\\\/wp-content\\\/uploads\\\/2020\\\/08\\\/Logo_White_800.png\",\"width\":800,\"height\":800,\"caption\":\"kanuracer\"},\"logo\":{\"@id\":\"https:\\\/\\\/kanuracer.eu\\\/wp-content\\\/uploads\\\/2020\\\/08\\\/Logo_White_800.png\"},\"sameAs\":[\"https:\\\/\\\/kanuracer.eu\"]}]}<\/script>\n<!-- \/ Yoast SEO plugin. -->","yoast_head_json":{"title":"PHP auf IIS Webserver - kanuracer","robots":{"index":"index","follow":"follow","max-snippet":"max-snippet:-1","max-image-preview":"max-image-preview:large","max-video-preview":"max-video-preview:-1"},"canonical":"https:\/\/kanuracer.eu\/index.php\/php-auf-iis-webserver\/","og_locale":"de_DE","og_type":"article","og_title":"PHP auf IIS Webserver - kanuracer","og_description":"Ben\u00f6tigt werden:php-x.x.xpassende VC RuntimeExtrahiere die php.zip nach C: Danach m\u00fcssen die Umgebungsvariablen angepasst werden: TEMP&gt;PATH&gt;Bearbeiten&gt;Neu -&gt; C:php Anschlie\u00dfend muss noch die php.ini erstellt werden.Diese ist in C:php zu finden. Einfach die php.ini-production in php.ini \u00e4ndern und folgende Module aktivieren: fastcgi.impersonate = 1cgi.fix_pathinfo=1cgi.force_redirect = 1extension_dir = \"ext\"extension=bz2extension=curlextension=gd2extension=ldapextension=mbstringextension=mysqliextension=openssl Nun k\u00f6nnen wir die PHP Installation Testen:CMD: php -infoNun [&hellip;]","og_url":"https:\/\/kanuracer.eu\/index.php\/php-auf-iis-webserver\/","og_site_name":"kanuracer","article_modified_time":"2023-04-30T02:38:33+00:00","og_image":[{"url":"https:\/\/kanuracer.eu\/wp-content\/uploads\/2022\/04\/Unbenanntes-Bild.png","type":"","width":"","height":""}],"twitter_card":"summary_large_image","twitter_misc":{"Gesch\u00e4tzte Lesezeit":"1\u00a0Minute"},"schema":{"@context":"https:\/\/schema.org","@graph":[{"@type":"WebPage","@id":"https:\/\/kanuracer.eu\/index.php\/php-auf-iis-webserver\/","url":"https:\/\/kanuracer.eu\/index.php\/php-auf-iis-webserver\/","name":"PHP auf IIS Webserver - kanuracer","isPartOf":{"@id":"https:\/\/kanuracer.eu\/#website"},"primaryImageOfPage":{"@id":"https:\/\/kanuracer.eu\/index.php\/php-auf-iis-webserver\/#primaryimage"},"image":{"@id":"https:\/\/kanuracer.eu\/index.php\/php-auf-iis-webserver\/#primaryimage"},"thumbnailUrl":"https:\/\/kanuracer.eu\/wp-content\/uploads\/2022\/04\/Unbenanntes-Bild.png","datePublished":"2022-04-02T09:22:58+00:00","dateModified":"2023-04-30T02:38:33+00:00","breadcrumb":{"@id":"https:\/\/kanuracer.eu\/index.php\/php-auf-iis-webserver\/#breadcrumb"},"inLanguage":"de","potentialAction":[{"@type":"ReadAction","target":["https:\/\/kanuracer.eu\/index.php\/php-auf-iis-webserver\/"]}]},{"@type":"ImageObject","inLanguage":"de","@id":"https:\/\/kanuracer.eu\/index.php\/php-auf-iis-webserver\/#primaryimage","url":"https:\/\/kanuracer.eu\/wp-content\/uploads\/2022\/04\/Unbenanntes-Bild.png","contentUrl":"https:\/\/kanuracer.eu\/wp-content\/uploads\/2022\/04\/Unbenanntes-Bild.png","width":736,"height":836},{"@type":"BreadcrumbList","@id":"https:\/\/kanuracer.eu\/index.php\/php-auf-iis-webserver\/#breadcrumb","itemListElement":[{"@type":"ListItem","position":1,"name":"Startseite","item":"https:\/\/kanuracer.eu\/"},{"@type":"ListItem","position":2,"name":"PHP auf IIS Webserver"}]},{"@type":"WebSite","@id":"https:\/\/kanuracer.eu\/#website","url":"https:\/\/kanuracer.eu\/","name":"kanuracer","description":"Games, IT &amp; More","publisher":{"@id":"https:\/\/kanuracer.eu\/#\/schema\/person\/44cfc12e4d1a361d50c29f61cae0617d"},"potentialAction":[{"@type":"SearchAction","target":{"@type":"EntryPoint","urlTemplate":"https:\/\/kanuracer.eu\/?s={search_term_string}"},"query-input":{"@type":"PropertyValueSpecification","valueRequired":true,"valueName":"search_term_string"}}],"inLanguage":"de"},{"@type":["Person","Organization"],"@id":"https:\/\/kanuracer.eu\/#\/schema\/person\/44cfc12e4d1a361d50c29f61cae0617d","name":"kanuracer","image":{"@type":"ImageObject","inLanguage":"de","@id":"https:\/\/kanuracer.eu\/wp-content\/uploads\/2020\/08\/Logo_White_800.png","url":"https:\/\/kanuracer.eu\/wp-content\/uploads\/2020\/08\/Logo_White_800.png","contentUrl":"https:\/\/kanuracer.eu\/wp-content\/uploads\/2020\/08\/Logo_White_800.png","width":800,"height":800,"caption":"kanuracer"},"logo":{"@id":"https:\/\/kanuracer.eu\/wp-content\/uploads\/2020\/08\/Logo_White_800.png"},"sameAs":["https:\/\/kanuracer.eu"]}]}},"_links":{"self":[{"href":"https:\/\/kanuracer.eu\/index.php\/wp-json\/wp\/v2\/pages\/390","targetHints":{"allow":["GET"]}}],"collection":[{"href":"https:\/\/kanuracer.eu\/index.php\/wp-json\/wp\/v2\/pages"}],"about":[{"href":"https:\/\/kanuracer.eu\/index.php\/wp-json\/wp\/v2\/types\/page"}],"author":[{"embeddable":true,"href":"https:\/\/kanuracer.eu\/index.php\/wp-json\/wp\/v2\/users\/1"}],"replies":[{"embeddable":true,"href":"https:\/\/kanuracer.eu\/index.php\/wp-json\/wp\/v2\/comments?post=390"}],"version-history":[{"count":2,"href":"https:\/\/kanuracer.eu\/index.php\/wp-json\/wp\/v2\/pages\/390\/revisions"}],"predecessor-version":[{"id":583,"href":"https:\/\/kanuracer.eu\/index.php\/wp-json\/wp\/v2\/pages\/390\/revisions\/583"}],"wp:attachment":[{"href":"https:\/\/kanuracer.eu\/index.php\/wp-json\/wp\/v2\/media?parent=390"}],"curies":[{"name":"wp","href":"https:\/\/api.w.org\/{rel}","templated":true}]}}