{"id":413,"date":"2022-05-01T15:07:18","date_gmt":"2022-05-01T13:07:18","guid":{"rendered":"https:\/\/kanuracer.eu\/?page_id=413"},"modified":"2023-11-10T19:47:51","modified_gmt":"2023-11-10T18:47:51","slug":"vm-importieren","status":"publish","type":"page","link":"https:\/\/kanuracer.eu\/index.php\/unraid\/vm-importieren\/","title":{"rendered":"VM Importieren"},"content":{"rendered":"\n<p>Virtuelle Maschinen von Hyper-V, virtualBOX und co. lassen sich relativ einfach in UnRaid importieren.<br>Daf\u00fcr ben\u00f6tigt ihr die virtuelle Festplatte eurer VM. (In meinen Fall eine .vhdx von Hyper-V)<br><br>Diese kopiert ihr auf euer Unraid und f\u00fchrt folgenden Befehl aus:<br><code>qemu-img convert -p -f vhdx -O raw NAME.vhdx NEUERNAME.img<\/code><br>Wenn ihr ein anderes Format wie VHD habt, dann \u00e4ndert einfach vhdx in euer Format um.<br><br>Nachdem die virtuelle Festplatte konvertiert wurde, k\u00f6nnen wir nun im Unraid unter VM die virtuelle Maschine importieren.<br>Klickt daf\u00fcr auf VM Hinzuf\u00fcgen\/Add VM. W\u00e4hlt nun in der \u00dcbersicht euer passendes Betriebssystem aus.<\/p>\n\n\n\n<figure class=\"wp-block-image size-large\"><img loading=\"lazy\" decoding=\"async\" width=\"1024\" height=\"394\" src=\"https:\/\/kanuracer.eu\/wp-content\/uploads\/2022\/05\/Unbenanntes-Bild1-1024x394.png\" alt=\"\" class=\"wp-image-414\" srcset=\"https:\/\/kanuracer.eu\/wp-content\/uploads\/2022\/05\/Unbenanntes-Bild1-1024x394.png 1024w, https:\/\/kanuracer.eu\/wp-content\/uploads\/2022\/05\/Unbenanntes-Bild1-300x115.png 300w, https:\/\/kanuracer.eu\/wp-content\/uploads\/2022\/05\/Unbenanntes-Bild1-768x295.png 768w, https:\/\/kanuracer.eu\/wp-content\/uploads\/2022\/05\/Unbenanntes-Bild1.png 1388w\" sizes=\"auto, (max-width: 1024px) 100vw, 1024px\" \/><\/figure>\n\n\n\n<p>Anschlie\u00dfend kommt ihr in die Einstellungen. Nun ist es wichtig, wie eure VM damals installiert wurde. Wurde sie als UEFI installiert, lasst ihr bei &#8222;BIOS&#8220; &#8222;OVMF&#8220; stehen. Ansonsten m\u00fcsst ihr &#8222;SEABIOS&#8220; ausw\u00e4hlen.<\/p>\n\n\n\n<figure class=\"wp-block-image size-full\"><img loading=\"lazy\" decoding=\"async\" width=\"163\" height=\"144\" src=\"https:\/\/kanuracer.eu\/wp-content\/uploads\/2022\/05\/Unbenanntes-Bild2.png\" alt=\"\" class=\"wp-image-415\"\/><\/figure>\n\n\n\n<p>Jetzt m\u00fcssen wir nur noch die .img einbinden. Daf\u00fcr m\u00fcssen wir zu dem Reiter &#8222;prim\u00e4re vDisk&#8220;. W\u00e4hle nun &#8222;manuell&#8220; aus und suche die konvertierte vDisk.<\/p>\n\n\n\n<figure class=\"wp-block-image size-full\"><img loading=\"lazy\" decoding=\"async\" width=\"730\" height=\"104\" src=\"https:\/\/kanuracer.eu\/wp-content\/uploads\/2022\/05\/3.png\" alt=\"\" class=\"wp-image-416\" srcset=\"https:\/\/kanuracer.eu\/wp-content\/uploads\/2022\/05\/3.png 730w, https:\/\/kanuracer.eu\/wp-content\/uploads\/2022\/05\/3-300x43.png 300w\" sizes=\"auto, (max-width: 730px) 100vw, 730px\" \/><\/figure>\n\n\n\n<p>Wenn ihr das nun alles erledigt habt, k\u00f6nnt ihr am Ende die VM hinzuf\u00fcgen und starten.<\/p>\n\n\n\n<p><em>Zuletzt gepr\u00fcft und bearbeitet: <span class=\"last-modified-timestamp\">Nov. 10, 2023 @ 19:47<\/span><\/em><\/p>\n","protected":false},"excerpt":{"rendered":"<p>Virtuelle Maschinen von Hyper-V, virtualBOX und co. lassen sich relativ einfach in UnRaid importieren.Daf\u00fcr ben\u00f6tigt ihr die virtuelle Festplatte eurer VM. (In meinen Fall eine .vhdx von Hyper-V) Diese kopiert ihr auf euer Unraid und f\u00fchrt folgenden Befehl aus:qemu-img convert -p -f vhdx -O raw NAME.vhdx NEUERNAME.imgWenn ihr ein anderes Format wie VHD habt, dann [&hellip;]<\/p>\n","protected":false},"author":1,"featured_media":0,"parent":403,"menu_order":0,"comment_status":"closed","ping_status":"closed","template":"","meta":{"footnotes":""},"class_list":["post-413","page","type-page","status-publish","hentry"],"yoast_head":"<!-- This site is optimized with the Yoast SEO plugin v27.4 - https:\/\/yoast.com\/product\/yoast-seo-wordpress\/ -->\n<title>VM Importieren - kanuracer<\/title>\n<meta name=\"robots\" content=\"index, follow, max-snippet:-1, max-image-preview:large, max-video-preview:-1\" \/>\n<link rel=\"canonical\" href=\"https:\/\/kanuracer.eu\/index.php\/unraid\/vm-importieren\/\" \/>\n<meta property=\"og:locale\" content=\"de_DE\" \/>\n<meta property=\"og:type\" content=\"article\" \/>\n<meta property=\"og:title\" content=\"VM Importieren - kanuracer\" \/>\n<meta property=\"og:description\" content=\"Virtuelle Maschinen von Hyper-V, virtualBOX und co. lassen sich relativ einfach in UnRaid importieren.Daf\u00fcr ben\u00f6tigt ihr die virtuelle Festplatte eurer VM. (In meinen Fall eine .vhdx von Hyper-V) Diese kopiert ihr auf euer Unraid und f\u00fchrt folgenden Befehl aus:qemu-img convert -p -f vhdx -O raw NAME.vhdx NEUERNAME.imgWenn ihr ein anderes Format wie VHD habt, dann [&hellip;]\" \/>\n<meta property=\"og:url\" content=\"https:\/\/kanuracer.eu\/index.php\/unraid\/vm-importieren\/\" \/>\n<meta property=\"og:site_name\" content=\"kanuracer\" \/>\n<meta property=\"article:modified_time\" content=\"2023-11-10T18:47:51+00:00\" \/>\n<meta property=\"og:image\" content=\"https:\/\/kanuracer.eu\/wp-content\/uploads\/2022\/05\/Unbenanntes-Bild1-1024x394.png\" \/>\n<meta name=\"twitter:card\" content=\"summary_large_image\" \/>\n<meta name=\"twitter:label1\" content=\"Gesch\u00e4tzte Lesezeit\" \/>\n\t<meta name=\"twitter:data1\" content=\"2\u00a0Minuten\" \/>\n<script type=\"application\/ld+json\" class=\"yoast-schema-graph\">{\"@context\":\"https:\\\/\\\/schema.org\",\"@graph\":[{\"@type\":\"WebPage\",\"@id\":\"https:\\\/\\\/kanuracer.eu\\\/index.php\\\/unraid\\\/vm-importieren\\\/\",\"url\":\"https:\\\/\\\/kanuracer.eu\\\/index.php\\\/unraid\\\/vm-importieren\\\/\",\"name\":\"VM Importieren - kanuracer\",\"isPartOf\":{\"@id\":\"https:\\\/\\\/kanuracer.eu\\\/#website\"},\"primaryImageOfPage\":{\"@id\":\"https:\\\/\\\/kanuracer.eu\\\/index.php\\\/unraid\\\/vm-importieren\\\/#primaryimage\"},\"image\":{\"@id\":\"https:\\\/\\\/kanuracer.eu\\\/index.php\\\/unraid\\\/vm-importieren\\\/#primaryimage\"},\"thumbnailUrl\":\"https:\\\/\\\/kanuracer.eu\\\/wp-content\\\/uploads\\\/2022\\\/05\\\/Unbenanntes-Bild1-1024x394.png\",\"datePublished\":\"2022-05-01T13:07:18+00:00\",\"dateModified\":\"2023-11-10T18:47:51+00:00\",\"breadcrumb\":{\"@id\":\"https:\\\/\\\/kanuracer.eu\\\/index.php\\\/unraid\\\/vm-importieren\\\/#breadcrumb\"},\"inLanguage\":\"de\",\"potentialAction\":[{\"@type\":\"ReadAction\",\"target\":[\"https:\\\/\\\/kanuracer.eu\\\/index.php\\\/unraid\\\/vm-importieren\\\/\"]}]},{\"@type\":\"ImageObject\",\"inLanguage\":\"de\",\"@id\":\"https:\\\/\\\/kanuracer.eu\\\/index.php\\\/unraid\\\/vm-importieren\\\/#primaryimage\",\"url\":\"https:\\\/\\\/kanuracer.eu\\\/wp-content\\\/uploads\\\/2022\\\/05\\\/Unbenanntes-Bild1.png\",\"contentUrl\":\"https:\\\/\\\/kanuracer.eu\\\/wp-content\\\/uploads\\\/2022\\\/05\\\/Unbenanntes-Bild1.png\",\"width\":1388,\"height\":534},{\"@type\":\"BreadcrumbList\",\"@id\":\"https:\\\/\\\/kanuracer.eu\\\/index.php\\\/unraid\\\/vm-importieren\\\/#breadcrumb\",\"itemListElement\":[{\"@type\":\"ListItem\",\"position\":1,\"name\":\"Startseite\",\"item\":\"https:\\\/\\\/kanuracer.eu\\\/\"},{\"@type\":\"ListItem\",\"position\":2,\"name\":\"Unraid\",\"item\":\"https:\\\/\\\/kanuracer.eu\\\/index.php\\\/unraid\\\/\"},{\"@type\":\"ListItem\",\"position\":3,\"name\":\"VM Importieren\"}]},{\"@type\":\"WebSite\",\"@id\":\"https:\\\/\\\/kanuracer.eu\\\/#website\",\"url\":\"https:\\\/\\\/kanuracer.eu\\\/\",\"name\":\"kanuracer\",\"description\":\"Games, IT &amp; More\",\"publisher\":{\"@id\":\"https:\\\/\\\/kanuracer.eu\\\/#\\\/schema\\\/person\\\/44cfc12e4d1a361d50c29f61cae0617d\"},\"potentialAction\":[{\"@type\":\"SearchAction\",\"target\":{\"@type\":\"EntryPoint\",\"urlTemplate\":\"https:\\\/\\\/kanuracer.eu\\\/?s={search_term_string}\"},\"query-input\":{\"@type\":\"PropertyValueSpecification\",\"valueRequired\":true,\"valueName\":\"search_term_string\"}}],\"inLanguage\":\"de\"},{\"@type\":[\"Person\",\"Organization\"],\"@id\":\"https:\\\/\\\/kanuracer.eu\\\/#\\\/schema\\\/person\\\/44cfc12e4d1a361d50c29f61cae0617d\",\"name\":\"kanuracer\",\"image\":{\"@type\":\"ImageObject\",\"inLanguage\":\"de\",\"@id\":\"https:\\\/\\\/kanuracer.eu\\\/wp-content\\\/uploads\\\/2020\\\/08\\\/Logo_White_800.png\",\"url\":\"https:\\\/\\\/kanuracer.eu\\\/wp-content\\\/uploads\\\/2020\\\/08\\\/Logo_White_800.png\",\"contentUrl\":\"https:\\\/\\\/kanuracer.eu\\\/wp-content\\\/uploads\\\/2020\\\/08\\\/Logo_White_800.png\",\"width\":800,\"height\":800,\"caption\":\"kanuracer\"},\"logo\":{\"@id\":\"https:\\\/\\\/kanuracer.eu\\\/wp-content\\\/uploads\\\/2020\\\/08\\\/Logo_White_800.png\"},\"sameAs\":[\"https:\\\/\\\/kanuracer.eu\"]}]}<\/script>\n<!-- \/ Yoast SEO plugin. -->","yoast_head_json":{"title":"VM Importieren - kanuracer","robots":{"index":"index","follow":"follow","max-snippet":"max-snippet:-1","max-image-preview":"max-image-preview:large","max-video-preview":"max-video-preview:-1"},"canonical":"https:\/\/kanuracer.eu\/index.php\/unraid\/vm-importieren\/","og_locale":"de_DE","og_type":"article","og_title":"VM Importieren - kanuracer","og_description":"Virtuelle Maschinen von Hyper-V, virtualBOX und co. lassen sich relativ einfach in UnRaid importieren.Daf\u00fcr ben\u00f6tigt ihr die virtuelle Festplatte eurer VM. (In meinen Fall eine .vhdx von Hyper-V) Diese kopiert ihr auf euer Unraid und f\u00fchrt folgenden Befehl aus:qemu-img convert -p -f vhdx -O raw NAME.vhdx NEUERNAME.imgWenn ihr ein anderes Format wie VHD habt, dann [&hellip;]","og_url":"https:\/\/kanuracer.eu\/index.php\/unraid\/vm-importieren\/","og_site_name":"kanuracer","article_modified_time":"2023-11-10T18:47:51+00:00","og_image":[{"url":"https:\/\/kanuracer.eu\/wp-content\/uploads\/2022\/05\/Unbenanntes-Bild1-1024x394.png","type":"","width":"","height":""}],"twitter_card":"summary_large_image","twitter_misc":{"Gesch\u00e4tzte Lesezeit":"2\u00a0Minuten"},"schema":{"@context":"https:\/\/schema.org","@graph":[{"@type":"WebPage","@id":"https:\/\/kanuracer.eu\/index.php\/unraid\/vm-importieren\/","url":"https:\/\/kanuracer.eu\/index.php\/unraid\/vm-importieren\/","name":"VM Importieren - kanuracer","isPartOf":{"@id":"https:\/\/kanuracer.eu\/#website"},"primaryImageOfPage":{"@id":"https:\/\/kanuracer.eu\/index.php\/unraid\/vm-importieren\/#primaryimage"},"image":{"@id":"https:\/\/kanuracer.eu\/index.php\/unraid\/vm-importieren\/#primaryimage"},"thumbnailUrl":"https:\/\/kanuracer.eu\/wp-content\/uploads\/2022\/05\/Unbenanntes-Bild1-1024x394.png","datePublished":"2022-05-01T13:07:18+00:00","dateModified":"2023-11-10T18:47:51+00:00","breadcrumb":{"@id":"https:\/\/kanuracer.eu\/index.php\/unraid\/vm-importieren\/#breadcrumb"},"inLanguage":"de","potentialAction":[{"@type":"ReadAction","target":["https:\/\/kanuracer.eu\/index.php\/unraid\/vm-importieren\/"]}]},{"@type":"ImageObject","inLanguage":"de","@id":"https:\/\/kanuracer.eu\/index.php\/unraid\/vm-importieren\/#primaryimage","url":"https:\/\/kanuracer.eu\/wp-content\/uploads\/2022\/05\/Unbenanntes-Bild1.png","contentUrl":"https:\/\/kanuracer.eu\/wp-content\/uploads\/2022\/05\/Unbenanntes-Bild1.png","width":1388,"height":534},{"@type":"BreadcrumbList","@id":"https:\/\/kanuracer.eu\/index.php\/unraid\/vm-importieren\/#breadcrumb","itemListElement":[{"@type":"ListItem","position":1,"name":"Startseite","item":"https:\/\/kanuracer.eu\/"},{"@type":"ListItem","position":2,"name":"Unraid","item":"https:\/\/kanuracer.eu\/index.php\/unraid\/"},{"@type":"ListItem","position":3,"name":"VM Importieren"}]},{"@type":"WebSite","@id":"https:\/\/kanuracer.eu\/#website","url":"https:\/\/kanuracer.eu\/","name":"kanuracer","description":"Games, IT &amp; More","publisher":{"@id":"https:\/\/kanuracer.eu\/#\/schema\/person\/44cfc12e4d1a361d50c29f61cae0617d"},"potentialAction":[{"@type":"SearchAction","target":{"@type":"EntryPoint","urlTemplate":"https:\/\/kanuracer.eu\/?s={search_term_string}"},"query-input":{"@type":"PropertyValueSpecification","valueRequired":true,"valueName":"search_term_string"}}],"inLanguage":"de"},{"@type":["Person","Organization"],"@id":"https:\/\/kanuracer.eu\/#\/schema\/person\/44cfc12e4d1a361d50c29f61cae0617d","name":"kanuracer","image":{"@type":"ImageObject","inLanguage":"de","@id":"https:\/\/kanuracer.eu\/wp-content\/uploads\/2020\/08\/Logo_White_800.png","url":"https:\/\/kanuracer.eu\/wp-content\/uploads\/2020\/08\/Logo_White_800.png","contentUrl":"https:\/\/kanuracer.eu\/wp-content\/uploads\/2020\/08\/Logo_White_800.png","width":800,"height":800,"caption":"kanuracer"},"logo":{"@id":"https:\/\/kanuracer.eu\/wp-content\/uploads\/2020\/08\/Logo_White_800.png"},"sameAs":["https:\/\/kanuracer.eu"]}]}},"_links":{"self":[{"href":"https:\/\/kanuracer.eu\/index.php\/wp-json\/wp\/v2\/pages\/413","targetHints":{"allow":["GET"]}}],"collection":[{"href":"https:\/\/kanuracer.eu\/index.php\/wp-json\/wp\/v2\/pages"}],"about":[{"href":"https:\/\/kanuracer.eu\/index.php\/wp-json\/wp\/v2\/types\/page"}],"author":[{"embeddable":true,"href":"https:\/\/kanuracer.eu\/index.php\/wp-json\/wp\/v2\/users\/1"}],"replies":[{"embeddable":true,"href":"https:\/\/kanuracer.eu\/index.php\/wp-json\/wp\/v2\/comments?post=413"}],"version-history":[{"count":3,"href":"https:\/\/kanuracer.eu\/index.php\/wp-json\/wp\/v2\/pages\/413\/revisions"}],"predecessor-version":[{"id":802,"href":"https:\/\/kanuracer.eu\/index.php\/wp-json\/wp\/v2\/pages\/413\/revisions\/802"}],"up":[{"embeddable":true,"href":"https:\/\/kanuracer.eu\/index.php\/wp-json\/wp\/v2\/pages\/403"}],"wp:attachment":[{"href":"https:\/\/kanuracer.eu\/index.php\/wp-json\/wp\/v2\/media?parent=413"}],"curies":[{"name":"wp","href":"https:\/\/api.w.org\/{rel}","templated":true}]}}