{"id":42,"date":"2020-08-18T23:32:23","date_gmt":"2020-08-18T21:32:23","guid":{"rendered":"https:\/\/kanuracer.eu\/?page_id=42"},"modified":"2024-11-04T17:11:01","modified_gmt":"2024-11-04T16:11:01","slug":"apache2-php7-4-mariadb-phpmyadmin","status":"publish","type":"page","link":"https:\/\/kanuracer.eu\/index.php\/linux\/debian\/apache2-php7-4-mariadb-phpmyadmin\/","title":{"rendered":"Apache2, PHP, MariaDB, phpmyadmin"},"content":{"rendered":"\n<p>Als aller erstes aktualisieren wir unser System:<\/p>\n\n\n\n<p><code>apt update ; apt upgrade -y<\/code><\/p>\n\n\n\n<p>Nun m\u00fcssen wir einige Komponenten wie apache2, php, usw. installieren:<\/p>\n\n\n\n<p><code>apt install sudo gnupg2 apache2 php php-cli php-curl php-gd php-intl php-json php-mbstring php-mysql php-opcache php-readline php-xml php-xsl php-zip php-bz2 libapache2-mod-php mariadb-server mariadb-client -y<\/code><\/p>\n\n\n\n<p><code>mysql_secure_installation<\/code><\/p>\n\n\n\n<p><em>Bei der ersten Abfrage des aktuellen Passworts musst du nichts eingeben, sondern einfach die Enter-Taste dr\u00fccken. Best\u00e4tige die n\u00e4chste Frage bzgl. der \u00c4nderung des Root-Passworts mit Enter. Nun musst du ein Passwort f\u00fcr den Root-Benutzer des MariaDB-Servers vergeben. W\u00e4hrend der Eingabe erscheinen keine Zeichen, das ist jedoch normal. Best\u00e4tige alle darauffolgenden Fragen (L\u00f6schung des anonymen Benutzers, Verbieten des externen Root-Logins aus Sicherheitsgr\u00fcnden, Entfernen der Testdatenbank und Aktualisieren der Rechte) ebenfalls mit Enter. Danach ist der MariaDB-Server fertig installiert und konfiguriert.<\/em><\/p>\n\n\n\n<p>Nun muss der Webserver einmal neu gestartet werden:<\/p>\n\n\n\n<p><code>systemctl restart apache2<\/code><\/p>\n\n\n\n<p>Um phpmyadmin zu installieren, muss folgendes ausgef\u00fchrt werden:<\/p>\n\n\n\n<p><code>cd \/usr\/share &amp;&amp; wget https:\/\/files.phpmyadmin.net\/phpMyAdmin\/5.0.3\/phpMyAdmin-5.0.3-all-languages.zip ; unzip phpMyAdmin-5.0.3-all-languages.zip ; rm phpMyAdmin-5.0.3-all-languages.zip ; mv phpMyAdmin-5.0.3-all-languages phpmyadmin ; chmod -R 0755 phpmyadmin<\/code><\/p>\n\n\n\n<p><code>nano \/etc\/apache2\/conf-available\/phpmyadmin.conf<\/code><\/p>\n\n\n\n<p><em>F\u00fcge nun diese Zeilen in die phpmyadmin.conf ein:<\/em><\/p>\n\n\n\n<p><code># phpMyAdmin Apache configuration<br>Alias \/phpmyadmin \/usr\/share\/phpmyadmin<br>&lt;Directory \/usr\/share\/phpmyadmin&gt;<br>Options SymLinksIfOwnerMatch<br>DirectoryIndex index.php<br>&lt;\/Directory&gt;<br># Disallow web access to directories that don't need it<br>&lt;Directory \/usr\/share\/phpmyadmin\/templates&gt;<br>Require all denied<br>&lt;\/Directory&gt;<br>&lt;Directory \/usr\/share\/phpmyadmin\/libraries&gt;<br>Require all denied<br>&lt;\/Directory&gt;<br>&lt;Directory \/usr\/share\/phpmyadmin\/setup\/lib&gt;<br>Require all denied<br>&lt;\/Directory&gt;<\/code><\/p>\n\n\n\n<p><em>Speichere nun mit STRG+X , dann Y und beende mit Enter.<\/em><\/p>\n\n\n\n<p><code>a2enconf phpmyadmin<\/code><\/p>\n\n\n\n<p><code>systemctl reload apache2<\/code><\/p>\n\n\n\n<p><em>Nun lege in Mysql einen neuen Nutzer mit allen Rechten an:<\/em><\/p>\n\n\n\n<p><code>mysql -u root<\/code><\/p>\n\n\n\n<p><code>CREATE USER 'username'@'localhost' IDENTIFIED BY 'password';<\/code><\/p>\n\n\n\n<p><em>Ersetze hier nun username und password.<\/em><\/p>\n\n\n\n<p><code>GRANT ALL PRIVILEGES ON *.* TO 'username'@'localhost' WITH GRANT OPTION;<\/code><\/p>\n\n\n\n<p><code>exit<\/code><\/p>\n\n\n\n<p><em>Jetzt kannst du dich unter IP\/phpmyadmin oder Domain\/phpmyadmin mit dem neuen Nutzer einloggen.<\/em><\/p>\n\n\n\n<p><em>Zuletzt gepr\u00fcft und bearbeitet: <span class=\"last-modified-timestamp\">Nov. 4, 2024 @ 17:11<\/span><\/em><\/p>\n","protected":false},"excerpt":{"rendered":"<p>Als aller erstes aktualisieren wir unser System: apt update ; apt upgrade -y Nun m\u00fcssen wir einige Komponenten wie apache2, php, usw. installieren: apt install sudo gnupg2 apache2 php php-cli php-curl php-gd php-intl php-json php-mbstring php-mysql php-opcache php-readline php-xml php-xsl php-zip php-bz2 libapache2-mod-php mariadb-server mariadb-client -y mysql_secure_installation Bei der ersten Abfrage des aktuellen Passworts musst [&hellip;]<\/p>\n","protected":false},"author":1,"featured_media":0,"parent":24,"menu_order":0,"comment_status":"closed","ping_status":"closed","template":"","meta":{"footnotes":""},"class_list":["post-42","page","type-page","status-publish","hentry"],"yoast_head":"<!-- This site is optimized with the Yoast SEO plugin v27.5 - https:\/\/yoast.com\/product\/yoast-seo-wordpress\/ -->\n<title>Apache2, PHP, MariaDB, phpmyadmin - kanuracer<\/title>\n<meta name=\"robots\" content=\"index, follow, max-snippet:-1, max-image-preview:large, max-video-preview:-1\" \/>\n<link rel=\"canonical\" href=\"https:\/\/kanuracer.eu\/index.php\/linux\/debian\/apache2-php7-4-mariadb-phpmyadmin\/\" \/>\n<meta property=\"og:locale\" content=\"de_DE\" \/>\n<meta property=\"og:type\" content=\"article\" \/>\n<meta property=\"og:title\" content=\"Apache2, PHP, MariaDB, phpmyadmin - kanuracer\" \/>\n<meta property=\"og:description\" content=\"Als aller erstes aktualisieren wir unser System: apt update ; apt upgrade -y Nun m\u00fcssen wir einige Komponenten wie apache2, php, usw. installieren: apt install sudo gnupg2 apache2 php php-cli php-curl php-gd php-intl php-json php-mbstring php-mysql php-opcache php-readline php-xml php-xsl php-zip php-bz2 libapache2-mod-php mariadb-server mariadb-client -y mysql_secure_installation Bei der ersten Abfrage des aktuellen Passworts musst [&hellip;]\" \/>\n<meta property=\"og:url\" content=\"https:\/\/kanuracer.eu\/index.php\/linux\/debian\/apache2-php7-4-mariadb-phpmyadmin\/\" \/>\n<meta property=\"og:site_name\" content=\"kanuracer\" \/>\n<meta property=\"article:modified_time\" content=\"2024-11-04T16:11:01+00:00\" \/>\n<meta name=\"twitter:card\" content=\"summary_large_image\" \/>\n<meta name=\"twitter:label1\" content=\"Gesch\u00e4tzte Lesezeit\" \/>\n\t<meta name=\"twitter:data1\" content=\"1\u00a0Minute\" \/>\n<script type=\"application\/ld+json\" class=\"yoast-schema-graph\">{\"@context\":\"https:\\\/\\\/schema.org\",\"@graph\":[{\"@type\":\"WebPage\",\"@id\":\"https:\\\/\\\/kanuracer.eu\\\/index.php\\\/linux\\\/debian\\\/apache2-php7-4-mariadb-phpmyadmin\\\/\",\"url\":\"https:\\\/\\\/kanuracer.eu\\\/index.php\\\/linux\\\/debian\\\/apache2-php7-4-mariadb-phpmyadmin\\\/\",\"name\":\"Apache2, PHP, MariaDB, phpmyadmin - kanuracer\",\"isPartOf\":{\"@id\":\"https:\\\/\\\/kanuracer.eu\\\/#website\"},\"datePublished\":\"2020-08-18T21:32:23+00:00\",\"dateModified\":\"2024-11-04T16:11:01+00:00\",\"breadcrumb\":{\"@id\":\"https:\\\/\\\/kanuracer.eu\\\/index.php\\\/linux\\\/debian\\\/apache2-php7-4-mariadb-phpmyadmin\\\/#breadcrumb\"},\"inLanguage\":\"de\",\"potentialAction\":[{\"@type\":\"ReadAction\",\"target\":[\"https:\\\/\\\/kanuracer.eu\\\/index.php\\\/linux\\\/debian\\\/apache2-php7-4-mariadb-phpmyadmin\\\/\"]}]},{\"@type\":\"BreadcrumbList\",\"@id\":\"https:\\\/\\\/kanuracer.eu\\\/index.php\\\/linux\\\/debian\\\/apache2-php7-4-mariadb-phpmyadmin\\\/#breadcrumb\",\"itemListElement\":[{\"@type\":\"ListItem\",\"position\":1,\"name\":\"Startseite\",\"item\":\"https:\\\/\\\/kanuracer.eu\\\/\"},{\"@type\":\"ListItem\",\"position\":2,\"name\":\"Linux\",\"item\":\"https:\\\/\\\/kanuracer.eu\\\/index.php\\\/linux\\\/\"},{\"@type\":\"ListItem\",\"position\":3,\"name\":\"Debian\",\"item\":\"https:\\\/\\\/kanuracer.eu\\\/index.php\\\/linux\\\/debian\\\/\"},{\"@type\":\"ListItem\",\"position\":4,\"name\":\"Apache2, PHP, MariaDB, phpmyadmin\"}]},{\"@type\":\"WebSite\",\"@id\":\"https:\\\/\\\/kanuracer.eu\\\/#website\",\"url\":\"https:\\\/\\\/kanuracer.eu\\\/\",\"name\":\"kanuracer\",\"description\":\"Games, IT &amp; More\",\"publisher\":{\"@id\":\"https:\\\/\\\/kanuracer.eu\\\/#\\\/schema\\\/person\\\/44cfc12e4d1a361d50c29f61cae0617d\"},\"potentialAction\":[{\"@type\":\"SearchAction\",\"target\":{\"@type\":\"EntryPoint\",\"urlTemplate\":\"https:\\\/\\\/kanuracer.eu\\\/?s={search_term_string}\"},\"query-input\":{\"@type\":\"PropertyValueSpecification\",\"valueRequired\":true,\"valueName\":\"search_term_string\"}}],\"inLanguage\":\"de\"},{\"@type\":[\"Person\",\"Organization\"],\"@id\":\"https:\\\/\\\/kanuracer.eu\\\/#\\\/schema\\\/person\\\/44cfc12e4d1a361d50c29f61cae0617d\",\"name\":\"kanuracer\",\"image\":{\"@type\":\"ImageObject\",\"inLanguage\":\"de\",\"@id\":\"https:\\\/\\\/kanuracer.eu\\\/wp-content\\\/uploads\\\/2020\\\/08\\\/Logo_White_800.png\",\"url\":\"https:\\\/\\\/kanuracer.eu\\\/wp-content\\\/uploads\\\/2020\\\/08\\\/Logo_White_800.png\",\"contentUrl\":\"https:\\\/\\\/kanuracer.eu\\\/wp-content\\\/uploads\\\/2020\\\/08\\\/Logo_White_800.png\",\"width\":800,\"height\":800,\"caption\":\"kanuracer\"},\"logo\":{\"@id\":\"https:\\\/\\\/kanuracer.eu\\\/wp-content\\\/uploads\\\/2020\\\/08\\\/Logo_White_800.png\"},\"sameAs\":[\"https:\\\/\\\/kanuracer.eu\"]}]}<\/script>\n<!-- \/ Yoast SEO plugin. -->","yoast_head_json":{"title":"Apache2, PHP, MariaDB, phpmyadmin - kanuracer","robots":{"index":"index","follow":"follow","max-snippet":"max-snippet:-1","max-image-preview":"max-image-preview:large","max-video-preview":"max-video-preview:-1"},"canonical":"https:\/\/kanuracer.eu\/index.php\/linux\/debian\/apache2-php7-4-mariadb-phpmyadmin\/","og_locale":"de_DE","og_type":"article","og_title":"Apache2, PHP, MariaDB, phpmyadmin - kanuracer","og_description":"Als aller erstes aktualisieren wir unser System: apt update ; apt upgrade -y Nun m\u00fcssen wir einige Komponenten wie apache2, php, usw. installieren: apt install sudo gnupg2 apache2 php php-cli php-curl php-gd php-intl php-json php-mbstring php-mysql php-opcache php-readline php-xml php-xsl php-zip php-bz2 libapache2-mod-php mariadb-server mariadb-client -y mysql_secure_installation Bei der ersten Abfrage des aktuellen Passworts musst [&hellip;]","og_url":"https:\/\/kanuracer.eu\/index.php\/linux\/debian\/apache2-php7-4-mariadb-phpmyadmin\/","og_site_name":"kanuracer","article_modified_time":"2024-11-04T16:11:01+00:00","twitter_card":"summary_large_image","twitter_misc":{"Gesch\u00e4tzte Lesezeit":"1\u00a0Minute"},"schema":{"@context":"https:\/\/schema.org","@graph":[{"@type":"WebPage","@id":"https:\/\/kanuracer.eu\/index.php\/linux\/debian\/apache2-php7-4-mariadb-phpmyadmin\/","url":"https:\/\/kanuracer.eu\/index.php\/linux\/debian\/apache2-php7-4-mariadb-phpmyadmin\/","name":"Apache2, PHP, MariaDB, phpmyadmin - kanuracer","isPartOf":{"@id":"https:\/\/kanuracer.eu\/#website"},"datePublished":"2020-08-18T21:32:23+00:00","dateModified":"2024-11-04T16:11:01+00:00","breadcrumb":{"@id":"https:\/\/kanuracer.eu\/index.php\/linux\/debian\/apache2-php7-4-mariadb-phpmyadmin\/#breadcrumb"},"inLanguage":"de","potentialAction":[{"@type":"ReadAction","target":["https:\/\/kanuracer.eu\/index.php\/linux\/debian\/apache2-php7-4-mariadb-phpmyadmin\/"]}]},{"@type":"BreadcrumbList","@id":"https:\/\/kanuracer.eu\/index.php\/linux\/debian\/apache2-php7-4-mariadb-phpmyadmin\/#breadcrumb","itemListElement":[{"@type":"ListItem","position":1,"name":"Startseite","item":"https:\/\/kanuracer.eu\/"},{"@type":"ListItem","position":2,"name":"Linux","item":"https:\/\/kanuracer.eu\/index.php\/linux\/"},{"@type":"ListItem","position":3,"name":"Debian","item":"https:\/\/kanuracer.eu\/index.php\/linux\/debian\/"},{"@type":"ListItem","position":4,"name":"Apache2, PHP, MariaDB, phpmyadmin"}]},{"@type":"WebSite","@id":"https:\/\/kanuracer.eu\/#website","url":"https:\/\/kanuracer.eu\/","name":"kanuracer","description":"Games, IT &amp; More","publisher":{"@id":"https:\/\/kanuracer.eu\/#\/schema\/person\/44cfc12e4d1a361d50c29f61cae0617d"},"potentialAction":[{"@type":"SearchAction","target":{"@type":"EntryPoint","urlTemplate":"https:\/\/kanuracer.eu\/?s={search_term_string}"},"query-input":{"@type":"PropertyValueSpecification","valueRequired":true,"valueName":"search_term_string"}}],"inLanguage":"de"},{"@type":["Person","Organization"],"@id":"https:\/\/kanuracer.eu\/#\/schema\/person\/44cfc12e4d1a361d50c29f61cae0617d","name":"kanuracer","image":{"@type":"ImageObject","inLanguage":"de","@id":"https:\/\/kanuracer.eu\/wp-content\/uploads\/2020\/08\/Logo_White_800.png","url":"https:\/\/kanuracer.eu\/wp-content\/uploads\/2020\/08\/Logo_White_800.png","contentUrl":"https:\/\/kanuracer.eu\/wp-content\/uploads\/2020\/08\/Logo_White_800.png","width":800,"height":800,"caption":"kanuracer"},"logo":{"@id":"https:\/\/kanuracer.eu\/wp-content\/uploads\/2020\/08\/Logo_White_800.png"},"sameAs":["https:\/\/kanuracer.eu"]}]}},"_links":{"self":[{"href":"https:\/\/kanuracer.eu\/index.php\/wp-json\/wp\/v2\/pages\/42","targetHints":{"allow":["GET"]}}],"collection":[{"href":"https:\/\/kanuracer.eu\/index.php\/wp-json\/wp\/v2\/pages"}],"about":[{"href":"https:\/\/kanuracer.eu\/index.php\/wp-json\/wp\/v2\/types\/page"}],"author":[{"embeddable":true,"href":"https:\/\/kanuracer.eu\/index.php\/wp-json\/wp\/v2\/users\/1"}],"replies":[{"embeddable":true,"href":"https:\/\/kanuracer.eu\/index.php\/wp-json\/wp\/v2\/comments?post=42"}],"version-history":[{"count":10,"href":"https:\/\/kanuracer.eu\/index.php\/wp-json\/wp\/v2\/pages\/42\/revisions"}],"predecessor-version":[{"id":890,"href":"https:\/\/kanuracer.eu\/index.php\/wp-json\/wp\/v2\/pages\/42\/revisions\/890"}],"up":[{"embeddable":true,"href":"https:\/\/kanuracer.eu\/index.php\/wp-json\/wp\/v2\/pages\/24"}],"wp:attachment":[{"href":"https:\/\/kanuracer.eu\/index.php\/wp-json\/wp\/v2\/media?parent=42"}],"curies":[{"name":"wp","href":"https:\/\/api.w.org\/{rel}","templated":true}]}}