{"id":425,"date":"2022-05-02T08:01:56","date_gmt":"2022-05-02T06:01:56","guid":{"rendered":"https:\/\/kanuracer.eu\/?page_id=425"},"modified":"2024-08-02T20:28:44","modified_gmt":"2024-08-02T18:28:44","slug":"stromsparender-unraid-server","status":"publish","type":"page","link":"https:\/\/kanuracer.eu\/index.php\/unraid\/stromsparender-unraid-server\/","title":{"rendered":"Stromsparender Unraid-Server"},"content":{"rendered":"\n<p class=\"has-text-align-center\">&#8212;&#8212;&#8212;&#8212;&#8212;&#8212;&#8212;&#8212;&#8212;&#8212;&#8212;&#8212;&#8212;&#8212;&#8212;&#8212;&#8212;&#8212;&#8212;&#8212;&#8212;&#8212;&#8212;&#8212;&#8212;&#8212;&#8212;&#8212;&#8212;&#8212;&#8212;&#8212;&#8212;&#8212;&#8212;&#8212;&#8212;&#8212;&#8211;<br><br><strong>Da es den Minisforum um350 nicht mehr zu kaufen gibt, ist diese Anleitung leider nicht mehr up to date. <\/strong><\/p>\n\n\n\n<p class=\"has-text-align-center\"><mark data-darkreader-inline-bgcolor=\"\" style=\"background-color: rgba(0, 0, 0, 0); --darkreader-inline-bgcolor: rgba(0, 0, 0, 0);\" class=\"has-inline-color has-luminous-vivid-amber-color\">ACHTUNG: Laut Leserberichten wird das unten stehende Festplattengeh\u00e4use nicht richtig im Unraid erkannt. Dies betrifft wohl die Seriennummern 123XXX. Bei der Seriennummer 121XXX tritt das Problem nicht auf.<\/mark><\/p>\n\n\n\n<p class=\"has-text-align-center\">&#8212;&#8212;&#8212;&#8212;&#8212;&#8212;&#8212;&#8212;&#8212;&#8212;&#8212;&#8212;&#8212;&#8212;&#8212;&#8212;&#8212;&#8212;&#8212;&#8212;&#8212;&#8212;&#8212;&#8212;&#8212;&#8212;&#8212;&#8212;&#8212;&#8212;&#8212;&#8212;&#8212;&#8212;&#8212;&#8212;&#8212;&#8212;&#8211;<br><br>Ihr wollt auch euren eigenen stromsparenden Homeserver? Ich zeige euch was ihr daf\u00fcr ben\u00f6tigt.<\/p>\n\n\n<div class=\"wp-block-image is-style-default\">\n<figure class=\"aligncenter size-large is-resized\"><img loading=\"lazy\" decoding=\"async\" width=\"637\" height=\"1024\" src=\"https:\/\/kanuracer.eu\/wp-content\/uploads\/2022\/05\/IMG_3269-637x1024.jpg\" alt=\"\" class=\"wp-image-426\" style=\"width:319px;height:512px\" srcset=\"https:\/\/kanuracer.eu\/wp-content\/uploads\/2022\/05\/IMG_3269-637x1024.jpg 637w, https:\/\/kanuracer.eu\/wp-content\/uploads\/2022\/05\/IMG_3269-187x300.jpg 187w, https:\/\/kanuracer.eu\/wp-content\/uploads\/2022\/05\/IMG_3269-768x1234.jpg 768w, https:\/\/kanuracer.eu\/wp-content\/uploads\/2022\/05\/IMG_3269-956x1536.jpg 956w, https:\/\/kanuracer.eu\/wp-content\/uploads\/2022\/05\/IMG_3269-1275x2048.jpg 1275w, https:\/\/kanuracer.eu\/wp-content\/uploads\/2022\/05\/IMG_3269-scaled.jpg 1593w\" sizes=\"auto, (max-width: 637px) 100vw, 637px\" \/><\/figure>\n<\/div>\n\n\n<p>Folgende Hardware wird zwingend ben\u00f6tigt:<\/p>\n\n\n\n<figure class=\"wp-block-table is-style-stripes\"><table><tbody><tr><td>Bezeichnung<\/td><td>Link<\/td><td>Preis**<\/td><\/tr><tr><td>Mini-PC UM350<\/td><td><a href=\"https:\/\/store.minisforum.de\/products\/um350\" target=\"_blank\" rel=\"noreferrer noopener\">Minisforum<\/a><\/td><td>Ca. 250\u20ac<\/td><\/tr><tr><td>Festplattengeh\u00e4use<\/td><td><a href=\"https:\/\/www.amazon.de\/FANTEC-QB-35U31-Externes-Festplattengeh%C3%A4use-Schwarz\/dp\/B07DD1QZY7\/ref=sr_1_1?__mk_de_DE=%C3%85M%C3%85%C5%BD%C3%95%C3%91&amp;crid=30ZC8LV2ESBWE&amp;keywords=FANTEC%2BQB-35U31&amp;qid=1690452838&amp;s=computers&amp;sprefix=fantec%2Bqb-35u31%2Ccomputers%2C129&amp;sr=1-1&amp;th=1\" target=\"_blank\" rel=\"noreferrer noopener\">Amazon<\/a><\/td><td>Ca. 159\u20ac<\/td><\/tr><tr><td>Festplatten 4TB (2x)<\/td><td><a href=\"https:\/\/www.amazon.de\/Seagate-ST4000VXZ07-Festplatte-%C3%9Cberwachungssysteme-silberfarben\/dp\/B07H231394\/ref=sr_1_5?__mk_de_DE=%C3%85M%C3%85%C5%BD%C3%95%C3%91&amp;crid=KB48NFA5KZPS&amp;keywords=Seagate+SkyHawk+4TB&amp;qid=1690452918&amp;s=computers&amp;sprefix=seagate+skyhawk+4tb%2Ccomputers%2C131&amp;sr=1-5\" target=\"_blank\" rel=\"noreferrer noopener\">Amazon<\/a><\/td><td>Ca. 119\u20ac\/Stk<\/td><\/tr><tr><td>SSDs 500GB (2x)<\/td><td><a href=\"https:\/\/www.amazon.de\/Samsung-Internes-Solid-MZ-77E500B-EU\/dp\/B08PC43D78\/ref=sr_1_3?__mk_de_DE=%C3%85M%C3%85%C5%BD%C3%95%C3%91&amp;crid=1YVT9BP6QTHBX&amp;keywords=500gb%2Bssd&amp;qid=1690453015&amp;sprefix=500gb%2Bssd%2Caps%2C151&amp;sr=8-3&amp;th=1\" target=\"_blank\" rel=\"noreferrer noopener\">Amazon<\/a><\/td><td>Ca. 36\u20ac\/Stk<\/td><\/tr><tr><td>Unraid (12 Festplatten)<\/td><td><a href=\"https:\/\/unraid.net\/de\" target=\"_blank\" rel=\"noreferrer noopener\">Unraid<\/a><\/td><td>Ca. 90\u20ac<\/td><\/tr><tr><td>USB-Stick mit GUID f\u00fcr OS<\/td><td><a href=\"https:\/\/www.amazon.de\/Transcend-TS32GJF350-JetFlash-USB-Stick-schwarz\/dp\/B0063I1NJU\/ref=sr_1_1?__mk_de_DE=%C3%85M%C3%85%C5%BD%C3%95%C3%91&amp;crid=3112J4W7DFVWQ&amp;keywords=Transcend%2BTS32GJF350&amp;qid=1690453073&amp;s=computers&amp;sprefix=transcend%2Bts32gjf350%2Ccomputers%2C129&amp;sr=1-1&amp;th=1\" target=\"_blank\" rel=\"noreferrer noopener\">Amazon<\/a><\/td><td>Ca. 6\u20ac<\/td><\/tr><tr><td>Gesamt<\/td><td>&nbsp;<\/td><td>Ca. 779\u20ac<\/td><\/tr><\/tbody><\/table><\/figure>\n\n\n\n<p>Optionale Teileliste<\/p>\n\n\n\n<figure class=\"wp-block-table is-style-stripes\"><table><tbody><tr><td>Bezeichnung<\/td><td>Link<\/td><td>Preis**<\/td><\/tr><tr><td>RAM 32GB (2&#215;16)<\/td><td><a href=\"https:\/\/www.amazon.de\/Crucial-CT16G4SFRA32A-16GB-DDR4-Laptop-Speicher\/dp\/B08C511GQH\/ref=sr_1_2?__mk_de_DE=%C3%85M%C3%85%C5%BD%C3%95%C3%91&amp;crid=1DECDJ4NL280C&amp;keywords=Crucial%2BRAM%2B16GB%2BDDR4%2B3200%2BMHz%2BCL22&amp;qid=1690453188&amp;s=computers&amp;sprefix=crucial%2Bram%2B16gb%2Bddr4%2B3200%2Bmhz%2Bcl22%2Ccomputers%2C128&amp;sr=1-2&amp;th=1\" target=\"_blank\" rel=\"noreferrer noopener\">Amazon<\/a><\/td><td>Ca. 30\u20ac\/Stk<\/td><\/tr><tr><td>L\u00fcfter f\u00fcr HDD Geh\u00e4use<\/td><td><a href=\"https:\/\/www.amazon.de\/ARCTIC-Silent-Besonders-statischen-ger%C3%A4uschpegel\/dp\/B07WWKC8Q3\/ref=sr_1_3?__mk_de_DE=%C3%85M%C3%85%C5%BD%C3%95%C3%91&amp;crid=UW0T0ZOFMXGF&amp;keywords=arctic+p8+-+pc+l%C3%BCfter%2C+80mm&amp;qid=1690453242&amp;s=computers&amp;sprefix=arctic+p8+-+pc+l%C3%BCfter+80+mm+%2Ccomputers%2C135&amp;sr=1-3\" target=\"_blank\" rel=\"noreferrer noopener\">Amazon<\/a><\/td><td>Ca. 8\u20ac<\/td><\/tr><tr><td>USB-C zu USB-A 10GBit\/s<\/td><td><a href=\"https:\/\/www.amazon.de\/Conmdex-2er-Pack-Schnelllade-Synchronisations-Datenkabel-Transfer-Ladekabel-kompatibel\/dp\/B087JMJSVC\/ref=sr_1_1_sspa?__mk_de_DE=%C3%85M%C3%85%C5%BD%C3%95%C3%91&amp;crid=1ZVZ64W4VAXND&amp;keywords=uSB%2BC%2BKabel%2BCONMDEX&amp;qid=1690453290&amp;s=computers&amp;sprefix=usb%2Bc%2Bkabel%2Bconmdex%2Ccomputers%2C122&amp;sr=1-1-spons&amp;sp_csd=d2lkZ2V0TmFtZT1zcF9hdGY&amp;th=1\" target=\"_blank\" rel=\"noreferrer noopener\">Amazon<\/a><\/td><td>Ca. 16\u20ac<\/td><\/tr><tr><td>2.5&#8243; Geh\u00e4use<\/td><td><a href=\"https:\/\/www.amazon.de\/Inateck-Festplattengeh%C3%A4use-Kabel-unterst%C3%BCtzt-werkzeuglos\/dp\/B089K3V2MB\/ref=sr_1_1?__mk_de_DE=%C3%85M%C3%85%C5%BD%C3%95%C3%91&amp;crid=QWEFWHXB7LLV&amp;keywords=Inateck+Festplattengeh%C3%A4use+2%2C5+Zoll+USB+C+3.2+Gen+2&amp;qid=1690453333&amp;s=ce-de&amp;sprefix=inateck+festplattengeh%C3%A4use+2+5+zoll+usb+c+3.2+gen+2%2Celectronics%2C132&amp;sr=1-1\" target=\"_blank\" rel=\"noreferrer noopener\">Amazon<\/a><\/td><td>Ca. 18\u20ac<\/td><\/tr><tr><td>Gesamt<\/td><td>&nbsp;<\/td><td>Ca. 102\u20ac<\/td><\/tr><\/tbody><\/table><\/figure>\n\n\n\n<p>Der Mini-PC enth\u00e4lt einen Leistungsstarken Ryzen 5 3550U (4c\/8t), mit schon vorinstallierten 16GB DDR4 3200MHz RAM und einer 512 GB Nvme m.2 SSD. Die m.2 SSD dient sp\u00e4ter als Cache, um schneller auf den Server Daten zuschreiben.<br>F\u00fcr das Array kommen die zuverl\u00e4ssigen Seagate Skyhawk Festplatten&nbsp; in einem Fantec 4Bay Geh\u00e4use zum Einsatz. Das Geh\u00e4use ist mit 10 Gbit\/s angebunden. Durch die Anbindung kommt es zu keinen Bottleneck der HDD&#8217;s.<\/p>\n\n\n\n<p>F\u00fcr die SSD&#8217;s habe ich mich entschieden, da diese sehr langlebig sind. Eine von beiden wird im Mini-PC und die andere im Festplattengeh\u00e4use oder optional im 2.5&#8243; Geh\u00e4use verbaut. Diese werden dann sp\u00e4ter gespiegelt f\u00fcr unsere Docker und VMs genutzt.<br><br>Aber wie viel verbraucht der Server denn nun eigentlich?<br>In meiner Konfiguration (32 GB RAM; 2&#215;4 TB HDD, 2&#215;2,5&#8243; SSD; 1xNVME SSD) verbraucht der Server mit eingeschalteten HDDs ca <strong>31 Watt<\/strong> und mit ausgeschalteten HDDs ca <strong>23 Watt<\/strong>.<br><\/p>\n\n\n\n<p><\/p>\n\n\n\n<p><em>**Preise k\u00f6nnen abweichen. Die Preise wurden am 27.07.2023 12:00 Uhr von den entsprechenden Seiten (Link) entnommen.<\/em><\/p>\n\n\n\n<p><em>Zuletzt gepr\u00fcft und bearbeitet: <span class=\"last-modified-timestamp\">Aug. 2, 2024 @ 20:28<\/span><\/em><\/p>\n","protected":false},"excerpt":{"rendered":"<p>&#8212;&#8212;&#8212;&#8212;&#8212;&#8212;&#8212;&#8212;&#8212;&#8212;&#8212;&#8212;&#8212;&#8212;&#8212;&#8212;&#8212;&#8212;&#8212;&#8212;&#8212;&#8212;&#8212;&#8212;&#8212;&#8212;&#8212;&#8212;&#8212;&#8212;&#8212;&#8212;&#8212;&#8212;&#8212;&#8212;&#8212;&#8212;&#8211; Da es den Minisforum um350 nicht mehr zu kaufen gibt, ist diese Anleitung leider nicht mehr up to date. ACHTUNG: Laut Leserberichten wird das unten stehende Festplattengeh\u00e4use nicht richtig im Unraid erkannt. Dies betrifft wohl die Seriennummern 123XXX. Bei der Seriennummer 121XXX tritt das Problem nicht auf. &#8212;&#8212;&#8212;&#8212;&#8212;&#8212;&#8212;&#8212;&#8212;&#8212;&#8212;&#8212;&#8212;&#8212;&#8212;&#8212;&#8212;&#8212;&#8212;&#8212;&#8212;&#8212;&#8212;&#8212;&#8212;&#8212;&#8212;&#8212;&#8212;&#8212;&#8212;&#8212;&#8212;&#8212;&#8212;&#8212;&#8212;&#8212;&#8211; Ihr wollt auch euren eigenen stromsparenden [&hellip;]<\/p>\n","protected":false},"author":1,"featured_media":0,"parent":403,"menu_order":0,"comment_status":"closed","ping_status":"closed","template":"","meta":{"footnotes":""},"class_list":["post-425","page","type-page","status-publish","hentry"],"yoast_head":"<!-- This site is optimized with the Yoast SEO plugin v27.6 - https:\/\/yoast.com\/product\/yoast-seo-wordpress\/ -->\n<title>Stromsparender Unraid-Server - kanuracer<\/title>\n<meta name=\"robots\" content=\"index, follow, max-snippet:-1, max-image-preview:large, max-video-preview:-1\" \/>\n<link rel=\"canonical\" href=\"https:\/\/kanuracer.eu\/index.php\/unraid\/stromsparender-unraid-server\/\" \/>\n<meta property=\"og:locale\" content=\"de_DE\" \/>\n<meta property=\"og:type\" content=\"article\" \/>\n<meta property=\"og:title\" content=\"Stromsparender Unraid-Server - kanuracer\" \/>\n<meta property=\"og:description\" content=\"&#8212;&#8212;&#8212;&#8212;&#8212;&#8212;&#8212;&#8212;&#8212;&#8212;&#8212;&#8212;&#8212;&#8212;&#8212;&#8212;&#8212;&#8212;&#8212;&#8212;&#8212;&#8212;&#8212;&#8212;&#8212;&#8212;&#8212;&#8212;&#8212;&#8212;&#8212;&#8212;&#8212;&#8212;&#8212;&#8212;&#8212;&#8212;&#8211; Da es den Minisforum um350 nicht mehr zu kaufen gibt, ist diese Anleitung leider nicht mehr up to date. ACHTUNG: Laut Leserberichten wird das unten stehende Festplattengeh\u00e4use nicht richtig im Unraid erkannt. Dies betrifft wohl die Seriennummern 123XXX. Bei der Seriennummer 121XXX tritt das Problem nicht auf. &#8212;&#8212;&#8212;&#8212;&#8212;&#8212;&#8212;&#8212;&#8212;&#8212;&#8212;&#8212;&#8212;&#8212;&#8212;&#8212;&#8212;&#8212;&#8212;&#8212;&#8212;&#8212;&#8212;&#8212;&#8212;&#8212;&#8212;&#8212;&#8212;&#8212;&#8212;&#8212;&#8212;&#8212;&#8212;&#8212;&#8212;&#8212;&#8211; Ihr wollt auch euren eigenen stromsparenden [&hellip;]\" \/>\n<meta property=\"og:url\" content=\"https:\/\/kanuracer.eu\/index.php\/unraid\/stromsparender-unraid-server\/\" \/>\n<meta property=\"og:site_name\" content=\"kanuracer\" \/>\n<meta property=\"article:modified_time\" content=\"2024-08-02T18:28:44+00:00\" \/>\n<meta property=\"og:image\" content=\"https:\/\/kanuracer.eu\/wp-content\/uploads\/2022\/05\/IMG_3269-637x1024.jpg\" \/>\n<meta name=\"twitter:card\" content=\"summary_large_image\" \/>\n<meta name=\"twitter:label1\" content=\"Gesch\u00e4tzte Lesezeit\" \/>\n\t<meta name=\"twitter:data1\" content=\"2\u00a0Minuten\" \/>\n<script type=\"application\/ld+json\" class=\"yoast-schema-graph\">{\"@context\":\"https:\\\/\\\/schema.org\",\"@graph\":[{\"@type\":\"WebPage\",\"@id\":\"https:\\\/\\\/kanuracer.eu\\\/index.php\\\/unraid\\\/stromsparender-unraid-server\\\/\",\"url\":\"https:\\\/\\\/kanuracer.eu\\\/index.php\\\/unraid\\\/stromsparender-unraid-server\\\/\",\"name\":\"Stromsparender Unraid-Server - kanuracer\",\"isPartOf\":{\"@id\":\"https:\\\/\\\/kanuracer.eu\\\/#website\"},\"primaryImageOfPage\":{\"@id\":\"https:\\\/\\\/kanuracer.eu\\\/index.php\\\/unraid\\\/stromsparender-unraid-server\\\/#primaryimage\"},\"image\":{\"@id\":\"https:\\\/\\\/kanuracer.eu\\\/index.php\\\/unraid\\\/stromsparender-unraid-server\\\/#primaryimage\"},\"thumbnailUrl\":\"https:\\\/\\\/kanuracer.eu\\\/wp-content\\\/uploads\\\/2022\\\/05\\\/IMG_3269-637x1024.jpg\",\"datePublished\":\"2022-05-02T06:01:56+00:00\",\"dateModified\":\"2024-08-02T18:28:44+00:00\",\"breadcrumb\":{\"@id\":\"https:\\\/\\\/kanuracer.eu\\\/index.php\\\/unraid\\\/stromsparender-unraid-server\\\/#breadcrumb\"},\"inLanguage\":\"de\",\"potentialAction\":[{\"@type\":\"ReadAction\",\"target\":[\"https:\\\/\\\/kanuracer.eu\\\/index.php\\\/unraid\\\/stromsparender-unraid-server\\\/\"]}]},{\"@type\":\"ImageObject\",\"inLanguage\":\"de\",\"@id\":\"https:\\\/\\\/kanuracer.eu\\\/index.php\\\/unraid\\\/stromsparender-unraid-server\\\/#primaryimage\",\"url\":\"https:\\\/\\\/kanuracer.eu\\\/wp-content\\\/uploads\\\/2022\\\/05\\\/IMG_3269-scaled.jpg\",\"contentUrl\":\"https:\\\/\\\/kanuracer.eu\\\/wp-content\\\/uploads\\\/2022\\\/05\\\/IMG_3269-scaled.jpg\",\"width\":1593,\"height\":2560},{\"@type\":\"BreadcrumbList\",\"@id\":\"https:\\\/\\\/kanuracer.eu\\\/index.php\\\/unraid\\\/stromsparender-unraid-server\\\/#breadcrumb\",\"itemListElement\":[{\"@type\":\"ListItem\",\"position\":1,\"name\":\"Startseite\",\"item\":\"https:\\\/\\\/kanuracer.eu\\\/\"},{\"@type\":\"ListItem\",\"position\":2,\"name\":\"Unraid\",\"item\":\"https:\\\/\\\/kanuracer.eu\\\/index.php\\\/unraid\\\/\"},{\"@type\":\"ListItem\",\"position\":3,\"name\":\"Stromsparender Unraid-Server\"}]},{\"@type\":\"WebSite\",\"@id\":\"https:\\\/\\\/kanuracer.eu\\\/#website\",\"url\":\"https:\\\/\\\/kanuracer.eu\\\/\",\"name\":\"kanuracer\",\"description\":\"Games, IT &amp; More\",\"publisher\":{\"@id\":\"https:\\\/\\\/kanuracer.eu\\\/#\\\/schema\\\/person\\\/44cfc12e4d1a361d50c29f61cae0617d\"},\"potentialAction\":[{\"@type\":\"SearchAction\",\"target\":{\"@type\":\"EntryPoint\",\"urlTemplate\":\"https:\\\/\\\/kanuracer.eu\\\/?s={search_term_string}\"},\"query-input\":{\"@type\":\"PropertyValueSpecification\",\"valueRequired\":true,\"valueName\":\"search_term_string\"}}],\"inLanguage\":\"de\"},{\"@type\":[\"Person\",\"Organization\"],\"@id\":\"https:\\\/\\\/kanuracer.eu\\\/#\\\/schema\\\/person\\\/44cfc12e4d1a361d50c29f61cae0617d\",\"name\":\"kanuracer\",\"image\":{\"@type\":\"ImageObject\",\"inLanguage\":\"de\",\"@id\":\"https:\\\/\\\/kanuracer.eu\\\/wp-content\\\/uploads\\\/2020\\\/08\\\/Logo_White_800.png\",\"url\":\"https:\\\/\\\/kanuracer.eu\\\/wp-content\\\/uploads\\\/2020\\\/08\\\/Logo_White_800.png\",\"contentUrl\":\"https:\\\/\\\/kanuracer.eu\\\/wp-content\\\/uploads\\\/2020\\\/08\\\/Logo_White_800.png\",\"width\":800,\"height\":800,\"caption\":\"kanuracer\"},\"logo\":{\"@id\":\"https:\\\/\\\/kanuracer.eu\\\/wp-content\\\/uploads\\\/2020\\\/08\\\/Logo_White_800.png\"},\"sameAs\":[\"https:\\\/\\\/kanuracer.eu\"]}]}<\/script>\n<!-- \/ Yoast SEO plugin. -->","yoast_head_json":{"title":"Stromsparender Unraid-Server - kanuracer","robots":{"index":"index","follow":"follow","max-snippet":"max-snippet:-1","max-image-preview":"max-image-preview:large","max-video-preview":"max-video-preview:-1"},"canonical":"https:\/\/kanuracer.eu\/index.php\/unraid\/stromsparender-unraid-server\/","og_locale":"de_DE","og_type":"article","og_title":"Stromsparender Unraid-Server - kanuracer","og_description":"&#8212;&#8212;&#8212;&#8212;&#8212;&#8212;&#8212;&#8212;&#8212;&#8212;&#8212;&#8212;&#8212;&#8212;&#8212;&#8212;&#8212;&#8212;&#8212;&#8212;&#8212;&#8212;&#8212;&#8212;&#8212;&#8212;&#8212;&#8212;&#8212;&#8212;&#8212;&#8212;&#8212;&#8212;&#8212;&#8212;&#8212;&#8212;&#8211; Da es den Minisforum um350 nicht mehr zu kaufen gibt, ist diese Anleitung leider nicht mehr up to date. ACHTUNG: Laut Leserberichten wird das unten stehende Festplattengeh\u00e4use nicht richtig im Unraid erkannt. Dies betrifft wohl die Seriennummern 123XXX. Bei der Seriennummer 121XXX tritt das Problem nicht auf. &#8212;&#8212;&#8212;&#8212;&#8212;&#8212;&#8212;&#8212;&#8212;&#8212;&#8212;&#8212;&#8212;&#8212;&#8212;&#8212;&#8212;&#8212;&#8212;&#8212;&#8212;&#8212;&#8212;&#8212;&#8212;&#8212;&#8212;&#8212;&#8212;&#8212;&#8212;&#8212;&#8212;&#8212;&#8212;&#8212;&#8212;&#8212;&#8211; Ihr wollt auch euren eigenen stromsparenden [&hellip;]","og_url":"https:\/\/kanuracer.eu\/index.php\/unraid\/stromsparender-unraid-server\/","og_site_name":"kanuracer","article_modified_time":"2024-08-02T18:28:44+00:00","og_image":[{"url":"https:\/\/kanuracer.eu\/wp-content\/uploads\/2022\/05\/IMG_3269-637x1024.jpg","type":"","width":"","height":""}],"twitter_card":"summary_large_image","twitter_misc":{"Gesch\u00e4tzte Lesezeit":"2\u00a0Minuten"},"schema":{"@context":"https:\/\/schema.org","@graph":[{"@type":"WebPage","@id":"https:\/\/kanuracer.eu\/index.php\/unraid\/stromsparender-unraid-server\/","url":"https:\/\/kanuracer.eu\/index.php\/unraid\/stromsparender-unraid-server\/","name":"Stromsparender Unraid-Server - kanuracer","isPartOf":{"@id":"https:\/\/kanuracer.eu\/#website"},"primaryImageOfPage":{"@id":"https:\/\/kanuracer.eu\/index.php\/unraid\/stromsparender-unraid-server\/#primaryimage"},"image":{"@id":"https:\/\/kanuracer.eu\/index.php\/unraid\/stromsparender-unraid-server\/#primaryimage"},"thumbnailUrl":"https:\/\/kanuracer.eu\/wp-content\/uploads\/2022\/05\/IMG_3269-637x1024.jpg","datePublished":"2022-05-02T06:01:56+00:00","dateModified":"2024-08-02T18:28:44+00:00","breadcrumb":{"@id":"https:\/\/kanuracer.eu\/index.php\/unraid\/stromsparender-unraid-server\/#breadcrumb"},"inLanguage":"de","potentialAction":[{"@type":"ReadAction","target":["https:\/\/kanuracer.eu\/index.php\/unraid\/stromsparender-unraid-server\/"]}]},{"@type":"ImageObject","inLanguage":"de","@id":"https:\/\/kanuracer.eu\/index.php\/unraid\/stromsparender-unraid-server\/#primaryimage","url":"https:\/\/kanuracer.eu\/wp-content\/uploads\/2022\/05\/IMG_3269-scaled.jpg","contentUrl":"https:\/\/kanuracer.eu\/wp-content\/uploads\/2022\/05\/IMG_3269-scaled.jpg","width":1593,"height":2560},{"@type":"BreadcrumbList","@id":"https:\/\/kanuracer.eu\/index.php\/unraid\/stromsparender-unraid-server\/#breadcrumb","itemListElement":[{"@type":"ListItem","position":1,"name":"Startseite","item":"https:\/\/kanuracer.eu\/"},{"@type":"ListItem","position":2,"name":"Unraid","item":"https:\/\/kanuracer.eu\/index.php\/unraid\/"},{"@type":"ListItem","position":3,"name":"Stromsparender Unraid-Server"}]},{"@type":"WebSite","@id":"https:\/\/kanuracer.eu\/#website","url":"https:\/\/kanuracer.eu\/","name":"kanuracer","description":"Games, IT &amp; More","publisher":{"@id":"https:\/\/kanuracer.eu\/#\/schema\/person\/44cfc12e4d1a361d50c29f61cae0617d"},"potentialAction":[{"@type":"SearchAction","target":{"@type":"EntryPoint","urlTemplate":"https:\/\/kanuracer.eu\/?s={search_term_string}"},"query-input":{"@type":"PropertyValueSpecification","valueRequired":true,"valueName":"search_term_string"}}],"inLanguage":"de"},{"@type":["Person","Organization"],"@id":"https:\/\/kanuracer.eu\/#\/schema\/person\/44cfc12e4d1a361d50c29f61cae0617d","name":"kanuracer","image":{"@type":"ImageObject","inLanguage":"de","@id":"https:\/\/kanuracer.eu\/wp-content\/uploads\/2020\/08\/Logo_White_800.png","url":"https:\/\/kanuracer.eu\/wp-content\/uploads\/2020\/08\/Logo_White_800.png","contentUrl":"https:\/\/kanuracer.eu\/wp-content\/uploads\/2020\/08\/Logo_White_800.png","width":800,"height":800,"caption":"kanuracer"},"logo":{"@id":"https:\/\/kanuracer.eu\/wp-content\/uploads\/2020\/08\/Logo_White_800.png"},"sameAs":["https:\/\/kanuracer.eu"]}]}},"_links":{"self":[{"href":"https:\/\/kanuracer.eu\/index.php\/wp-json\/wp\/v2\/pages\/425","targetHints":{"allow":["GET"]}}],"collection":[{"href":"https:\/\/kanuracer.eu\/index.php\/wp-json\/wp\/v2\/pages"}],"about":[{"href":"https:\/\/kanuracer.eu\/index.php\/wp-json\/wp\/v2\/types\/page"}],"author":[{"embeddable":true,"href":"https:\/\/kanuracer.eu\/index.php\/wp-json\/wp\/v2\/users\/1"}],"replies":[{"embeddable":true,"href":"https:\/\/kanuracer.eu\/index.php\/wp-json\/wp\/v2\/comments?post=425"}],"version-history":[{"count":17,"href":"https:\/\/kanuracer.eu\/index.php\/wp-json\/wp\/v2\/pages\/425\/revisions"}],"predecessor-version":[{"id":860,"href":"https:\/\/kanuracer.eu\/index.php\/wp-json\/wp\/v2\/pages\/425\/revisions\/860"}],"up":[{"embeddable":true,"href":"https:\/\/kanuracer.eu\/index.php\/wp-json\/wp\/v2\/pages\/403"}],"wp:attachment":[{"href":"https:\/\/kanuracer.eu\/index.php\/wp-json\/wp\/v2\/media?parent=425"}],"curies":[{"name":"wp","href":"https:\/\/api.w.org\/{rel}","templated":true}]}}