{"id":457,"date":"2022-05-23T20:56:34","date_gmt":"2022-05-23T18:56:34","guid":{"rendered":"https:\/\/kanuracer.eu\/?page_id=457"},"modified":"2023-04-30T04:38:51","modified_gmt":"2023-04-30T02:38:51","slug":"discord-stream-laggt-seit-windows-11","status":"publish","type":"page","link":"https:\/\/kanuracer.eu\/index.php\/windows\/discord-stream-laggt-seit-windows-11\/","title":{"rendered":"Discord Stream laggt seit Windows 11"},"content":{"rendered":"\n<p>Einige von euch kennen das Problem sicherlich. Nach der Umstellung auf Windows 11 laggen die Bildschirm\u00fcbertragen so sehr, dass der Zuschauer eigentlich nur ein Standbild hat.<br>Um das Problem zu l\u00f6sen, m\u00fcsst ihr in die <code>Einstellungen&gt;System&gt;Bildschirm<\/code><\/p>\n\n\n\n<figure class=\"wp-block-image size-large\"><img loading=\"lazy\" decoding=\"async\" width=\"1024\" height=\"172\" src=\"https:\/\/kanuracer.eu\/wp-content\/uploads\/2022\/05\/Unbenanntes-Bild-1024x172.png\" alt=\"\" class=\"wp-image-462\" srcset=\"https:\/\/kanuracer.eu\/wp-content\/uploads\/2022\/05\/Unbenanntes-Bild-1024x172.png 1024w, https:\/\/kanuracer.eu\/wp-content\/uploads\/2022\/05\/Unbenanntes-Bild-300x51.png 300w, https:\/\/kanuracer.eu\/wp-content\/uploads\/2022\/05\/Unbenanntes-Bild-768x129.png 768w, https:\/\/kanuracer.eu\/wp-content\/uploads\/2022\/05\/Unbenanntes-Bild.png 1164w\" sizes=\"auto, (max-width: 1024px) 100vw, 1024px\" \/><\/figure>\n\n\n\n<p>Nun m\u00fcsst ihr nach ganz unten zum Punkt <code>Grafik<\/code> scrollen<\/p>\n\n\n\n<figure class=\"wp-block-image size-full\"><img loading=\"lazy\" decoding=\"async\" width=\"436\" height=\"191\" src=\"https:\/\/kanuracer.eu\/wp-content\/uploads\/2022\/05\/Unbenanntes-Bild-2.png\" alt=\"\" class=\"wp-image-463\" srcset=\"https:\/\/kanuracer.eu\/wp-content\/uploads\/2022\/05\/Unbenanntes-Bild-2.png 436w, https:\/\/kanuracer.eu\/wp-content\/uploads\/2022\/05\/Unbenanntes-Bild-2-300x131.png 300w\" sizes=\"auto, (max-width: 436px) 100vw, 436px\" \/><\/figure>\n\n\n\n<p>Unter Grafik m\u00fcssen wir dann die <code>Standardgrafik-Einstellungen \u00e4ndern<\/code><\/p>\n\n\n\n<figure class=\"wp-block-image size-full\"><img loading=\"lazy\" decoding=\"async\" width=\"461\" height=\"324\" src=\"https:\/\/kanuracer.eu\/wp-content\/uploads\/2022\/05\/image-2.png\" alt=\"\" class=\"wp-image-461\" srcset=\"https:\/\/kanuracer.eu\/wp-content\/uploads\/2022\/05\/image-2.png 461w, https:\/\/kanuracer.eu\/wp-content\/uploads\/2022\/05\/image-2-300x211.png 300w\" sizes=\"auto, (max-width: 461px) 100vw, 461px\" \/><\/figure>\n\n\n\n<p>Nun entfernt beide Haken bei <code>Hardwarebeschleunigte GPU-Planung<\/code> und <code>variable Aktualisierungsrate<\/code><\/p>\n\n\n\n<figure class=\"wp-block-image size-full\"><img loading=\"lazy\" decoding=\"async\" width=\"499\" height=\"340\" src=\"https:\/\/kanuracer.eu\/wp-content\/uploads\/2022\/05\/Screenshot-2022-05-23-205815.png\" alt=\"\" class=\"wp-image-466\" srcset=\"https:\/\/kanuracer.eu\/wp-content\/uploads\/2022\/05\/Screenshot-2022-05-23-205815.png 499w, https:\/\/kanuracer.eu\/wp-content\/uploads\/2022\/05\/Screenshot-2022-05-23-205815-300x204.png 300w\" sizes=\"auto, (max-width: 499px) 100vw, 499px\" \/><\/figure>\n\n\n\n<p><em>Zuletzt gepr\u00fcft und bearbeitet: <span class=\"last-modified-timestamp\">Apr. 30, 2023 @ 4:38<\/span><\/em><\/p>\n","protected":false},"excerpt":{"rendered":"<p>Einige von euch kennen das Problem sicherlich. Nach der Umstellung auf Windows 11 laggen die Bildschirm\u00fcbertragen so sehr, dass der Zuschauer eigentlich nur ein Standbild hat.Um das Problem zu l\u00f6sen, m\u00fcsst ihr in die Einstellungen&gt;System&gt;Bildschirm Nun m\u00fcsst ihr nach ganz unten zum Punkt Grafik scrollen Unter Grafik m\u00fcssen wir dann die Standardgrafik-Einstellungen \u00e4ndern Nun entfernt [&hellip;]<\/p>\n","protected":false},"author":1,"featured_media":0,"parent":26,"menu_order":0,"comment_status":"closed","ping_status":"closed","template":"","meta":{"footnotes":""},"class_list":["post-457","page","type-page","status-publish","hentry"],"yoast_head":"<!-- This site is optimized with the Yoast SEO plugin v27.5 - https:\/\/yoast.com\/product\/yoast-seo-wordpress\/ -->\n<title>Discord Stream laggt seit Windows 11 - kanuracer<\/title>\n<meta name=\"robots\" content=\"index, follow, max-snippet:-1, max-image-preview:large, max-video-preview:-1\" \/>\n<link rel=\"canonical\" href=\"https:\/\/kanuracer.eu\/index.php\/windows\/discord-stream-laggt-seit-windows-11\/\" \/>\n<meta property=\"og:locale\" content=\"de_DE\" \/>\n<meta property=\"og:type\" content=\"article\" \/>\n<meta property=\"og:title\" content=\"Discord Stream laggt seit Windows 11 - kanuracer\" \/>\n<meta property=\"og:description\" content=\"Einige von euch kennen das Problem sicherlich. Nach der Umstellung auf Windows 11 laggen die Bildschirm\u00fcbertragen so sehr, dass der Zuschauer eigentlich nur ein Standbild hat.Um das Problem zu l\u00f6sen, m\u00fcsst ihr in die Einstellungen&gt;System&gt;Bildschirm Nun m\u00fcsst ihr nach ganz unten zum Punkt Grafik scrollen Unter Grafik m\u00fcssen wir dann die Standardgrafik-Einstellungen \u00e4ndern Nun entfernt [&hellip;]\" \/>\n<meta property=\"og:url\" content=\"https:\/\/kanuracer.eu\/index.php\/windows\/discord-stream-laggt-seit-windows-11\/\" \/>\n<meta property=\"og:site_name\" content=\"kanuracer\" \/>\n<meta property=\"article:modified_time\" content=\"2023-04-30T02:38:51+00:00\" \/>\n<meta property=\"og:image\" content=\"https:\/\/kanuracer.eu\/wp-content\/uploads\/2022\/05\/Unbenanntes-Bild-1024x172.png\" \/>\n<meta name=\"twitter:card\" content=\"summary_large_image\" \/>\n<script type=\"application\/ld+json\" class=\"yoast-schema-graph\">{\"@context\":\"https:\\\/\\\/schema.org\",\"@graph\":[{\"@type\":\"WebPage\",\"@id\":\"https:\\\/\\\/kanuracer.eu\\\/index.php\\\/windows\\\/discord-stream-laggt-seit-windows-11\\\/\",\"url\":\"https:\\\/\\\/kanuracer.eu\\\/index.php\\\/windows\\\/discord-stream-laggt-seit-windows-11\\\/\",\"name\":\"Discord Stream laggt seit Windows 11 - kanuracer\",\"isPartOf\":{\"@id\":\"https:\\\/\\\/kanuracer.eu\\\/#website\"},\"primaryImageOfPage\":{\"@id\":\"https:\\\/\\\/kanuracer.eu\\\/index.php\\\/windows\\\/discord-stream-laggt-seit-windows-11\\\/#primaryimage\"},\"image\":{\"@id\":\"https:\\\/\\\/kanuracer.eu\\\/index.php\\\/windows\\\/discord-stream-laggt-seit-windows-11\\\/#primaryimage\"},\"thumbnailUrl\":\"https:\\\/\\\/kanuracer.eu\\\/wp-content\\\/uploads\\\/2022\\\/05\\\/Unbenanntes-Bild-1024x172.png\",\"datePublished\":\"2022-05-23T18:56:34+00:00\",\"dateModified\":\"2023-04-30T02:38:51+00:00\",\"breadcrumb\":{\"@id\":\"https:\\\/\\\/kanuracer.eu\\\/index.php\\\/windows\\\/discord-stream-laggt-seit-windows-11\\\/#breadcrumb\"},\"inLanguage\":\"de\",\"potentialAction\":[{\"@type\":\"ReadAction\",\"target\":[\"https:\\\/\\\/kanuracer.eu\\\/index.php\\\/windows\\\/discord-stream-laggt-seit-windows-11\\\/\"]}]},{\"@type\":\"ImageObject\",\"inLanguage\":\"de\",\"@id\":\"https:\\\/\\\/kanuracer.eu\\\/index.php\\\/windows\\\/discord-stream-laggt-seit-windows-11\\\/#primaryimage\",\"url\":\"https:\\\/\\\/kanuracer.eu\\\/wp-content\\\/uploads\\\/2022\\\/05\\\/Unbenanntes-Bild.png\",\"contentUrl\":\"https:\\\/\\\/kanuracer.eu\\\/wp-content\\\/uploads\\\/2022\\\/05\\\/Unbenanntes-Bild.png\",\"width\":1164,\"height\":196},{\"@type\":\"BreadcrumbList\",\"@id\":\"https:\\\/\\\/kanuracer.eu\\\/index.php\\\/windows\\\/discord-stream-laggt-seit-windows-11\\\/#breadcrumb\",\"itemListElement\":[{\"@type\":\"ListItem\",\"position\":1,\"name\":\"Startseite\",\"item\":\"https:\\\/\\\/kanuracer.eu\\\/\"},{\"@type\":\"ListItem\",\"position\":2,\"name\":\"Windows\",\"item\":\"https:\\\/\\\/kanuracer.eu\\\/index.php\\\/windows\\\/\"},{\"@type\":\"ListItem\",\"position\":3,\"name\":\"Discord Stream laggt seit Windows 11\"}]},{\"@type\":\"WebSite\",\"@id\":\"https:\\\/\\\/kanuracer.eu\\\/#website\",\"url\":\"https:\\\/\\\/kanuracer.eu\\\/\",\"name\":\"kanuracer\",\"description\":\"Games, IT &amp; More\",\"publisher\":{\"@id\":\"https:\\\/\\\/kanuracer.eu\\\/#\\\/schema\\\/person\\\/44cfc12e4d1a361d50c29f61cae0617d\"},\"potentialAction\":[{\"@type\":\"SearchAction\",\"target\":{\"@type\":\"EntryPoint\",\"urlTemplate\":\"https:\\\/\\\/kanuracer.eu\\\/?s={search_term_string}\"},\"query-input\":{\"@type\":\"PropertyValueSpecification\",\"valueRequired\":true,\"valueName\":\"search_term_string\"}}],\"inLanguage\":\"de\"},{\"@type\":[\"Person\",\"Organization\"],\"@id\":\"https:\\\/\\\/kanuracer.eu\\\/#\\\/schema\\\/person\\\/44cfc12e4d1a361d50c29f61cae0617d\",\"name\":\"kanuracer\",\"image\":{\"@type\":\"ImageObject\",\"inLanguage\":\"de\",\"@id\":\"https:\\\/\\\/kanuracer.eu\\\/wp-content\\\/uploads\\\/2020\\\/08\\\/Logo_White_800.png\",\"url\":\"https:\\\/\\\/kanuracer.eu\\\/wp-content\\\/uploads\\\/2020\\\/08\\\/Logo_White_800.png\",\"contentUrl\":\"https:\\\/\\\/kanuracer.eu\\\/wp-content\\\/uploads\\\/2020\\\/08\\\/Logo_White_800.png\",\"width\":800,\"height\":800,\"caption\":\"kanuracer\"},\"logo\":{\"@id\":\"https:\\\/\\\/kanuracer.eu\\\/wp-content\\\/uploads\\\/2020\\\/08\\\/Logo_White_800.png\"},\"sameAs\":[\"https:\\\/\\\/kanuracer.eu\"]}]}<\/script>\n<!-- \/ Yoast SEO plugin. -->","yoast_head_json":{"title":"Discord Stream laggt seit Windows 11 - kanuracer","robots":{"index":"index","follow":"follow","max-snippet":"max-snippet:-1","max-image-preview":"max-image-preview:large","max-video-preview":"max-video-preview:-1"},"canonical":"https:\/\/kanuracer.eu\/index.php\/windows\/discord-stream-laggt-seit-windows-11\/","og_locale":"de_DE","og_type":"article","og_title":"Discord Stream laggt seit Windows 11 - kanuracer","og_description":"Einige von euch kennen das Problem sicherlich. Nach der Umstellung auf Windows 11 laggen die Bildschirm\u00fcbertragen so sehr, dass der Zuschauer eigentlich nur ein Standbild hat.Um das Problem zu l\u00f6sen, m\u00fcsst ihr in die Einstellungen&gt;System&gt;Bildschirm Nun m\u00fcsst ihr nach ganz unten zum Punkt Grafik scrollen Unter Grafik m\u00fcssen wir dann die Standardgrafik-Einstellungen \u00e4ndern Nun entfernt [&hellip;]","og_url":"https:\/\/kanuracer.eu\/index.php\/windows\/discord-stream-laggt-seit-windows-11\/","og_site_name":"kanuracer","article_modified_time":"2023-04-30T02:38:51+00:00","og_image":[{"url":"https:\/\/kanuracer.eu\/wp-content\/uploads\/2022\/05\/Unbenanntes-Bild-1024x172.png","type":"","width":"","height":""}],"twitter_card":"summary_large_image","schema":{"@context":"https:\/\/schema.org","@graph":[{"@type":"WebPage","@id":"https:\/\/kanuracer.eu\/index.php\/windows\/discord-stream-laggt-seit-windows-11\/","url":"https:\/\/kanuracer.eu\/index.php\/windows\/discord-stream-laggt-seit-windows-11\/","name":"Discord Stream laggt seit Windows 11 - kanuracer","isPartOf":{"@id":"https:\/\/kanuracer.eu\/#website"},"primaryImageOfPage":{"@id":"https:\/\/kanuracer.eu\/index.php\/windows\/discord-stream-laggt-seit-windows-11\/#primaryimage"},"image":{"@id":"https:\/\/kanuracer.eu\/index.php\/windows\/discord-stream-laggt-seit-windows-11\/#primaryimage"},"thumbnailUrl":"https:\/\/kanuracer.eu\/wp-content\/uploads\/2022\/05\/Unbenanntes-Bild-1024x172.png","datePublished":"2022-05-23T18:56:34+00:00","dateModified":"2023-04-30T02:38:51+00:00","breadcrumb":{"@id":"https:\/\/kanuracer.eu\/index.php\/windows\/discord-stream-laggt-seit-windows-11\/#breadcrumb"},"inLanguage":"de","potentialAction":[{"@type":"ReadAction","target":["https:\/\/kanuracer.eu\/index.php\/windows\/discord-stream-laggt-seit-windows-11\/"]}]},{"@type":"ImageObject","inLanguage":"de","@id":"https:\/\/kanuracer.eu\/index.php\/windows\/discord-stream-laggt-seit-windows-11\/#primaryimage","url":"https:\/\/kanuracer.eu\/wp-content\/uploads\/2022\/05\/Unbenanntes-Bild.png","contentUrl":"https:\/\/kanuracer.eu\/wp-content\/uploads\/2022\/05\/Unbenanntes-Bild.png","width":1164,"height":196},{"@type":"BreadcrumbList","@id":"https:\/\/kanuracer.eu\/index.php\/windows\/discord-stream-laggt-seit-windows-11\/#breadcrumb","itemListElement":[{"@type":"ListItem","position":1,"name":"Startseite","item":"https:\/\/kanuracer.eu\/"},{"@type":"ListItem","position":2,"name":"Windows","item":"https:\/\/kanuracer.eu\/index.php\/windows\/"},{"@type":"ListItem","position":3,"name":"Discord Stream laggt seit Windows 11"}]},{"@type":"WebSite","@id":"https:\/\/kanuracer.eu\/#website","url":"https:\/\/kanuracer.eu\/","name":"kanuracer","description":"Games, IT &amp; More","publisher":{"@id":"https:\/\/kanuracer.eu\/#\/schema\/person\/44cfc12e4d1a361d50c29f61cae0617d"},"potentialAction":[{"@type":"SearchAction","target":{"@type":"EntryPoint","urlTemplate":"https:\/\/kanuracer.eu\/?s={search_term_string}"},"query-input":{"@type":"PropertyValueSpecification","valueRequired":true,"valueName":"search_term_string"}}],"inLanguage":"de"},{"@type":["Person","Organization"],"@id":"https:\/\/kanuracer.eu\/#\/schema\/person\/44cfc12e4d1a361d50c29f61cae0617d","name":"kanuracer","image":{"@type":"ImageObject","inLanguage":"de","@id":"https:\/\/kanuracer.eu\/wp-content\/uploads\/2020\/08\/Logo_White_800.png","url":"https:\/\/kanuracer.eu\/wp-content\/uploads\/2020\/08\/Logo_White_800.png","contentUrl":"https:\/\/kanuracer.eu\/wp-content\/uploads\/2020\/08\/Logo_White_800.png","width":800,"height":800,"caption":"kanuracer"},"logo":{"@id":"https:\/\/kanuracer.eu\/wp-content\/uploads\/2020\/08\/Logo_White_800.png"},"sameAs":["https:\/\/kanuracer.eu"]}]}},"_links":{"self":[{"href":"https:\/\/kanuracer.eu\/index.php\/wp-json\/wp\/v2\/pages\/457","targetHints":{"allow":["GET"]}}],"collection":[{"href":"https:\/\/kanuracer.eu\/index.php\/wp-json\/wp\/v2\/pages"}],"about":[{"href":"https:\/\/kanuracer.eu\/index.php\/wp-json\/wp\/v2\/types\/page"}],"author":[{"embeddable":true,"href":"https:\/\/kanuracer.eu\/index.php\/wp-json\/wp\/v2\/users\/1"}],"replies":[{"embeddable":true,"href":"https:\/\/kanuracer.eu\/index.php\/wp-json\/wp\/v2\/comments?post=457"}],"version-history":[{"count":3,"href":"https:\/\/kanuracer.eu\/index.php\/wp-json\/wp\/v2\/pages\/457\/revisions"}],"predecessor-version":[{"id":584,"href":"https:\/\/kanuracer.eu\/index.php\/wp-json\/wp\/v2\/pages\/457\/revisions\/584"}],"up":[{"embeddable":true,"href":"https:\/\/kanuracer.eu\/index.php\/wp-json\/wp\/v2\/pages\/26"}],"wp:attachment":[{"href":"https:\/\/kanuracer.eu\/index.php\/wp-json\/wp\/v2\/media?parent=457"}],"curies":[{"name":"wp","href":"https:\/\/api.w.org\/{rel}","templated":true}]}}