{"id":534,"date":"2023-04-29T21:52:17","date_gmt":"2023-04-29T19:52:17","guid":{"rendered":"https:\/\/kanuracer.eu\/?page_id=534"},"modified":"2025-02-15T18:29:04","modified_gmt":"2025-02-15T17:29:04","slug":"ender-5-pro-sprite-extruder-umbau","status":"publish","type":"page","link":"https:\/\/kanuracer.eu\/index.php\/3d-druck\/ender-5-pro-sprite-extruder-umbau\/","title":{"rendered":"Ender 5 (Pro) Sprite Extruder Umbau"},"content":{"rendered":"\n<p>Ihr seid auf der Suche nach einer Anleitung, wie ihr euren Ender 5 (Pro) auf den neuen Sprite Extruder umbauen k\u00f6nnt?<br>Dann bist du hier genau richtig!<\/p>\n\n\n\n<figure class=\"wp-block-image size-large\"><img loading=\"lazy\" decoding=\"async\" width=\"1024\" height=\"768\" src=\"https:\/\/kanuracer.eu\/wp-content\/uploads\/2023\/04\/image-2-1024x768.png\" alt=\"\" class=\"wp-image-537\" srcset=\"https:\/\/kanuracer.eu\/wp-content\/uploads\/2023\/04\/image-2-1024x768.png 1024w, https:\/\/kanuracer.eu\/wp-content\/uploads\/2023\/04\/image-2-300x225.png 300w, https:\/\/kanuracer.eu\/wp-content\/uploads\/2023\/04\/image-2-768x576.png 768w, https:\/\/kanuracer.eu\/wp-content\/uploads\/2023\/04\/image-2-1536x1152.png 1536w, https:\/\/kanuracer.eu\/wp-content\/uploads\/2023\/04\/image-2.png 2048w\" sizes=\"auto, (max-width: 1024px) 100vw, 1024px\" \/><\/figure>\n\n\n\n<p><br><strong>Folgende Dinge werdet ihr brauchen:<\/strong><br>&#8211; <a href=\"https:\/\/www.amazon.de\/Creality-Extrusion-3D-Drucker-unterst%C3%BCtzt-ABS-Filament\/dp\/B09WVMC3NJ\/ref=sr_1_2_sspa?keywords=sprite+extruder&amp;qid=1682792879&amp;sr=8-2-spons&amp;sp_csd=d2lkZ2V0TmFtZT1zcF9hdGY&amp;psc=1\" target=\"_blank\" rel=\"noreferrer noopener\">Sprite-Extruder Pro Upgradekit<\/a><br><br>&#8211; BL-Touch Sensor (Anschluss wie beim Sprite Extruder vorgesehen) <br><br>&#8211; <a href=\"https:\/\/www.printables.com\/de\/model\/410053-sprite-adapter-for-ender-5-or-sovol-sv05\/files\" target=\"_blank\" rel=\"noreferrer noopener\">Hotend-Schlitten Erweiterung<\/a><br><br>&#8211; <a href=\"https:\/\/github.com\/kanuracer\/Configurations\/tree\/996cfe743061c2546c7d36687302299171e56e18\/config\/examples\/Creality\/Ender-5%20Pro\/bin%20Firmware\/Ender5%20Sprite%20Extruder\" target=\"_blank\" rel=\"noreferrer noopener\">Firmware<\/a><\/p>\n\n\n\n<p>&#8211; <a href=\"https:\/\/makerworld.com\/en\/models\/564604#profileId-484173\">Adapter f\u00fcr Frontstrebe<\/a><br><br>Zuerst m\u00fcsst ihr die Adapter f\u00fcr die Frontstrebe und die Hotend-Schlitten Erweiterung Drucken. Ich habe hierf\u00fcr PETG, mit 0,2mm Layerh\u00f6he und 25% Infill, genommen.<br>Anschlie\u00dfend demontiert ihr das aktuelle Hotend &amp; die Strebe in der Front. Nun montiert die Strebe zusammen mit den Adaptern und den alten Schrauben. (Ich musste zus\u00e4tzlich noch eine Unterlegscheibe, mit 1mm dicke, drunter packen)<\/p>\n\n\n\n<figure class=\"wp-block-gallery has-nested-images columns-default is-cropped wp-block-gallery-1 is-layout-flex wp-block-gallery-is-layout-flex\">\n<figure class=\"wp-block-image size-large\"><img loading=\"lazy\" decoding=\"async\" width=\"1024\" height=\"768\" data-id=\"538\" src=\"https:\/\/kanuracer.eu\/wp-content\/uploads\/2023\/04\/image-3-1024x768.png\" alt=\"\" class=\"wp-image-538\" srcset=\"https:\/\/kanuracer.eu\/wp-content\/uploads\/2023\/04\/image-3-1024x768.png 1024w, https:\/\/kanuracer.eu\/wp-content\/uploads\/2023\/04\/image-3-300x225.png 300w, https:\/\/kanuracer.eu\/wp-content\/uploads\/2023\/04\/image-3-768x576.png 768w, https:\/\/kanuracer.eu\/wp-content\/uploads\/2023\/04\/image-3-1536x1152.png 1536w, https:\/\/kanuracer.eu\/wp-content\/uploads\/2023\/04\/image-3.png 2048w\" sizes=\"auto, (max-width: 1024px) 100vw, 1024px\" \/><\/figure>\n\n\n\n<figure class=\"wp-block-image size-large\"><img loading=\"lazy\" decoding=\"async\" width=\"768\" height=\"1024\" data-id=\"535\" src=\"https:\/\/kanuracer.eu\/wp-content\/uploads\/2023\/04\/image-768x1024.png\" alt=\"\" class=\"wp-image-535\" srcset=\"https:\/\/kanuracer.eu\/wp-content\/uploads\/2023\/04\/image-768x1024.png 768w, https:\/\/kanuracer.eu\/wp-content\/uploads\/2023\/04\/image-225x300.png 225w, https:\/\/kanuracer.eu\/wp-content\/uploads\/2023\/04\/image-1152x1536.png 1152w, https:\/\/kanuracer.eu\/wp-content\/uploads\/2023\/04\/image.png 1536w\" sizes=\"auto, (max-width: 768px) 100vw, 768px\" \/><\/figure>\n\n\n\n<figure class=\"wp-block-image size-large\"><img loading=\"lazy\" decoding=\"async\" width=\"768\" height=\"1024\" data-id=\"536\" src=\"https:\/\/kanuracer.eu\/wp-content\/uploads\/2023\/04\/image-1-768x1024.png\" alt=\"\" class=\"wp-image-536\" srcset=\"https:\/\/kanuracer.eu\/wp-content\/uploads\/2023\/04\/image-1-768x1024.png 768w, https:\/\/kanuracer.eu\/wp-content\/uploads\/2023\/04\/image-1-225x300.png 225w, https:\/\/kanuracer.eu\/wp-content\/uploads\/2023\/04\/image-1-1152x1536.png 1152w, https:\/\/kanuracer.eu\/wp-content\/uploads\/2023\/04\/image-1.png 1536w\" sizes=\"auto, (max-width: 768px) 100vw, 768px\" \/><\/figure>\n<\/figure>\n\n\n\n<p><strong>Montage des Hotends:<\/strong><br>Verschraubt die Platte mit der R\u00fcckseite des Schlittens. Hierf\u00fcr ben\u00f6tigt ihr 2x M3x6mm Flachkopf-Senkschrauben. L\u00f6st nun das untere Laufrad ab und f\u00e4delt den Zahnriemen durch die daf\u00fcr vorgesehenen L\u00f6cher. Jetzt k\u00f6nnt ihr den Schlitten auf die X-Achse auflegen, das untere Laufrad wieder Montieren und den Zahnriemen spannen.<br>Anschlie\u00dfend m\u00fcsst ihr noch das Hotend Montieren und wie in der beiliegenden Anleitung verkabeln.<br><br>Wenn der Montagevorgang abgeschlossen ist, m\u00fcsst ihr nur noch die Firmware aufspielen.<br><br>In meinen Fall ist der Originalschlitten, nach dem Leveln, immer an der linken F\u00fchrung angeschlagen. Sollte das bei euch auch passieren, m\u00fcsst ihr den G-Code in eurem Slicer anpassen:<br><code>G1 X3.5 Y0 F7200 ; Move to a position in the left front of the bed<\/code><br>Der gesamte G-Code sieht dann am Ende so aus:<br><code>M117 Heating... ;Put printing message on LCD screen<br>M204 T1250 ; sets acceleration (P, T) and retract acceleration (R), mm\/sec^2<br>M221 S{if layer_height&lt;0.075}100{else}100{endif} ; Set flow<br>M104 S140 ; set extruder temp<br>M140 S[first_layer_bed_temperature] ; set bed temp<br>;G1 Z50 ; this is a good start heating position<br>G28 X Y; Home X Y<br>G1 Y10 ; this is a good start heating position<br>M84 ; disable motors<br>M109 S140; wait for extruder temp<br>; Auto Leveling<br>M280 P0 S160 ; BLTouch alarm release<br>G4 P100 ; delay for BLTouch<br>G28 ; home<br>G29 ; auto bed leveling ONLY UNCOMMENT THIS IF BED LEVELING WITH BLTOUCH REMOVE<br>M500 ; ONLY UNCOMMENT THIS IF BED LEVELING WITH BLTOUCH REMOVE<br>;M420 S1 ; Load Saved Eeprom From Auto Level<br>M104 S[first_layer_temperature] ; set extruder temp<br>; Start of print<br>G21; metric values<br>G90 ; absolute positioning<br>M83 ; use relative distances for extrusion<br>; You may want to adjust the X and Y here so the nozzle is really above the bed!<br>G1 X3.5 Y0 F7200 ; Move to a position in the left front of the bed<br>G1 Z0.6; Move nozzle above 0.6 mm of the bed<br>G91 ; Use relative mode<br>M109 S[first_layer_temperature] ; wait for extruder temp<br>M190 S[first_layer_bed_temperature] ; wait for bed temp<br>; now print a line of filament to prepare extrusion<br>G1 F1800 E3<br>G1 Y40 E20 F1000 ; prints a line in the front<br>G1 Y40 E20 F800 ; prints a line in the front<br>; Done with the dancing :)<br>G92 E0 ; Set extrusion distance to 0<br>G90 ; switch back to absolute mode<br>M117 Printing... ;Put printing message on LCD screen<br>; Start of actual GCode for the print<\/code><\/p>\n\n\n\n<p><em>Zuletzt gepr\u00fcft und bearbeitet: <span class=\"last-modified-timestamp\">Feb. 15, 2025 @ 18:29<\/span><\/em><\/p>\n","protected":false},"excerpt":{"rendered":"<p>Ihr seid auf der Suche nach einer Anleitung, wie ihr euren Ender 5 (Pro) auf den neuen Sprite Extruder umbauen k\u00f6nnt?Dann bist du hier genau richtig! Folgende Dinge werdet ihr brauchen:&#8211; Sprite-Extruder Pro Upgradekit &#8211; BL-Touch Sensor (Anschluss wie beim Sprite Extruder vorgesehen) &#8211; Hotend-Schlitten Erweiterung &#8211; Firmware &#8211; Adapter f\u00fcr Frontstrebe Zuerst m\u00fcsst ihr [&hellip;]<\/p>\n","protected":false},"author":1,"featured_media":0,"parent":305,"menu_order":0,"comment_status":"closed","ping_status":"closed","template":"","meta":{"footnotes":""},"class_list":["post-534","page","type-page","status-publish","hentry"],"yoast_head":"<!-- This site is optimized with the Yoast SEO plugin v27.5 - https:\/\/yoast.com\/product\/yoast-seo-wordpress\/ -->\n<title>Ender 5 (Pro) Sprite Extruder Umbau - kanuracer<\/title>\n<meta name=\"robots\" content=\"index, follow, max-snippet:-1, max-image-preview:large, max-video-preview:-1\" \/>\n<link rel=\"canonical\" href=\"https:\/\/kanuracer.eu\/index.php\/3d-druck\/ender-5-pro-sprite-extruder-umbau\/\" \/>\n<meta property=\"og:locale\" content=\"de_DE\" \/>\n<meta property=\"og:type\" content=\"article\" \/>\n<meta property=\"og:title\" content=\"Ender 5 (Pro) Sprite Extruder Umbau - kanuracer\" \/>\n<meta property=\"og:description\" content=\"Ihr seid auf der Suche nach einer Anleitung, wie ihr euren Ender 5 (Pro) auf den neuen Sprite Extruder umbauen k\u00f6nnt?Dann bist du hier genau richtig! Folgende Dinge werdet ihr brauchen:&#8211; Sprite-Extruder Pro Upgradekit &#8211; BL-Touch Sensor (Anschluss wie beim Sprite Extruder vorgesehen) &#8211; Hotend-Schlitten Erweiterung &#8211; Firmware &#8211; Adapter f\u00fcr Frontstrebe Zuerst m\u00fcsst ihr [&hellip;]\" \/>\n<meta property=\"og:url\" content=\"https:\/\/kanuracer.eu\/index.php\/3d-druck\/ender-5-pro-sprite-extruder-umbau\/\" \/>\n<meta property=\"og:site_name\" content=\"kanuracer\" \/>\n<meta property=\"article:modified_time\" content=\"2025-02-15T17:29:04+00:00\" \/>\n<meta property=\"og:image\" content=\"https:\/\/kanuracer.eu\/wp-content\/uploads\/2023\/04\/image-2-1024x768.png\" \/>\n\t<meta property=\"og:image:width\" content=\"1024\" \/>\n\t<meta property=\"og:image:height\" content=\"768\" \/>\n\t<meta property=\"og:image:type\" content=\"image\/png\" \/>\n<meta name=\"twitter:card\" content=\"summary_large_image\" \/>\n<meta name=\"twitter:label1\" content=\"Gesch\u00e4tzte Lesezeit\" \/>\n\t<meta name=\"twitter:data1\" content=\"3\u00a0Minuten\" \/>\n<script type=\"application\/ld+json\" class=\"yoast-schema-graph\">{\"@context\":\"https:\\\/\\\/schema.org\",\"@graph\":[{\"@type\":\"WebPage\",\"@id\":\"https:\\\/\\\/kanuracer.eu\\\/index.php\\\/3d-druck\\\/ender-5-pro-sprite-extruder-umbau\\\/\",\"url\":\"https:\\\/\\\/kanuracer.eu\\\/index.php\\\/3d-druck\\\/ender-5-pro-sprite-extruder-umbau\\\/\",\"name\":\"Ender 5 (Pro) Sprite Extruder Umbau - kanuracer\",\"isPartOf\":{\"@id\":\"https:\\\/\\\/kanuracer.eu\\\/#website\"},\"primaryImageOfPage\":{\"@id\":\"https:\\\/\\\/kanuracer.eu\\\/index.php\\\/3d-druck\\\/ender-5-pro-sprite-extruder-umbau\\\/#primaryimage\"},\"image\":{\"@id\":\"https:\\\/\\\/kanuracer.eu\\\/index.php\\\/3d-druck\\\/ender-5-pro-sprite-extruder-umbau\\\/#primaryimage\"},\"thumbnailUrl\":\"https:\\\/\\\/kanuracer.eu\\\/wp-content\\\/uploads\\\/2023\\\/04\\\/image-2-1024x768.png\",\"datePublished\":\"2023-04-29T19:52:17+00:00\",\"dateModified\":\"2025-02-15T17:29:04+00:00\",\"breadcrumb\":{\"@id\":\"https:\\\/\\\/kanuracer.eu\\\/index.php\\\/3d-druck\\\/ender-5-pro-sprite-extruder-umbau\\\/#breadcrumb\"},\"inLanguage\":\"de\",\"potentialAction\":[{\"@type\":\"ReadAction\",\"target\":[\"https:\\\/\\\/kanuracer.eu\\\/index.php\\\/3d-druck\\\/ender-5-pro-sprite-extruder-umbau\\\/\"]}]},{\"@type\":\"ImageObject\",\"inLanguage\":\"de\",\"@id\":\"https:\\\/\\\/kanuracer.eu\\\/index.php\\\/3d-druck\\\/ender-5-pro-sprite-extruder-umbau\\\/#primaryimage\",\"url\":\"https:\\\/\\\/kanuracer.eu\\\/wp-content\\\/uploads\\\/2023\\\/04\\\/image-2.png\",\"contentUrl\":\"https:\\\/\\\/kanuracer.eu\\\/wp-content\\\/uploads\\\/2023\\\/04\\\/image-2.png\",\"width\":2048,\"height\":1536},{\"@type\":\"BreadcrumbList\",\"@id\":\"https:\\\/\\\/kanuracer.eu\\\/index.php\\\/3d-druck\\\/ender-5-pro-sprite-extruder-umbau\\\/#breadcrumb\",\"itemListElement\":[{\"@type\":\"ListItem\",\"position\":1,\"name\":\"Startseite\",\"item\":\"https:\\\/\\\/kanuracer.eu\\\/\"},{\"@type\":\"ListItem\",\"position\":2,\"name\":\"3D-Druck\",\"item\":\"https:\\\/\\\/kanuracer.eu\\\/index.php\\\/3d-druck\\\/\"},{\"@type\":\"ListItem\",\"position\":3,\"name\":\"Ender 5 (Pro) Sprite Extruder Umbau\"}]},{\"@type\":\"WebSite\",\"@id\":\"https:\\\/\\\/kanuracer.eu\\\/#website\",\"url\":\"https:\\\/\\\/kanuracer.eu\\\/\",\"name\":\"kanuracer\",\"description\":\"Games, IT &amp; More\",\"publisher\":{\"@id\":\"https:\\\/\\\/kanuracer.eu\\\/#\\\/schema\\\/person\\\/44cfc12e4d1a361d50c29f61cae0617d\"},\"potentialAction\":[{\"@type\":\"SearchAction\",\"target\":{\"@type\":\"EntryPoint\",\"urlTemplate\":\"https:\\\/\\\/kanuracer.eu\\\/?s={search_term_string}\"},\"query-input\":{\"@type\":\"PropertyValueSpecification\",\"valueRequired\":true,\"valueName\":\"search_term_string\"}}],\"inLanguage\":\"de\"},{\"@type\":[\"Person\",\"Organization\"],\"@id\":\"https:\\\/\\\/kanuracer.eu\\\/#\\\/schema\\\/person\\\/44cfc12e4d1a361d50c29f61cae0617d\",\"name\":\"kanuracer\",\"image\":{\"@type\":\"ImageObject\",\"inLanguage\":\"de\",\"@id\":\"https:\\\/\\\/kanuracer.eu\\\/wp-content\\\/uploads\\\/2020\\\/08\\\/Logo_White_800.png\",\"url\":\"https:\\\/\\\/kanuracer.eu\\\/wp-content\\\/uploads\\\/2020\\\/08\\\/Logo_White_800.png\",\"contentUrl\":\"https:\\\/\\\/kanuracer.eu\\\/wp-content\\\/uploads\\\/2020\\\/08\\\/Logo_White_800.png\",\"width\":800,\"height\":800,\"caption\":\"kanuracer\"},\"logo\":{\"@id\":\"https:\\\/\\\/kanuracer.eu\\\/wp-content\\\/uploads\\\/2020\\\/08\\\/Logo_White_800.png\"},\"sameAs\":[\"https:\\\/\\\/kanuracer.eu\"]}]}<\/script>\n<!-- \/ Yoast SEO plugin. -->","yoast_head_json":{"title":"Ender 5 (Pro) Sprite Extruder Umbau - kanuracer","robots":{"index":"index","follow":"follow","max-snippet":"max-snippet:-1","max-image-preview":"max-image-preview:large","max-video-preview":"max-video-preview:-1"},"canonical":"https:\/\/kanuracer.eu\/index.php\/3d-druck\/ender-5-pro-sprite-extruder-umbau\/","og_locale":"de_DE","og_type":"article","og_title":"Ender 5 (Pro) Sprite Extruder Umbau - kanuracer","og_description":"Ihr seid auf der Suche nach einer Anleitung, wie ihr euren Ender 5 (Pro) auf den neuen Sprite Extruder umbauen k\u00f6nnt?Dann bist du hier genau richtig! Folgende Dinge werdet ihr brauchen:&#8211; Sprite-Extruder Pro Upgradekit &#8211; BL-Touch Sensor (Anschluss wie beim Sprite Extruder vorgesehen) &#8211; Hotend-Schlitten Erweiterung &#8211; Firmware &#8211; Adapter f\u00fcr Frontstrebe Zuerst m\u00fcsst ihr [&hellip;]","og_url":"https:\/\/kanuracer.eu\/index.php\/3d-druck\/ender-5-pro-sprite-extruder-umbau\/","og_site_name":"kanuracer","article_modified_time":"2025-02-15T17:29:04+00:00","og_image":[{"width":1024,"height":768,"url":"https:\/\/kanuracer.eu\/wp-content\/uploads\/2023\/04\/image-2-1024x768.png","type":"image\/png"}],"twitter_card":"summary_large_image","twitter_misc":{"Gesch\u00e4tzte Lesezeit":"3\u00a0Minuten"},"schema":{"@context":"https:\/\/schema.org","@graph":[{"@type":"WebPage","@id":"https:\/\/kanuracer.eu\/index.php\/3d-druck\/ender-5-pro-sprite-extruder-umbau\/","url":"https:\/\/kanuracer.eu\/index.php\/3d-druck\/ender-5-pro-sprite-extruder-umbau\/","name":"Ender 5 (Pro) Sprite Extruder Umbau - kanuracer","isPartOf":{"@id":"https:\/\/kanuracer.eu\/#website"},"primaryImageOfPage":{"@id":"https:\/\/kanuracer.eu\/index.php\/3d-druck\/ender-5-pro-sprite-extruder-umbau\/#primaryimage"},"image":{"@id":"https:\/\/kanuracer.eu\/index.php\/3d-druck\/ender-5-pro-sprite-extruder-umbau\/#primaryimage"},"thumbnailUrl":"https:\/\/kanuracer.eu\/wp-content\/uploads\/2023\/04\/image-2-1024x768.png","datePublished":"2023-04-29T19:52:17+00:00","dateModified":"2025-02-15T17:29:04+00:00","breadcrumb":{"@id":"https:\/\/kanuracer.eu\/index.php\/3d-druck\/ender-5-pro-sprite-extruder-umbau\/#breadcrumb"},"inLanguage":"de","potentialAction":[{"@type":"ReadAction","target":["https:\/\/kanuracer.eu\/index.php\/3d-druck\/ender-5-pro-sprite-extruder-umbau\/"]}]},{"@type":"ImageObject","inLanguage":"de","@id":"https:\/\/kanuracer.eu\/index.php\/3d-druck\/ender-5-pro-sprite-extruder-umbau\/#primaryimage","url":"https:\/\/kanuracer.eu\/wp-content\/uploads\/2023\/04\/image-2.png","contentUrl":"https:\/\/kanuracer.eu\/wp-content\/uploads\/2023\/04\/image-2.png","width":2048,"height":1536},{"@type":"BreadcrumbList","@id":"https:\/\/kanuracer.eu\/index.php\/3d-druck\/ender-5-pro-sprite-extruder-umbau\/#breadcrumb","itemListElement":[{"@type":"ListItem","position":1,"name":"Startseite","item":"https:\/\/kanuracer.eu\/"},{"@type":"ListItem","position":2,"name":"3D-Druck","item":"https:\/\/kanuracer.eu\/index.php\/3d-druck\/"},{"@type":"ListItem","position":3,"name":"Ender 5 (Pro) Sprite Extruder Umbau"}]},{"@type":"WebSite","@id":"https:\/\/kanuracer.eu\/#website","url":"https:\/\/kanuracer.eu\/","name":"kanuracer","description":"Games, IT &amp; More","publisher":{"@id":"https:\/\/kanuracer.eu\/#\/schema\/person\/44cfc12e4d1a361d50c29f61cae0617d"},"potentialAction":[{"@type":"SearchAction","target":{"@type":"EntryPoint","urlTemplate":"https:\/\/kanuracer.eu\/?s={search_term_string}"},"query-input":{"@type":"PropertyValueSpecification","valueRequired":true,"valueName":"search_term_string"}}],"inLanguage":"de"},{"@type":["Person","Organization"],"@id":"https:\/\/kanuracer.eu\/#\/schema\/person\/44cfc12e4d1a361d50c29f61cae0617d","name":"kanuracer","image":{"@type":"ImageObject","inLanguage":"de","@id":"https:\/\/kanuracer.eu\/wp-content\/uploads\/2020\/08\/Logo_White_800.png","url":"https:\/\/kanuracer.eu\/wp-content\/uploads\/2020\/08\/Logo_White_800.png","contentUrl":"https:\/\/kanuracer.eu\/wp-content\/uploads\/2020\/08\/Logo_White_800.png","width":800,"height":800,"caption":"kanuracer"},"logo":{"@id":"https:\/\/kanuracer.eu\/wp-content\/uploads\/2020\/08\/Logo_White_800.png"},"sameAs":["https:\/\/kanuracer.eu"]}]}},"_links":{"self":[{"href":"https:\/\/kanuracer.eu\/index.php\/wp-json\/wp\/v2\/pages\/534","targetHints":{"allow":["GET"]}}],"collection":[{"href":"https:\/\/kanuracer.eu\/index.php\/wp-json\/wp\/v2\/pages"}],"about":[{"href":"https:\/\/kanuracer.eu\/index.php\/wp-json\/wp\/v2\/types\/page"}],"author":[{"embeddable":true,"href":"https:\/\/kanuracer.eu\/index.php\/wp-json\/wp\/v2\/users\/1"}],"replies":[{"embeddable":true,"href":"https:\/\/kanuracer.eu\/index.php\/wp-json\/wp\/v2\/comments?post=534"}],"version-history":[{"count":15,"href":"https:\/\/kanuracer.eu\/index.php\/wp-json\/wp\/v2\/pages\/534\/revisions"}],"predecessor-version":[{"id":915,"href":"https:\/\/kanuracer.eu\/index.php\/wp-json\/wp\/v2\/pages\/534\/revisions\/915"}],"up":[{"embeddable":true,"href":"https:\/\/kanuracer.eu\/index.php\/wp-json\/wp\/v2\/pages\/305"}],"wp:attachment":[{"href":"https:\/\/kanuracer.eu\/index.php\/wp-json\/wp\/v2\/media?parent=534"}],"curies":[{"name":"wp","href":"https:\/\/api.w.org\/{rel}","templated":true}]}}