{"id":638,"date":"2023-06-28T17:42:49","date_gmt":"2023-06-28T15:42:49","guid":{"rendered":"https:\/\/kanuracer.eu\/?page_id=638"},"modified":"2023-07-16T15:17:27","modified_gmt":"2023-07-16T13:17:27","slug":"anwendung","status":"publish","type":"page","link":"https:\/\/kanuracer.eu\/index.php\/kr-wtkme\/anwendung\/","title":{"rendered":"Anwendung"},"content":{"rendered":"\n<figure class=\"wp-block-image size-full\"><img loading=\"lazy\" decoding=\"async\" width=\"732\" height=\"291\" src=\"https:\/\/kanuracer.eu\/wp-content\/uploads\/2023\/07\/KR-WTKME-Doku.png\" alt=\"\" class=\"wp-image-664\" srcset=\"https:\/\/kanuracer.eu\/wp-content\/uploads\/2023\/07\/KR-WTKME-Doku.png 732w, https:\/\/kanuracer.eu\/wp-content\/uploads\/2023\/07\/KR-WTKME-Doku-300x119.png 300w\" sizes=\"auto, (max-width: 732px) 100vw, 732px\" \/><\/figure>\n\n\n\n<ol class=\"wp-block-list\">\n<li>Einstellungen \u00f6ffnen<\/li>\n\n\n\n<li>Sprache ausw\u00e4hlen<\/li>\n\n\n\n<li>Speichern &amp; Anwendung neu starten<\/li>\n\n\n\n<li>W\u00e4hlt das Spieleverzeichnis von WarThunder aus<\/li>\n\n\n\n<li>Aktiviert die WarThunder Debug Funktion, Startet WarThunder und beendet es wieder<\/li>\n\n\n\n<li>Tragt eure Custom Kill Messages ein<\/li>\n\n\n\n<li>Klickt auf Speichern<\/li>\n\n\n\n<li>Fangt an zu Zocken \ud83d\ude42<\/li>\n<\/ol>\n\n\n\n<p>Es kann bei WarThunder Updates passieren, dass neue Texte ins Spiel eingef\u00fcgt werden. Diese werden leider nicht mit in die menu.csv geschrieben. Sollte das mal der Fall sein, m\u00fcsst ihr einfach nur den Update-Button klicken, War Thunder starten &amp; wieder beenden und anschlie\u00dfend auf Speichern klicken.<\/p>\n","protected":false},"excerpt":{"rendered":"<p>Es kann bei WarThunder Updates passieren, dass neue Texte ins Spiel eingef\u00fcgt werden. Diese werden leider nicht mit in die menu.csv geschrieben. Sollte das mal der Fall sein, m\u00fcsst ihr einfach nur den Update-Button klicken, War Thunder starten &amp; wieder beenden und anschlie\u00dfend auf Speichern klicken.<\/p>\n","protected":false},"author":1,"featured_media":0,"parent":625,"menu_order":0,"comment_status":"closed","ping_status":"closed","template":"","meta":{"footnotes":""},"class_list":["post-638","page","type-page","status-publish","hentry"],"yoast_head":"<!-- This site is optimized with the Yoast SEO plugin v27.5 - https:\/\/yoast.com\/product\/yoast-seo-wordpress\/ -->\n<title>Anwendung - kanuracer<\/title>\n<meta name=\"robots\" content=\"index, follow, max-snippet:-1, max-image-preview:large, max-video-preview:-1\" \/>\n<link rel=\"canonical\" href=\"https:\/\/kanuracer.eu\/index.php\/kr-wtkme\/anwendung\/\" \/>\n<meta property=\"og:locale\" content=\"de_DE\" \/>\n<meta property=\"og:type\" content=\"article\" \/>\n<meta property=\"og:title\" content=\"Anwendung - kanuracer\" \/>\n<meta property=\"og:description\" content=\"Es kann bei WarThunder Updates passieren, dass neue Texte ins Spiel eingef\u00fcgt werden. Diese werden leider nicht mit in die menu.csv geschrieben. Sollte das mal der Fall sein, m\u00fcsst ihr einfach nur den Update-Button klicken, War Thunder starten &amp; wieder beenden und anschlie\u00dfend auf Speichern klicken.\" \/>\n<meta property=\"og:url\" content=\"https:\/\/kanuracer.eu\/index.php\/kr-wtkme\/anwendung\/\" \/>\n<meta property=\"og:site_name\" content=\"kanuracer\" \/>\n<meta property=\"article:modified_time\" content=\"2023-07-16T13:17:27+00:00\" \/>\n<meta property=\"og:image\" content=\"https:\/\/kanuracer.eu\/wp-content\/uploads\/2023\/07\/KR-WTKME-Doku.png\" \/>\n<meta name=\"twitter:card\" content=\"summary_large_image\" \/>\n<meta name=\"twitter:label1\" content=\"Gesch\u00e4tzte Lesezeit\" \/>\n\t<meta name=\"twitter:data1\" content=\"1\u00a0Minute\" \/>\n<script type=\"application\/ld+json\" class=\"yoast-schema-graph\">{\"@context\":\"https:\\\/\\\/schema.org\",\"@graph\":[{\"@type\":\"WebPage\",\"@id\":\"https:\\\/\\\/kanuracer.eu\\\/index.php\\\/kr-wtkme\\\/anwendung\\\/\",\"url\":\"https:\\\/\\\/kanuracer.eu\\\/index.php\\\/kr-wtkme\\\/anwendung\\\/\",\"name\":\"Anwendung - kanuracer\",\"isPartOf\":{\"@id\":\"https:\\\/\\\/kanuracer.eu\\\/#website\"},\"primaryImageOfPage\":{\"@id\":\"https:\\\/\\\/kanuracer.eu\\\/index.php\\\/kr-wtkme\\\/anwendung\\\/#primaryimage\"},\"image\":{\"@id\":\"https:\\\/\\\/kanuracer.eu\\\/index.php\\\/kr-wtkme\\\/anwendung\\\/#primaryimage\"},\"thumbnailUrl\":\"https:\\\/\\\/kanuracer.eu\\\/wp-content\\\/uploads\\\/2023\\\/07\\\/KR-WTKME-Doku.png\",\"datePublished\":\"2023-06-28T15:42:49+00:00\",\"dateModified\":\"2023-07-16T13:17:27+00:00\",\"breadcrumb\":{\"@id\":\"https:\\\/\\\/kanuracer.eu\\\/index.php\\\/kr-wtkme\\\/anwendung\\\/#breadcrumb\"},\"inLanguage\":\"de\",\"potentialAction\":[{\"@type\":\"ReadAction\",\"target\":[\"https:\\\/\\\/kanuracer.eu\\\/index.php\\\/kr-wtkme\\\/anwendung\\\/\"]}]},{\"@type\":\"ImageObject\",\"inLanguage\":\"de\",\"@id\":\"https:\\\/\\\/kanuracer.eu\\\/index.php\\\/kr-wtkme\\\/anwendung\\\/#primaryimage\",\"url\":\"https:\\\/\\\/kanuracer.eu\\\/wp-content\\\/uploads\\\/2023\\\/07\\\/KR-WTKME-Doku.png\",\"contentUrl\":\"https:\\\/\\\/kanuracer.eu\\\/wp-content\\\/uploads\\\/2023\\\/07\\\/KR-WTKME-Doku.png\",\"width\":732,\"height\":291},{\"@type\":\"BreadcrumbList\",\"@id\":\"https:\\\/\\\/kanuracer.eu\\\/index.php\\\/kr-wtkme\\\/anwendung\\\/#breadcrumb\",\"itemListElement\":[{\"@type\":\"ListItem\",\"position\":1,\"name\":\"Startseite\",\"item\":\"https:\\\/\\\/kanuracer.eu\\\/\"},{\"@type\":\"ListItem\",\"position\":2,\"name\":\"KR-WTKME\",\"item\":\"https:\\\/\\\/kanuracer.eu\\\/index.php\\\/kr-wtkme\\\/\"},{\"@type\":\"ListItem\",\"position\":3,\"name\":\"Anwendung\"}]},{\"@type\":\"WebSite\",\"@id\":\"https:\\\/\\\/kanuracer.eu\\\/#website\",\"url\":\"https:\\\/\\\/kanuracer.eu\\\/\",\"name\":\"kanuracer\",\"description\":\"Games, IT &amp; More\",\"publisher\":{\"@id\":\"https:\\\/\\\/kanuracer.eu\\\/#\\\/schema\\\/person\\\/44cfc12e4d1a361d50c29f61cae0617d\"},\"potentialAction\":[{\"@type\":\"SearchAction\",\"target\":{\"@type\":\"EntryPoint\",\"urlTemplate\":\"https:\\\/\\\/kanuracer.eu\\\/?s={search_term_string}\"},\"query-input\":{\"@type\":\"PropertyValueSpecification\",\"valueRequired\":true,\"valueName\":\"search_term_string\"}}],\"inLanguage\":\"de\"},{\"@type\":[\"Person\",\"Organization\"],\"@id\":\"https:\\\/\\\/kanuracer.eu\\\/#\\\/schema\\\/person\\\/44cfc12e4d1a361d50c29f61cae0617d\",\"name\":\"kanuracer\",\"image\":{\"@type\":\"ImageObject\",\"inLanguage\":\"de\",\"@id\":\"https:\\\/\\\/kanuracer.eu\\\/wp-content\\\/uploads\\\/2020\\\/08\\\/Logo_White_800.png\",\"url\":\"https:\\\/\\\/kanuracer.eu\\\/wp-content\\\/uploads\\\/2020\\\/08\\\/Logo_White_800.png\",\"contentUrl\":\"https:\\\/\\\/kanuracer.eu\\\/wp-content\\\/uploads\\\/2020\\\/08\\\/Logo_White_800.png\",\"width\":800,\"height\":800,\"caption\":\"kanuracer\"},\"logo\":{\"@id\":\"https:\\\/\\\/kanuracer.eu\\\/wp-content\\\/uploads\\\/2020\\\/08\\\/Logo_White_800.png\"},\"sameAs\":[\"https:\\\/\\\/kanuracer.eu\"]}]}<\/script>\n<!-- \/ Yoast SEO plugin. -->","yoast_head_json":{"title":"Anwendung - kanuracer","robots":{"index":"index","follow":"follow","max-snippet":"max-snippet:-1","max-image-preview":"max-image-preview:large","max-video-preview":"max-video-preview:-1"},"canonical":"https:\/\/kanuracer.eu\/index.php\/kr-wtkme\/anwendung\/","og_locale":"de_DE","og_type":"article","og_title":"Anwendung - kanuracer","og_description":"Es kann bei WarThunder Updates passieren, dass neue Texte ins Spiel eingef\u00fcgt werden. Diese werden leider nicht mit in die menu.csv geschrieben. Sollte das mal der Fall sein, m\u00fcsst ihr einfach nur den Update-Button klicken, War Thunder starten &amp; wieder beenden und anschlie\u00dfend auf Speichern klicken.","og_url":"https:\/\/kanuracer.eu\/index.php\/kr-wtkme\/anwendung\/","og_site_name":"kanuracer","article_modified_time":"2023-07-16T13:17:27+00:00","og_image":[{"url":"https:\/\/kanuracer.eu\/wp-content\/uploads\/2023\/07\/KR-WTKME-Doku.png","type":"","width":"","height":""}],"twitter_card":"summary_large_image","twitter_misc":{"Gesch\u00e4tzte Lesezeit":"1\u00a0Minute"},"schema":{"@context":"https:\/\/schema.org","@graph":[{"@type":"WebPage","@id":"https:\/\/kanuracer.eu\/index.php\/kr-wtkme\/anwendung\/","url":"https:\/\/kanuracer.eu\/index.php\/kr-wtkme\/anwendung\/","name":"Anwendung - kanuracer","isPartOf":{"@id":"https:\/\/kanuracer.eu\/#website"},"primaryImageOfPage":{"@id":"https:\/\/kanuracer.eu\/index.php\/kr-wtkme\/anwendung\/#primaryimage"},"image":{"@id":"https:\/\/kanuracer.eu\/index.php\/kr-wtkme\/anwendung\/#primaryimage"},"thumbnailUrl":"https:\/\/kanuracer.eu\/wp-content\/uploads\/2023\/07\/KR-WTKME-Doku.png","datePublished":"2023-06-28T15:42:49+00:00","dateModified":"2023-07-16T13:17:27+00:00","breadcrumb":{"@id":"https:\/\/kanuracer.eu\/index.php\/kr-wtkme\/anwendung\/#breadcrumb"},"inLanguage":"de","potentialAction":[{"@type":"ReadAction","target":["https:\/\/kanuracer.eu\/index.php\/kr-wtkme\/anwendung\/"]}]},{"@type":"ImageObject","inLanguage":"de","@id":"https:\/\/kanuracer.eu\/index.php\/kr-wtkme\/anwendung\/#primaryimage","url":"https:\/\/kanuracer.eu\/wp-content\/uploads\/2023\/07\/KR-WTKME-Doku.png","contentUrl":"https:\/\/kanuracer.eu\/wp-content\/uploads\/2023\/07\/KR-WTKME-Doku.png","width":732,"height":291},{"@type":"BreadcrumbList","@id":"https:\/\/kanuracer.eu\/index.php\/kr-wtkme\/anwendung\/#breadcrumb","itemListElement":[{"@type":"ListItem","position":1,"name":"Startseite","item":"https:\/\/kanuracer.eu\/"},{"@type":"ListItem","position":2,"name":"KR-WTKME","item":"https:\/\/kanuracer.eu\/index.php\/kr-wtkme\/"},{"@type":"ListItem","position":3,"name":"Anwendung"}]},{"@type":"WebSite","@id":"https:\/\/kanuracer.eu\/#website","url":"https:\/\/kanuracer.eu\/","name":"kanuracer","description":"Games, IT &amp; More","publisher":{"@id":"https:\/\/kanuracer.eu\/#\/schema\/person\/44cfc12e4d1a361d50c29f61cae0617d"},"potentialAction":[{"@type":"SearchAction","target":{"@type":"EntryPoint","urlTemplate":"https:\/\/kanuracer.eu\/?s={search_term_string}"},"query-input":{"@type":"PropertyValueSpecification","valueRequired":true,"valueName":"search_term_string"}}],"inLanguage":"de"},{"@type":["Person","Organization"],"@id":"https:\/\/kanuracer.eu\/#\/schema\/person\/44cfc12e4d1a361d50c29f61cae0617d","name":"kanuracer","image":{"@type":"ImageObject","inLanguage":"de","@id":"https:\/\/kanuracer.eu\/wp-content\/uploads\/2020\/08\/Logo_White_800.png","url":"https:\/\/kanuracer.eu\/wp-content\/uploads\/2020\/08\/Logo_White_800.png","contentUrl":"https:\/\/kanuracer.eu\/wp-content\/uploads\/2020\/08\/Logo_White_800.png","width":800,"height":800,"caption":"kanuracer"},"logo":{"@id":"https:\/\/kanuracer.eu\/wp-content\/uploads\/2020\/08\/Logo_White_800.png"},"sameAs":["https:\/\/kanuracer.eu"]}]}},"_links":{"self":[{"href":"https:\/\/kanuracer.eu\/index.php\/wp-json\/wp\/v2\/pages\/638","targetHints":{"allow":["GET"]}}],"collection":[{"href":"https:\/\/kanuracer.eu\/index.php\/wp-json\/wp\/v2\/pages"}],"about":[{"href":"https:\/\/kanuracer.eu\/index.php\/wp-json\/wp\/v2\/types\/page"}],"author":[{"embeddable":true,"href":"https:\/\/kanuracer.eu\/index.php\/wp-json\/wp\/v2\/users\/1"}],"replies":[{"embeddable":true,"href":"https:\/\/kanuracer.eu\/index.php\/wp-json\/wp\/v2\/comments?post=638"}],"version-history":[{"count":3,"href":"https:\/\/kanuracer.eu\/index.php\/wp-json\/wp\/v2\/pages\/638\/revisions"}],"predecessor-version":[{"id":666,"href":"https:\/\/kanuracer.eu\/index.php\/wp-json\/wp\/v2\/pages\/638\/revisions\/666"}],"up":[{"embeddable":true,"href":"https:\/\/kanuracer.eu\/index.php\/wp-json\/wp\/v2\/pages\/625"}],"wp:attachment":[{"href":"https:\/\/kanuracer.eu\/index.php\/wp-json\/wp\/v2\/media?parent=638"}],"curies":[{"name":"wp","href":"https:\/\/api.w.org\/{rel}","templated":true}]}}