{"id":91,"date":"2020-08-20T22:00:04","date_gmt":"2020-08-20T20:00:04","guid":{"rendered":"https:\/\/kanuracer.eu\/?page_id=91"},"modified":"2025-08-04T08:20:30","modified_gmt":"2025-08-04T06:20:30","slug":"curl-installieren","status":"publish","type":"page","link":"https:\/\/kanuracer.eu\/index.php\/windows\/curl-installieren\/","title":{"rendered":"cURL Installieren"},"content":{"rendered":"\n<p>Downloade <code><a href=\"https:\/\/download.kanuracer.eu\/curl.zip\" target=\"_blank\" rel=\"noreferrer noopener\">https:\/\/curl.se\/download.html<\/a><\/code><\/p>\n\n\n\n<p>Entpacke die Zip und verschiebe den Ordner in das Systemverzeichnis:<\/p>\n\n\n\n<p><code>C:\\Windows\\System32\\<\/code><\/p>\n\n\n\n<p>\u00d6ffne nun das Startmen\u00fc und tippe dort &#8222;Systemumgebungsvariablen bearbeiten&#8220; ein.<\/p>\n\n\n\n<figure class=\"wp-block-image size-large\"><img loading=\"lazy\" decoding=\"async\" width=\"411\" height=\"468\" src=\"https:\/\/kanuracer.eu\/wp-content\/uploads\/2020\/08\/image.png\" alt=\"Systemeigenschaften \nComputemame Hardware Computemchutz Remote \nSie m\u00fcssen als Administrator angemeldet sein um diese Anderungen \ndurchf\u00fchren zu k\u00f6nnen \nLeistung \nVisuelle *fekte. Pmzessorzeitplanung Spechemutzung und virtueller \nSpe cher \nEnstellungen \nBenut zerprofile \nDesktopeinstellungen bez\u00fcglich der Anmeldung \nEn stellungen \nStarten und Wiederherstellen \nSystemstart Systemfehler und Debuginfomationen \nEnstellungen \nUmgebungsvahablen \" class=\"wp-image-92\" srcset=\"https:\/\/kanuracer.eu\/wp-content\/uploads\/2020\/08\/image.png 411w, https:\/\/kanuracer.eu\/wp-content\/uploads\/2020\/08\/image-263x300.png 263w\" sizes=\"auto, (max-width: 411px) 100vw, 411px\" \/><\/figure>\n\n\n\n<p>Klicke auf Umgebungsvariablen und es \u00f6ffnet sich ein neues Fenster<\/p>\n\n\n\n<p>Suche nun nach dem Reiter &#8222;Path&#8220; und klicke ihn doppelt an.<\/p>\n\n\n\n<p>Es \u00f6ffnet sich nun ein weiteres Fenster. Klicke nun rechts auf &#8222;Neu&#8220; und gib den Pfad von cURL.exe an.<\/p>\n\n\n\n<figure class=\"wp-block-image size-large\"><img loading=\"lazy\" decoding=\"async\" width=\"617\" height=\"585\" src=\"https:\/\/kanuracer.eu\/wp-content\/uploads\/2020\/08\/umgebungsvariablen.png\" alt=\"\" class=\"wp-image-93\" srcset=\"https:\/\/kanuracer.eu\/wp-content\/uploads\/2020\/08\/umgebungsvariablen.png 617w, https:\/\/kanuracer.eu\/wp-content\/uploads\/2020\/08\/umgebungsvariablen-300x284.png 300w\" sizes=\"auto, (max-width: 617px) 100vw, 617px\" \/><\/figure>\n\n\n\n<p><code>C:\\Windows\\System32\\curl\\bin<\/code><\/p>\n\n\n\n<p>Best\u00e4tige anschlie\u00dfend mit &#8222;OK&#8220;.<\/p>\n\n\n\n<p><em>Zuletzt gepr\u00fcft und bearbeitet: <span class=\"last-modified-timestamp\">Aug. 4, 2025 @ 8:20<\/span><\/em><\/p>\n","protected":false},"excerpt":{"rendered":"<p>Downloade https:\/\/curl.se\/download.html Entpacke die Zip und verschiebe den Ordner in das Systemverzeichnis: C:\\Windows\\System32\\ \u00d6ffne nun das Startmen\u00fc und tippe dort &#8222;Systemumgebungsvariablen bearbeiten&#8220; ein. Klicke auf Umgebungsvariablen und es \u00f6ffnet sich ein neues Fenster Suche nun nach dem Reiter &#8222;Path&#8220; und klicke ihn doppelt an. Es \u00f6ffnet sich nun ein weiteres Fenster. Klicke nun rechts auf [&hellip;]<\/p>\n","protected":false},"author":1,"featured_media":0,"parent":26,"menu_order":0,"comment_status":"closed","ping_status":"closed","template":"","meta":{"footnotes":""},"class_list":["post-91","page","type-page","status-publish","hentry"],"yoast_head":"<!-- This site is optimized with the Yoast SEO plugin v27.5 - https:\/\/yoast.com\/product\/yoast-seo-wordpress\/ -->\n<title>cURL Installieren - kanuracer<\/title>\n<meta name=\"robots\" content=\"index, follow, max-snippet:-1, max-image-preview:large, max-video-preview:-1\" \/>\n<link rel=\"canonical\" href=\"https:\/\/kanuracer.eu\/index.php\/windows\/curl-installieren\/\" \/>\n<meta property=\"og:locale\" content=\"de_DE\" \/>\n<meta property=\"og:type\" content=\"article\" \/>\n<meta property=\"og:title\" content=\"cURL Installieren - kanuracer\" \/>\n<meta property=\"og:description\" content=\"Downloade https:\/\/curl.se\/download.html Entpacke die Zip und verschiebe den Ordner in das Systemverzeichnis: C:WindowsSystem32 \u00d6ffne nun das Startmen\u00fc und tippe dort &#8222;Systemumgebungsvariablen bearbeiten&#8220; ein. Klicke auf Umgebungsvariablen und es \u00f6ffnet sich ein neues Fenster Suche nun nach dem Reiter &#8222;Path&#8220; und klicke ihn doppelt an. Es \u00f6ffnet sich nun ein weiteres Fenster. Klicke nun rechts auf [&hellip;]\" \/>\n<meta property=\"og:url\" content=\"https:\/\/kanuracer.eu\/index.php\/windows\/curl-installieren\/\" \/>\n<meta property=\"og:site_name\" content=\"kanuracer\" \/>\n<meta property=\"article:modified_time\" content=\"2025-08-04T06:20:30+00:00\" \/>\n<meta property=\"og:image\" content=\"https:\/\/kanuracer.eu\/wp-content\/uploads\/2020\/08\/image.png\" \/>\n\t<meta property=\"og:image:width\" content=\"411\" \/>\n\t<meta property=\"og:image:height\" content=\"468\" \/>\n\t<meta property=\"og:image:type\" content=\"image\/png\" \/>\n<meta name=\"twitter:card\" content=\"summary_large_image\" \/>\n<meta name=\"twitter:label1\" content=\"Gesch\u00e4tzte Lesezeit\" \/>\n\t<meta name=\"twitter:data1\" content=\"1\u00a0Minute\" \/>\n<script type=\"application\/ld+json\" class=\"yoast-schema-graph\">{\"@context\":\"https:\\\/\\\/schema.org\",\"@graph\":[{\"@type\":\"WebPage\",\"@id\":\"https:\\\/\\\/kanuracer.eu\\\/index.php\\\/windows\\\/curl-installieren\\\/\",\"url\":\"https:\\\/\\\/kanuracer.eu\\\/index.php\\\/windows\\\/curl-installieren\\\/\",\"name\":\"cURL Installieren - kanuracer\",\"isPartOf\":{\"@id\":\"https:\\\/\\\/kanuracer.eu\\\/#website\"},\"primaryImageOfPage\":{\"@id\":\"https:\\\/\\\/kanuracer.eu\\\/index.php\\\/windows\\\/curl-installieren\\\/#primaryimage\"},\"image\":{\"@id\":\"https:\\\/\\\/kanuracer.eu\\\/index.php\\\/windows\\\/curl-installieren\\\/#primaryimage\"},\"thumbnailUrl\":\"https:\\\/\\\/kanuracer.eu\\\/wp-content\\\/uploads\\\/2020\\\/08\\\/image.png\",\"datePublished\":\"2020-08-20T20:00:04+00:00\",\"dateModified\":\"2025-08-04T06:20:30+00:00\",\"breadcrumb\":{\"@id\":\"https:\\\/\\\/kanuracer.eu\\\/index.php\\\/windows\\\/curl-installieren\\\/#breadcrumb\"},\"inLanguage\":\"de\",\"potentialAction\":[{\"@type\":\"ReadAction\",\"target\":[\"https:\\\/\\\/kanuracer.eu\\\/index.php\\\/windows\\\/curl-installieren\\\/\"]}]},{\"@type\":\"ImageObject\",\"inLanguage\":\"de\",\"@id\":\"https:\\\/\\\/kanuracer.eu\\\/index.php\\\/windows\\\/curl-installieren\\\/#primaryimage\",\"url\":\"https:\\\/\\\/kanuracer.eu\\\/wp-content\\\/uploads\\\/2020\\\/08\\\/image.png\",\"contentUrl\":\"https:\\\/\\\/kanuracer.eu\\\/wp-content\\\/uploads\\\/2020\\\/08\\\/image.png\",\"width\":411,\"height\":468},{\"@type\":\"BreadcrumbList\",\"@id\":\"https:\\\/\\\/kanuracer.eu\\\/index.php\\\/windows\\\/curl-installieren\\\/#breadcrumb\",\"itemListElement\":[{\"@type\":\"ListItem\",\"position\":1,\"name\":\"Startseite\",\"item\":\"https:\\\/\\\/kanuracer.eu\\\/\"},{\"@type\":\"ListItem\",\"position\":2,\"name\":\"Windows\",\"item\":\"https:\\\/\\\/kanuracer.eu\\\/index.php\\\/windows\\\/\"},{\"@type\":\"ListItem\",\"position\":3,\"name\":\"cURL Installieren\"}]},{\"@type\":\"WebSite\",\"@id\":\"https:\\\/\\\/kanuracer.eu\\\/#website\",\"url\":\"https:\\\/\\\/kanuracer.eu\\\/\",\"name\":\"kanuracer\",\"description\":\"Games, IT &amp; More\",\"publisher\":{\"@id\":\"https:\\\/\\\/kanuracer.eu\\\/#\\\/schema\\\/person\\\/44cfc12e4d1a361d50c29f61cae0617d\"},\"potentialAction\":[{\"@type\":\"SearchAction\",\"target\":{\"@type\":\"EntryPoint\",\"urlTemplate\":\"https:\\\/\\\/kanuracer.eu\\\/?s={search_term_string}\"},\"query-input\":{\"@type\":\"PropertyValueSpecification\",\"valueRequired\":true,\"valueName\":\"search_term_string\"}}],\"inLanguage\":\"de\"},{\"@type\":[\"Person\",\"Organization\"],\"@id\":\"https:\\\/\\\/kanuracer.eu\\\/#\\\/schema\\\/person\\\/44cfc12e4d1a361d50c29f61cae0617d\",\"name\":\"kanuracer\",\"image\":{\"@type\":\"ImageObject\",\"inLanguage\":\"de\",\"@id\":\"https:\\\/\\\/kanuracer.eu\\\/wp-content\\\/uploads\\\/2020\\\/08\\\/Logo_White_800.png\",\"url\":\"https:\\\/\\\/kanuracer.eu\\\/wp-content\\\/uploads\\\/2020\\\/08\\\/Logo_White_800.png\",\"contentUrl\":\"https:\\\/\\\/kanuracer.eu\\\/wp-content\\\/uploads\\\/2020\\\/08\\\/Logo_White_800.png\",\"width\":800,\"height\":800,\"caption\":\"kanuracer\"},\"logo\":{\"@id\":\"https:\\\/\\\/kanuracer.eu\\\/wp-content\\\/uploads\\\/2020\\\/08\\\/Logo_White_800.png\"},\"sameAs\":[\"https:\\\/\\\/kanuracer.eu\"]}]}<\/script>\n<!-- \/ Yoast SEO plugin. -->","yoast_head_json":{"title":"cURL Installieren - kanuracer","robots":{"index":"index","follow":"follow","max-snippet":"max-snippet:-1","max-image-preview":"max-image-preview:large","max-video-preview":"max-video-preview:-1"},"canonical":"https:\/\/kanuracer.eu\/index.php\/windows\/curl-installieren\/","og_locale":"de_DE","og_type":"article","og_title":"cURL Installieren - kanuracer","og_description":"Downloade https:\/\/curl.se\/download.html Entpacke die Zip und verschiebe den Ordner in das Systemverzeichnis: C:WindowsSystem32 \u00d6ffne nun das Startmen\u00fc und tippe dort &#8222;Systemumgebungsvariablen bearbeiten&#8220; ein. Klicke auf Umgebungsvariablen und es \u00f6ffnet sich ein neues Fenster Suche nun nach dem Reiter &#8222;Path&#8220; und klicke ihn doppelt an. Es \u00f6ffnet sich nun ein weiteres Fenster. Klicke nun rechts auf [&hellip;]","og_url":"https:\/\/kanuracer.eu\/index.php\/windows\/curl-installieren\/","og_site_name":"kanuracer","article_modified_time":"2025-08-04T06:20:30+00:00","og_image":[{"width":411,"height":468,"url":"https:\/\/kanuracer.eu\/wp-content\/uploads\/2020\/08\/image.png","type":"image\/png"}],"twitter_card":"summary_large_image","twitter_misc":{"Gesch\u00e4tzte Lesezeit":"1\u00a0Minute"},"schema":{"@context":"https:\/\/schema.org","@graph":[{"@type":"WebPage","@id":"https:\/\/kanuracer.eu\/index.php\/windows\/curl-installieren\/","url":"https:\/\/kanuracer.eu\/index.php\/windows\/curl-installieren\/","name":"cURL Installieren - kanuracer","isPartOf":{"@id":"https:\/\/kanuracer.eu\/#website"},"primaryImageOfPage":{"@id":"https:\/\/kanuracer.eu\/index.php\/windows\/curl-installieren\/#primaryimage"},"image":{"@id":"https:\/\/kanuracer.eu\/index.php\/windows\/curl-installieren\/#primaryimage"},"thumbnailUrl":"https:\/\/kanuracer.eu\/wp-content\/uploads\/2020\/08\/image.png","datePublished":"2020-08-20T20:00:04+00:00","dateModified":"2025-08-04T06:20:30+00:00","breadcrumb":{"@id":"https:\/\/kanuracer.eu\/index.php\/windows\/curl-installieren\/#breadcrumb"},"inLanguage":"de","potentialAction":[{"@type":"ReadAction","target":["https:\/\/kanuracer.eu\/index.php\/windows\/curl-installieren\/"]}]},{"@type":"ImageObject","inLanguage":"de","@id":"https:\/\/kanuracer.eu\/index.php\/windows\/curl-installieren\/#primaryimage","url":"https:\/\/kanuracer.eu\/wp-content\/uploads\/2020\/08\/image.png","contentUrl":"https:\/\/kanuracer.eu\/wp-content\/uploads\/2020\/08\/image.png","width":411,"height":468},{"@type":"BreadcrumbList","@id":"https:\/\/kanuracer.eu\/index.php\/windows\/curl-installieren\/#breadcrumb","itemListElement":[{"@type":"ListItem","position":1,"name":"Startseite","item":"https:\/\/kanuracer.eu\/"},{"@type":"ListItem","position":2,"name":"Windows","item":"https:\/\/kanuracer.eu\/index.php\/windows\/"},{"@type":"ListItem","position":3,"name":"cURL Installieren"}]},{"@type":"WebSite","@id":"https:\/\/kanuracer.eu\/#website","url":"https:\/\/kanuracer.eu\/","name":"kanuracer","description":"Games, IT &amp; More","publisher":{"@id":"https:\/\/kanuracer.eu\/#\/schema\/person\/44cfc12e4d1a361d50c29f61cae0617d"},"potentialAction":[{"@type":"SearchAction","target":{"@type":"EntryPoint","urlTemplate":"https:\/\/kanuracer.eu\/?s={search_term_string}"},"query-input":{"@type":"PropertyValueSpecification","valueRequired":true,"valueName":"search_term_string"}}],"inLanguage":"de"},{"@type":["Person","Organization"],"@id":"https:\/\/kanuracer.eu\/#\/schema\/person\/44cfc12e4d1a361d50c29f61cae0617d","name":"kanuracer","image":{"@type":"ImageObject","inLanguage":"de","@id":"https:\/\/kanuracer.eu\/wp-content\/uploads\/2020\/08\/Logo_White_800.png","url":"https:\/\/kanuracer.eu\/wp-content\/uploads\/2020\/08\/Logo_White_800.png","contentUrl":"https:\/\/kanuracer.eu\/wp-content\/uploads\/2020\/08\/Logo_White_800.png","width":800,"height":800,"caption":"kanuracer"},"logo":{"@id":"https:\/\/kanuracer.eu\/wp-content\/uploads\/2020\/08\/Logo_White_800.png"},"sameAs":["https:\/\/kanuracer.eu"]}]}},"_links":{"self":[{"href":"https:\/\/kanuracer.eu\/index.php\/wp-json\/wp\/v2\/pages\/91","targetHints":{"allow":["GET"]}}],"collection":[{"href":"https:\/\/kanuracer.eu\/index.php\/wp-json\/wp\/v2\/pages"}],"about":[{"href":"https:\/\/kanuracer.eu\/index.php\/wp-json\/wp\/v2\/types\/page"}],"author":[{"embeddable":true,"href":"https:\/\/kanuracer.eu\/index.php\/wp-json\/wp\/v2\/users\/1"}],"replies":[{"embeddable":true,"href":"https:\/\/kanuracer.eu\/index.php\/wp-json\/wp\/v2\/comments?post=91"}],"version-history":[{"count":6,"href":"https:\/\/kanuracer.eu\/index.php\/wp-json\/wp\/v2\/pages\/91\/revisions"}],"predecessor-version":[{"id":988,"href":"https:\/\/kanuracer.eu\/index.php\/wp-json\/wp\/v2\/pages\/91\/revisions\/988"}],"up":[{"embeddable":true,"href":"https:\/\/kanuracer.eu\/index.php\/wp-json\/wp\/v2\/pages\/26"}],"wp:attachment":[{"href":"https:\/\/kanuracer.eu\/index.php\/wp-json\/wp\/v2\/media?parent=91"}],"curies":[{"name":"wp","href":"https:\/\/api.w.org\/{rel}","templated":true}]}}